{"id":37062,"date":"2026-03-10T23:17:06","date_gmt":"2026-03-10T23:17:06","guid":{"rendered":"https:\/\/racefinder.pt\/?post_type=product&#038;p=37062"},"modified":"2026-03-11T11:15:20","modified_gmt":"2026-03-11T11:15:20","slug":"taca-intermunicipal-3h-resistencia-btt-2026-amadora","status":"publish","type":"product","link":"https:\/\/racefinder.pt\/pt\/event\/taca-intermunicipal-3h-resistencia-btt-2026-amadora\/","title":{"rendered":"TA\u00c7A INTERMUNICIPAL 3H RESIST\u00caNCIA BTT 2026 &#8211; AMADORA"},"content":{"rendered":"","protected":false},"excerpt":{"rendered":"","protected":false},"featured_media":37156,"comment_status":"open","ping_status":"closed","template":"","meta":{"_acf_changed":false,"footnotes":""},"product_brand":[],"product_cat":[2905,1966,130,193,214],"product_tag":[],"class_list":{"0":"post-37062","1":"product","2":"type-product","3":"status-publish","4":"has-post-thumbnail","6":"product_cat-jovens-pt-3","7":"product_cat-kids-pt-3","8":"product_cat-ciclismo","9":"product_cat-btt-pt-2","10":"product_cat-e-bike-pt","12":"first","13":"instock","14":"shipping-taxable","15":"purchasable","16":"product-type-variable"},"acf":{"event_location_text":"Amaradora, Lisboa","event_short_description":"<p>A Ta\u00e7a Intermunicipal 3H Resist\u00eancia BTT \u00e9 uma s\u00e9rie de provas de resist\u00eancia em BTT realizadas em seis eventos nos munic\u00edpios de Alenquer, Loures, Mafra, Oeiras, Amadora e Lisboa. A edi\u00e7\u00e3o de 2026 aceita participantes a partir dos 5 anos, com categorias para juniores, adultos, masters e bicicletas el\u00e9tricas.<\/p>\n<p>As provas decorrem em circuitos com cerca de 4 a 7 km para as provas de resist\u00eancia de 3 horas e 1 a 3 km para as provas juvenis, com dist\u00e2ncias espec\u00edficas mais curtas para as categorias mais jovens. A competi\u00e7\u00e3o \u00e9 aberta a atletas federados e n\u00e3o federados, promovendo um ambiente competitivo amador inclusivo.<\/p>\n<p>Paralelamente \u00e0s provas de resist\u00eancia, realizam-se provas juvenis no mesmo dia, proporcionando um evento completo para todas as idades. A s\u00e9rie atribui pontos e pr\u00e9mios por categorias, culminando numa cerim\u00f3nia final de trof\u00e9us para os melhores classificados.<\/p>\n","organizer_description":"<p><strong><a class=\"\" href=\"https:\/\/assets.apedalar.pt\/media\/9013\/69aefc8bd8be2_regulamento_taca.pdf\" target=\"_new\" rel=\"noopener\">Regulamento \u2197<\/a><\/strong><\/p>\n<p><strong>Escal\u00f5es\/categorias:<\/strong><br \/>\n\u2022 Pupilos\/Sub-7 (2020-2021)<br \/>\n\u2022 Benjamins\/Sub-9 (2018-2019)<br \/>\n\u2022 Iniciados\/Sub-11 (2016-2017)<br \/>\n\u2022 Infantis\/Sub-13 (2014-2015)<br \/>\n\u2022 Juvenis\/Sub-15 (2012-2013)<br \/>\n\u2022 Cadetes\/Sub-17 (2010-2011)<br \/>\n\u2022 Juniores\/Sub-19 (2008-2009)<br \/>\n\u2022 Sub-23 (2004-2007)<br \/>\n\u2022 Elites (1997-2003)<br \/>\n\u2022 Master 30 (1987-1996)<br \/>\n\u2022 Master 40 (1977-1986)<br \/>\n\u2022 Master 50 (1967-1976)<br \/>\n\u2022 Master 60 (1966 e anteriores)<br \/>\n\u2022 E-Bikes (nascidos antes de 2007)<\/p>\n<p><strong>Locais de partida\/chegada:<\/strong> Munic\u00edpios de Alenquer, Loures, Mafra, Oeiras, Amadora, Lisboa<\/p>\n<p><strong>Hor\u00e1rios de partida por categoria\/dist\u00e2ncia:<\/strong><br \/>\n\u2022 Eventos geralmente \u00e0s 9:00 ou 15:00 conforme local<br \/>\n\u2022 Evento no Jamor \u00e0s 19:00<\/p>\n<p><strong>Tempos limite:<\/strong> Dura\u00e7\u00e3o m\u00e1xima de 3 horas, com \u00faltima volta permitida at\u00e9 30 minutos ap\u00f3s o t\u00e9rmino<\/p>\n<p><strong>Levantamento de dorsais (data\/hora e local):<\/strong> Duas horas antes do in\u00edcio de cada prova, mediante apresenta\u00e7\u00e3o de documento de identifica\u00e7\u00e3o<\/p>\n<p><strong>Limite de participantes:<\/strong> 500 atletas por prova<\/p>\n<p><strong>Prazo de inscri\u00e7\u00e3o:<\/strong><br \/>\n\u2022 1\u00aa prova: 26 de maio de 2026<br \/>\n\u2022 2\u00aa prova: 7 de julho de 2026<br \/>\n\u2022 3\u00aa prova: 8 de setembro de 2026<br \/>\n\u2022 4\u00aa prova: 17 de setembro de 2026<br \/>\n\u2022 5\u00aa prova: 6 de outubro de 2026<br \/>\n\u2022 6\u00aa prova: 20 de outubro de 2026<\/p>\n<p><strong>Tipos de piso:<\/strong> Circuitos marcados com placas e fitas; detalhes variam conforme local<\/p>\n<p><strong>Formato do percurso:<\/strong> Provas em circuito com m\u00faltiplas voltas<\/p>\n<p><strong>Percursos da prova:<\/strong><br \/>\n\u2022 Resist\u00eancia 3H: cerca de 4 a 7 km por volta<br \/>\n\u2022 Provas juvenis: cerca de 1 a 3 km por volta, exceto Sub7\/Sub9 com 500 m<\/p>\n<p><strong>M\u00e9todo de cronometragem:<\/strong> Cronometragem eletr\u00f3nica por chip<\/p>\n<p><strong>WC e localiza\u00e7\u00e3o dos abastecimentos:<\/strong> Zonas designadas para apoio t\u00e9cnico e abastecimento; apoio fora destas zonas implica desclassifica\u00e7\u00e3o<\/p>\n<p><strong>Pr\u00e9mios:<\/strong> Trof\u00e9us para os 3 primeiros da geral e por escal\u00e3o em cada prova; cerim\u00f3nia final de trof\u00e9us a 14 de novembro de 2026 em Mafra<\/p>\n","race_benefits":"<p>\ud83c\udfbd Kit do atleta: dorsal<br \/>\n\ud83c\udfc5 Pr\u00e9mio de finalista: trof\u00e9us para os 3 primeiros de cada categoria em cada prova<br \/>\n\u23f1\ufe0f Cronometragem + resultados ao vivo por chip eletr\u00f3nico<br \/>\n\ud83d\udedf Apoio de seguran\u00e7a: assist\u00eancia m\u00e9dica e primeiros socorros<br \/>\n\ud83d\udee1\ufe0f Seguro: acidentes pessoais e responsabilidade civil inclu\u00eddos<br \/>\n\ud83e\udd64 Abastecimentos: zonas designadas para apoio t\u00e9cnico e abastecimento<br \/>\n\ud83c\udfc6 P\u00f3dio para os 3 primeiros da geral e por categoria em cada prova e classifica\u00e7\u00e3o final<\/p>\n","event_faq_headline":"FAQ","event_faq_items":false,"event_date_start":"20261011","event_date_end":"20261011","event_start_time":"","event_country":"portugal","event_ticket_url":"https:\/\/apedalar.pt\/eventos\/4252\/info","event_latitude":"38.7166","event_longitude":"-9.1333","event_rating":"","is_hot_event":false,"event_participants_count":"0","organizer_avatar":false,"event_gallery":false,"purchasing_all_variations_through_woocommerce":false,"organizer_website":{"title":"","url":"","target":"","0":""}},"_links":{"self":[{"href":"https:\/\/racefinder.pt\/pt\/wp-json\/wp\/v2\/product\/37062","targetHints":{"allow":["GET"]}}],"collection":[{"href":"https:\/\/racefinder.pt\/pt\/wp-json\/wp\/v2\/product"}],"about":[{"href":"https:\/\/racefinder.pt\/pt\/wp-json\/wp\/v2\/types\/product"}],"replies":[{"embeddable":true,"href":"https:\/\/racefinder.pt\/pt\/wp-json\/wp\/v2\/comments?post=37062"}],"version-history":[{"count":1,"href":"https:\/\/racefinder.pt\/pt\/wp-json\/wp\/v2\/product\/37062\/revisions"}],"predecessor-version":[{"id":37063,"href":"https:\/\/racefinder.pt\/pt\/wp-json\/wp\/v2\/product\/37062\/revisions\/37063"}],"wp:featuredmedia":[{"embeddable":true,"href":"https:\/\/racefinder.pt\/pt\/wp-json\/wp\/v2\/media\/37156"}],"wp:attachment":[{"href":"https:\/\/racefinder.pt\/pt\/wp-json\/wp\/v2\/media?parent=37062"}],"wp:term":[{"taxonomy":"product_brand","embeddable":true,"href":"https:\/\/racefinder.pt\/pt\/wp-json\/wp\/v2\/product_brand?post=37062"},{"taxonomy":"product_cat","embeddable":true,"href":"https:\/\/racefinder.pt\/pt\/wp-json\/wp\/v2\/product_cat?post=37062"},{"taxonomy":"product_tag","embeddable":true,"href":"https:\/\/racefinder.pt\/pt\/wp-json\/wp\/v2\/product_tag?post=37062"}],"curies":[{"name":"wp","href":"https:\/\/api.w.org\/{rel}","templated":true}]}}