{"id":36494,"date":"2026-03-06T23:44:13","date_gmt":"2026-03-06T23:44:13","guid":{"rendered":"https:\/\/racefinder.pt\/?post_type=product&#038;p=36494"},"modified":"2026-03-10T08:51:51","modified_gmt":"2026-03-10T08:51:51","slug":"7o-btt-rota-das-laranjeiras-2","status":"publish","type":"product","link":"https:\/\/racefinder.pt\/pt\/event\/7o-btt-rota-das-laranjeiras-2\/","title":{"rendered":"7\u00ba BTT Rota das Laranjeiras"},"content":{"rendered":"","protected":false},"excerpt":{"rendered":"","protected":false},"featured_media":35742,"comment_status":"open","ping_status":"closed","template":"","meta":{"_acf_changed":false,"footnotes":""},"product_brand":[],"product_cat":[193,130],"product_tag":[],"class_list":{"0":"post-36494","1":"product","2":"type-product","3":"status-publish","4":"has-post-thumbnail","6":"product_cat-btt-pt-2","7":"product_cat-ciclismo","9":"first","10":"instock","11":"shipping-taxable","12":"product-type-variable"},"acf":{"event_location_text":"Pombal, Leiria","event_short_description":"<p>A 7.\u00aa BTT Rota das Laranjeiras \u00e9 um evento de mountain bike originalmente marcado para 28 de fevereiro de 2027, em Meirinhas, Pombal. A prova inclui um percurso de 36 km destinado a entusiastas do ciclismo de montanha.<\/p>\n<p>A corrida est\u00e1 aberta a participantes sem men\u00e7\u00e3o a necessidade de licen\u00e7a. \u00c9 um evento de um dia com foco no ciclismo ao ar livre em terreno natural.<\/p>\n<p>A edi\u00e7\u00e3o de 2026 foi cancelada devido a condi\u00e7\u00f5es inseguras do percurso causadas por uma tempestade, com a pr\u00f3xima edi\u00e7\u00e3o reagendada para 28 de fevereiro de 2027, garantindo a seguran\u00e7a dos participantes e uma experi\u00eancia memor\u00e1vel.<\/p>\n","organizer_description":"<p><strong>Locais de partida\/chegada:<\/strong> Meirinhas, Pombal<\/p>\n<p><strong>Hor\u00e1rio de partida por categoria\/dist\u00e2ncia:<\/strong> 09:00 para o passeio de 36 km<\/p>\n<p><strong>Tipos de piso:<\/strong> Percurso de mountain bike<\/p>\n<p><strong>Formato do percurso:<\/strong> Passeio \u00fanico de 36 km<\/p>\n","race_benefits":"","event_faq_headline":"FAQ","event_faq_items":false,"event_date_start":"20270228","event_date_end":"20270228","event_start_time":"","event_country":"portugal","event_ticket_url":"https:\/\/www.recordepessoal.pt\/evento\/7bttrotadaslaranjeiras","event_latitude":"39.8468","event_longitude":"-8.6976","event_rating":"","is_hot_event":false,"event_participants_count":"0","organizer_avatar":false,"event_gallery":false,"purchasing_all_variations_through_woocommerce":false,"organizer_website":{"title":"","url":"","target":"","0":""},"optional_extras":false},"_links":{"self":[{"href":"https:\/\/racefinder.pt\/pt\/wp-json\/wp\/v2\/product\/36494","targetHints":{"allow":["GET"]}}],"collection":[{"href":"https:\/\/racefinder.pt\/pt\/wp-json\/wp\/v2\/product"}],"about":[{"href":"https:\/\/racefinder.pt\/pt\/wp-json\/wp\/v2\/types\/product"}],"replies":[{"embeddable":true,"href":"https:\/\/racefinder.pt\/pt\/wp-json\/wp\/v2\/comments?post=36494"}],"version-history":[{"count":1,"href":"https:\/\/racefinder.pt\/pt\/wp-json\/wp\/v2\/product\/36494\/revisions"}],"predecessor-version":[{"id":36495,"href":"https:\/\/racefinder.pt\/pt\/wp-json\/wp\/v2\/product\/36494\/revisions\/36495"}],"wp:featuredmedia":[{"embeddable":true,"href":"https:\/\/racefinder.pt\/pt\/wp-json\/wp\/v2\/media\/35742"}],"wp:attachment":[{"href":"https:\/\/racefinder.pt\/pt\/wp-json\/wp\/v2\/media?parent=36494"}],"wp:term":[{"taxonomy":"product_brand","embeddable":true,"href":"https:\/\/racefinder.pt\/pt\/wp-json\/wp\/v2\/product_brand?post=36494"},{"taxonomy":"product_cat","embeddable":true,"href":"https:\/\/racefinder.pt\/pt\/wp-json\/wp\/v2\/product_cat?post=36494"},{"taxonomy":"product_tag","embeddable":true,"href":"https:\/\/racefinder.pt\/pt\/wp-json\/wp\/v2\/product_tag?post=36494"}],"curies":[{"name":"wp","href":"https:\/\/api.w.org\/{rel}","templated":true}]}}