{"id":36286,"date":"2026-03-06T23:16:23","date_gmt":"2026-03-06T23:16:23","guid":{"rendered":"https:\/\/racefinder.pt\/?post_type=product&#038;p=36286"},"modified":"2026-03-09T17:35:28","modified_gmt":"2026-03-09T17:35:28","slug":"rota-da-laranja","status":"publish","type":"product","link":"https:\/\/racefinder.pt\/pt\/event\/rota-da-laranja\/","title":{"rendered":"Rota da Laranja"},"content":{"rendered":"","protected":false},"excerpt":{"rendered":"","protected":false},"featured_media":35728,"comment_status":"open","ping_status":"closed","template":"","meta":{"_acf_changed":false,"footnotes":""},"product_brand":[],"product_cat":[193,130],"product_tag":[],"class_list":{"0":"post-36286","1":"product","2":"type-product","3":"status-publish","4":"has-post-thumbnail","6":"product_cat-btt-pt-2","7":"product_cat-ciclismo","9":"first","10":"instock","11":"shipping-taxable","12":"purchasable","13":"product-type-variable"},"acf":{"event_location_text":"Amares, Braga","event_short_description":"<p>A 17\u00aa Rota da Laranja \u00e9 um evento de BTT que se realiza a 17 de maio de 2026, em Amares, Portugal. O passeio tem como principais objetivos promover o Concelho de Amares, a sua laranja e os seus costumes, al\u00e9m de atrair mais participantes para a modalidade do BTT.<\/p>\n<p>O evento apresenta uma categoria \u00fanica para participantes masculinos e femininos, com inscri\u00e7\u00f5es abertas at\u00e9 15 de maio de 2026. \u00c9 uma oportunidade para explorar as paisagens de Amares e desfrutar de uma experi\u00eancia comunit\u00e1ria de ciclismo.<\/p>\n","organizer_description":"<p><strong><a class=\"\" href=\"https:\/\/lap2go.com\/pt\/event\/rota-da-laranja-2026\/regulamento.html\" target=\"_new\" rel=\"noopener\">Regulamento \u2197<\/a><\/strong><\/p>\n<p><strong>Prazo de inscri\u00e7\u00e3o:<\/strong> 15 de maio de 2026, 18:00<\/p>\n<p><strong>Escal\u00f5es\/categorias:<\/strong><br \/>\n\u2022 Categoria \u00fanica Masculino<br \/>\n\u2022 Categoria \u00fanica Feminino<\/p>\n","race_benefits":"<p>\ud83c\udf7d Almo\u00e7o p\u00f3s-evento com porco no espeto, sopa, \u00e1gua, sumos e vinho verde da regi\u00e3o<br data-start=\"552\" data-end=\"555\" \/>\ud83c\udfbd Dorsal de participa\u00e7\u00e3o para todos os participantes<br data-start=\"608\" data-end=\"611\" \/>\ud83e\udd64 Postos de abastecimento com l\u00edquidos e s\u00f3lidos ao longo do percurso<br data-start=\"681\" data-end=\"684\" \/>\ud83c\udf81 Brindes oferecidos pela organiza\u00e7\u00e3o<br data-start=\"722\" data-end=\"725\" \/>\ud83d\ude91 Primeiros socorros e assist\u00eancia m\u00e9dica durante o evento<br data-start=\"784\" data-end=\"787\" \/>\ud83d\udee1 Seguro de acidentes pessoais inclu\u00eddo<br data-start=\"827\" data-end=\"830\" \/>\ud83d\udebf Acesso a balne\u00e1rios para banho no final do passeio<br data-start=\"883\" data-end=\"886\" \/>\ud83d\udeb2 Lavagem de bicicletas dispon\u00edvel ap\u00f3s o passeio<\/p>\n","event_faq_headline":"FAQ","event_faq_items":false,"event_date_start":"20260517","event_date_end":"20260517","event_start_time":"","event_country":"portugal","event_ticket_url":"https:\/\/lap2go.com\/pt\/event\/rota-da-laranja-2026","event_latitude":"41.6308","event_longitude":"-8.351","event_rating":"","is_hot_event":false,"event_participants_count":"0","organizer_avatar":false,"event_gallery":false,"purchasing_all_variations_through_woocommerce":false,"organizer_website":{"title":"","url":"","target":"","0":""}},"_links":{"self":[{"href":"https:\/\/racefinder.pt\/pt\/wp-json\/wp\/v2\/product\/36286","targetHints":{"allow":["GET"]}}],"collection":[{"href":"https:\/\/racefinder.pt\/pt\/wp-json\/wp\/v2\/product"}],"about":[{"href":"https:\/\/racefinder.pt\/pt\/wp-json\/wp\/v2\/types\/product"}],"replies":[{"embeddable":true,"href":"https:\/\/racefinder.pt\/pt\/wp-json\/wp\/v2\/comments?post=36286"}],"version-history":[{"count":1,"href":"https:\/\/racefinder.pt\/pt\/wp-json\/wp\/v2\/product\/36286\/revisions"}],"predecessor-version":[{"id":36287,"href":"https:\/\/racefinder.pt\/pt\/wp-json\/wp\/v2\/product\/36286\/revisions\/36287"}],"wp:featuredmedia":[{"embeddable":true,"href":"https:\/\/racefinder.pt\/pt\/wp-json\/wp\/v2\/media\/35728"}],"wp:attachment":[{"href":"https:\/\/racefinder.pt\/pt\/wp-json\/wp\/v2\/media?parent=36286"}],"wp:term":[{"taxonomy":"product_brand","embeddable":true,"href":"https:\/\/racefinder.pt\/pt\/wp-json\/wp\/v2\/product_brand?post=36286"},{"taxonomy":"product_cat","embeddable":true,"href":"https:\/\/racefinder.pt\/pt\/wp-json\/wp\/v2\/product_cat?post=36286"},{"taxonomy":"product_tag","embeddable":true,"href":"https:\/\/racefinder.pt\/pt\/wp-json\/wp\/v2\/product_tag?post=36286"}],"curies":[{"name":"wp","href":"https:\/\/api.w.org\/{rel}","templated":true}]}}