{"id":36217,"date":"2026-03-06T23:05:15","date_gmt":"2026-03-06T23:05:15","guid":{"rendered":"https:\/\/racefinder.pt\/?post_type=product&#038;p=36217"},"modified":"2026-03-09T17:03:47","modified_gmt":"2026-03-09T17:03:47","slug":"6a-etapa-resistencia-btt-dar","status":"publish","type":"product","link":"https:\/\/racefinder.pt\/pt\/event\/6a-etapa-resistencia-btt-dar\/","title":{"rendered":"6\u00aa Etapa &#8211; Resist\u00eancia BTT DAR"},"content":{"rendered":"","protected":false},"excerpt":{"rendered":"","protected":false},"featured_media":35765,"comment_status":"open","ping_status":"closed","template":"","meta":{"_acf_changed":false,"footnotes":""},"product_brand":[],"product_cat":[193,130],"product_tag":[],"class_list":{"0":"post-36217","1":"product","2":"type-product","3":"status-publish","4":"has-post-thumbnail","6":"product_cat-btt-pt-2","7":"product_cat-ciclismo","9":"first","10":"instock","11":"shipping-taxable","12":"product-type-variable"},"acf":{"event_location_text":"\u00c1gueda, Aveiro","event_short_description":"<p>A 6\u00aa Etapa &#8211; Resist\u00eancia BTT DAR \u00e9 uma prova de resist\u00eancia de BTT que se realiza a 18 de julho de 2026, em Recard\u00e3es, \u00c1gueda. Este evento integra o Campeonato de Resist\u00eancias de BTT do Concelho de \u00c1gueda \u2013 Bxpress.<\/p>\n<p>Organizado pelo Clube Desportivo \u00c1gueda Bike Friends em parceria com o Munic\u00edpio de \u00c1gueda, a prova re\u00fane entusiastas do BTT numa competi\u00e7\u00e3o de resist\u00eancia desafiadora.<\/p>\n","organizer_description":"<p><strong>Locais de partida\/chegada:<\/strong> Recard\u00e3es, \u00c1gueda<\/p>\n<p><strong>Tipos de piso:<\/strong> Trilhos de BTT<\/p>\n<p><strong>Formato do percurso:<\/strong> Prova de resist\u00eancia de BTT<\/p>\n","race_benefits":"","event_faq_headline":"FAQ","event_faq_items":false,"event_date_start":"20260718","event_date_end":"20260718","event_start_time":"","event_country":"portugal","event_ticket_url":"https:\/\/lap2go.com\/pt\/event\/resistencia-btt-dar-2026","event_latitude":"40.5688","event_longitude":"-8.4618","event_rating":"","is_hot_event":false,"event_participants_count":"0","organizer_avatar":false,"event_gallery":false,"purchasing_all_variations_through_woocommerce":false,"organizer_website":{"title":"","url":"","target":"","0":""},"optional_extras":false},"_links":{"self":[{"href":"https:\/\/racefinder.pt\/pt\/wp-json\/wp\/v2\/product\/36217","targetHints":{"allow":["GET"]}}],"collection":[{"href":"https:\/\/racefinder.pt\/pt\/wp-json\/wp\/v2\/product"}],"about":[{"href":"https:\/\/racefinder.pt\/pt\/wp-json\/wp\/v2\/types\/product"}],"replies":[{"embeddable":true,"href":"https:\/\/racefinder.pt\/pt\/wp-json\/wp\/v2\/comments?post=36217"}],"version-history":[{"count":1,"href":"https:\/\/racefinder.pt\/pt\/wp-json\/wp\/v2\/product\/36217\/revisions"}],"predecessor-version":[{"id":36218,"href":"https:\/\/racefinder.pt\/pt\/wp-json\/wp\/v2\/product\/36217\/revisions\/36218"}],"wp:featuredmedia":[{"embeddable":true,"href":"https:\/\/racefinder.pt\/pt\/wp-json\/wp\/v2\/media\/35765"}],"wp:attachment":[{"href":"https:\/\/racefinder.pt\/pt\/wp-json\/wp\/v2\/media?parent=36217"}],"wp:term":[{"taxonomy":"product_brand","embeddable":true,"href":"https:\/\/racefinder.pt\/pt\/wp-json\/wp\/v2\/product_brand?post=36217"},{"taxonomy":"product_cat","embeddable":true,"href":"https:\/\/racefinder.pt\/pt\/wp-json\/wp\/v2\/product_cat?post=36217"},{"taxonomy":"product_tag","embeddable":true,"href":"https:\/\/racefinder.pt\/pt\/wp-json\/wp\/v2\/product_tag?post=36217"}],"curies":[{"name":"wp","href":"https:\/\/api.w.org\/{rel}","templated":true}]}}