{"id":35567,"date":"2026-03-03T23:04:24","date_gmt":"2026-03-03T23:04:24","guid":{"rendered":"https:\/\/racefinder.pt\/?post_type=product&#038;p=35567"},"modified":"2026-03-04T16:38:53","modified_gmt":"2026-03-04T16:38:53","slug":"starman-portugal-alentejo-2026","status":"publish","type":"product","link":"https:\/\/racefinder.pt\/pt\/event\/starman-portugal-alentejo-2026\/","title":{"rendered":"STARMAN Portugal &#8211; Alentejo 2026"},"content":{"rendered":"","protected":false},"excerpt":{"rendered":"","protected":false},"featured_media":35776,"comment_status":"open","ping_status":"closed","template":"","meta":{"_acf_changed":false,"footnotes":""},"product_brand":[],"product_cat":[253,132,251],"product_tag":[],"class_list":{"0":"post-35567","1":"product","2":"type-product","3":"status-publish","4":"has-post-thumbnail","6":"product_cat-olimpica","7":"product_cat-triatlo","8":"product_cat-triatlo-de-media-distancia","10":"first","11":"instock","12":"shipping-taxable","13":"purchasable","14":"product-type-variable"},"acf":{"event_location_text":"Beringel, Beja","event_short_description":"<p>STARMAN Portugal &#8211; Alentejo 2026 \u00e9 um evento de triatlo agendado para 5 de julho de 2026, na Barragem do Pis\u00e3o, em Beja, Portugal. A prova oferece duas dist\u00e2ncias: Meia e Ol\u00edmpica.<\/p>\n<p>O evento est\u00e1 aberto a participantes com 18 anos ou mais, com op\u00e7\u00f5es para competidores individuais ou equipas de estafeta com dois ou tr\u00eas elementos. Este formato permite a participa\u00e7\u00e3o tanto de atletas individuais como de equipas.<\/p>\n","organizer_description":"<p><strong>Locais de partida\/chegada:<\/strong> Barragem do Pis\u00e3o, 7860-350 Beringel<\/p>\n<p><strong>Escal\u00f5es\/categorias:<\/strong><br \/>\n\u2022 Participantes a partir dos 18 anos<\/p>\n","race_benefits":"","event_faq_headline":"FAQ","event_faq_items":false,"event_date_start":"20260705","event_date_end":"20260705","event_start_time":"","event_country":"portugal","event_ticket_url":"https:\/\/www.bol.pt\/Comprar\/Bilhetes\/173111-starman_portugal_alentejo_2026-barragem_do_pisao\/","event_latitude":"38.0565","event_longitude":"-7.9842","event_rating":"","is_hot_event":false,"event_participants_count":"0","organizer_avatar":false,"event_gallery":false,"purchasing_all_variations_through_woocommerce":false,"organizer_website":{"title":"","url":"","target":"","0":""},"optional_extras":false},"_links":{"self":[{"href":"https:\/\/racefinder.pt\/pt\/wp-json\/wp\/v2\/product\/35567","targetHints":{"allow":["GET"]}}],"collection":[{"href":"https:\/\/racefinder.pt\/pt\/wp-json\/wp\/v2\/product"}],"about":[{"href":"https:\/\/racefinder.pt\/pt\/wp-json\/wp\/v2\/types\/product"}],"replies":[{"embeddable":true,"href":"https:\/\/racefinder.pt\/pt\/wp-json\/wp\/v2\/comments?post=35567"}],"version-history":[{"count":1,"href":"https:\/\/racefinder.pt\/pt\/wp-json\/wp\/v2\/product\/35567\/revisions"}],"predecessor-version":[{"id":35568,"href":"https:\/\/racefinder.pt\/pt\/wp-json\/wp\/v2\/product\/35567\/revisions\/35568"}],"wp:featuredmedia":[{"embeddable":true,"href":"https:\/\/racefinder.pt\/pt\/wp-json\/wp\/v2\/media\/35776"}],"wp:attachment":[{"href":"https:\/\/racefinder.pt\/pt\/wp-json\/wp\/v2\/media?parent=35567"}],"wp:term":[{"taxonomy":"product_brand","embeddable":true,"href":"https:\/\/racefinder.pt\/pt\/wp-json\/wp\/v2\/product_brand?post=35567"},{"taxonomy":"product_cat","embeddable":true,"href":"https:\/\/racefinder.pt\/pt\/wp-json\/wp\/v2\/product_cat?post=35567"},{"taxonomy":"product_tag","embeddable":true,"href":"https:\/\/racefinder.pt\/pt\/wp-json\/wp\/v2\/product_tag?post=35567"}],"curies":[{"name":"wp","href":"https:\/\/api.w.org\/{rel}","templated":true}]}}