{"id":35207,"date":"2026-03-02T23:17:53","date_gmt":"2026-03-02T23:17:53","guid":{"rendered":"https:\/\/racefinder.pt\/?post_type=product&#038;p=35207"},"modified":"2026-03-04T15:35:37","modified_gmt":"2026-03-04T15:35:37","slug":"trail-run-vitor-andre","status":"publish","type":"product","link":"https:\/\/racefinder.pt\/pt\/event\/trail-run-vitor-andre\/","title":{"rendered":"TRAIL RUN VITOR ANDRE"},"content":{"rendered":"","protected":false},"excerpt":{"rendered":"","protected":false},"featured_media":35679,"comment_status":"open","ping_status":"closed","template":"","meta":{"_acf_changed":false,"footnotes":""},"product_brand":[],"product_cat":[129,139],"product_tag":[],"class_list":{"0":"post-35207","1":"product","2":"type-product","3":"status-publish","4":"has-post-thumbnail","6":"product_cat-corrida","7":"product_cat-trail-run-pt","9":"first","10":"instock","11":"shipping-taxable","12":"purchasable","13":"product-type-variable"},"acf":{"event_location_text":"Ang\u00fastias, Horta","event_short_description":"<p>O Trail Run Victor Andr\u00e9 \u00e9 uma prova de Trail Sprint de 10 km que se realizar\u00e1 a 15 de mar\u00e7o de 2026, na freguesia das Ang\u00fastias. O percurso \u00e9 circular e inclui estradas municipais, regionais e trilhos pedestres oficiais e n\u00e3o oficiais.<\/p>\n<p>Aberto a participantes com 16 anos ou mais, sem necessidade de licen\u00e7a, o evento integra as comemora\u00e7\u00f5es do 10.\u00ba anivers\u00e1rio da Our Island, Lda., empresa de anima\u00e7\u00e3o tur\u00edstica e ag\u00eancia de viagens. A prova promove o respeito pela natureza e o fair-play, num ambiente respons\u00e1vel e solid\u00e1rio.<\/p>\n","organizer_description":"<p><strong><a class=\"\" href=\"https:\/\/drive.google.com\/file\/d\/1_rzeLuStRBNI4clWd08LPgU1BGgS4wI0\/view\" target=\"_new\" rel=\"noopener\">Regulamento \u2197<\/a><\/strong><\/p>\n<p><strong>Escal\u00f5es\/categorias:<\/strong><br \/>\n\u2022 Participantes com 16 anos ou mais (idade considerada a 30 de setembro da \u00e9poca desportiva)<\/p>\n<p><strong>Locais de partida\/chegada:<\/strong> Partida e chegada no Port\u00e3o do Porto Pim, freguesia das Ang\u00fastias<\/p>\n<p><strong>Hor\u00e1rios de partida por categoria\/dist\u00e2ncia:<\/strong><br \/>\n\u2022 10 km Trail Sprint: 10:00<\/p>\n<p><strong>Tempos limite:<\/strong> 2 horas para a prova de 10 km Trail Sprint<\/p>\n<p><strong>Levantamento de dorsais (data\/hora e local):<\/strong><br \/>\n\u2022 15 de mar\u00e7o de 2026, a partir das 09:00 no Edif\u00edcio Reduto da Patrulha (Porto do Porto Pim)<\/p>\n<p><strong>Prazo de inscri\u00e7\u00e3o:<\/strong> 11 de mar\u00e7o de 2026 \u00e0s 23:59<\/p>\n<p><strong>Tipos de piso:<\/strong><br \/>\n\u2022 Estradas municipais e regionais, trilhos pedestres oficiais e n\u00e3o oficiais<\/p>\n<p><strong>Formato do percurso:<\/strong> Percurso circular<\/p>\n<p><strong>Percursos da prova:<\/strong> Percurso de 10 km dispon\u00edvel em https:\/\/ridewithgps.com\/routes\/53274408<\/p>\n<p><strong>M\u00e9todo de cronometragem:<\/strong> Controlo manual de chegada<\/p>\n<p><strong>Pr\u00e9mios:<\/strong> Trof\u00e9us para os 3 melhores classificados masculinos e femininos da geral<\/p>\n","race_benefits":"<p>\ud83c\udfbd Kit do atleta: dorsal, buff Our Island para os finishers<br \/>\n\ud83c\udfc5 Pr\u00e9mio de finalista: buff Our Island<br \/>\n\u23f1\ufe0f Cronometragem: controlo manual de chegada<br \/>\n\ud83d\udee1\ufe0f Seguro: seguro de acidentes pessoais e responsabilidade civil inclu\u00eddo<br \/>\n\ud83e\udd64 Abastecimentos: 1 cerveja ou \u00e1gua com g\u00e1s inclu\u00edda na inscri\u00e7\u00e3o<\/p>\n","event_faq_headline":"FAQ","event_faq_items":false,"event_date_start":"20260315","event_date_end":"20260315","event_start_time":"","event_country":"portugal","event_ticket_url":"https:\/\/beta.fpacompeticoes.pt\/inscriptions\/5699?index","event_latitude":"38.5244","event_longitude":"-28.6319","event_rating":"","is_hot_event":false,"event_participants_count":"0","organizer_avatar":false,"event_gallery":false,"purchasing_all_variations_through_woocommerce":false,"organizer_website":{"title":"","url":"","target":"","0":""}},"_links":{"self":[{"href":"https:\/\/racefinder.pt\/pt\/wp-json\/wp\/v2\/product\/35207","targetHints":{"allow":["GET"]}}],"collection":[{"href":"https:\/\/racefinder.pt\/pt\/wp-json\/wp\/v2\/product"}],"about":[{"href":"https:\/\/racefinder.pt\/pt\/wp-json\/wp\/v2\/types\/product"}],"replies":[{"embeddable":true,"href":"https:\/\/racefinder.pt\/pt\/wp-json\/wp\/v2\/comments?post=35207"}],"version-history":[{"count":1,"href":"https:\/\/racefinder.pt\/pt\/wp-json\/wp\/v2\/product\/35207\/revisions"}],"predecessor-version":[{"id":35208,"href":"https:\/\/racefinder.pt\/pt\/wp-json\/wp\/v2\/product\/35207\/revisions\/35208"}],"wp:featuredmedia":[{"embeddable":true,"href":"https:\/\/racefinder.pt\/pt\/wp-json\/wp\/v2\/media\/35679"}],"wp:attachment":[{"href":"https:\/\/racefinder.pt\/pt\/wp-json\/wp\/v2\/media?parent=35207"}],"wp:term":[{"taxonomy":"product_brand","embeddable":true,"href":"https:\/\/racefinder.pt\/pt\/wp-json\/wp\/v2\/product_brand?post=35207"},{"taxonomy":"product_cat","embeddable":true,"href":"https:\/\/racefinder.pt\/pt\/wp-json\/wp\/v2\/product_cat?post=35207"},{"taxonomy":"product_tag","embeddable":true,"href":"https:\/\/racefinder.pt\/pt\/wp-json\/wp\/v2\/product_tag?post=35207"}],"curies":[{"name":"wp","href":"https:\/\/api.w.org\/{rel}","templated":true}]}}