{"id":35156,"date":"2026-03-02T23:07:52","date_gmt":"2026-03-02T23:07:52","guid":{"rendered":"https:\/\/racefinder.pt\/?post_type=product&#038;p=35156"},"modified":"2026-03-04T13:41:19","modified_gmt":"2026-03-04T13:41:19","slug":"meia-maratona-da-benedita-2","status":"publish","type":"product","link":"https:\/\/racefinder.pt\/pt\/event\/meia-maratona-da-benedita-2\/","title":{"rendered":"Meia Maratona da Benedita"},"content":{"rendered":"","protected":false},"excerpt":{"rendered":"","protected":false},"featured_media":35628,"comment_status":"open","ping_status":"closed","template":"","meta":{"_acf_changed":false,"footnotes":""},"product_brand":[],"product_cat":[140,129,225,161,244],"product_tag":[],"class_list":{"0":"post-35156","1":"product","2":"type-product","3":"status-publish","4":"has-post-thumbnail","6":"product_cat-caminhada","7":"product_cat-corrida","8":"product_cat-10-km-pt","9":"product_cat-kids-pt","10":"product_cat-meia-maratona","12":"first","13":"instock","14":"shipping-taxable","15":"purchasable","16":"product-type-variable"},"acf":{"event_location_text":"Alcoba\u00e7a, Leiria","event_short_description":"<p data-start=\"2367\" data-end=\"2647\">A <strong data-start=\"2369\" data-end=\"2400\">Meia Maratona Benedita 2026<\/strong> realiza-se no dia <strong data-start=\"2419\" data-end=\"2445\">13 de setembro de 2026<\/strong>, em Benedita, Alcoba\u00e7a. Organizado pelos Bombeiros Volunt\u00e1rios de Benedita e com gest\u00e3o t\u00e9cnica da Nativewarriors, o evento re\u00fane v\u00e1rias atividades de corrida destinadas a atletas de diferentes n\u00edveis.<\/p>\n<p data-start=\"2649\" data-end=\"2890\">O programa inclui <strong data-start=\"2667\" data-end=\"2748\">Meia Maratona (21 km), corrida de 10 km, caminhada de 5 km e Kids Run (500 m)<\/strong>. O evento combina competi\u00e7\u00e3o e participa\u00e7\u00e3o recreativa, permitindo a participa\u00e7\u00e3o de corredores competitivos, fam\u00edlias e amantes do desporto.<\/p>\n","organizer_description":"<p data-start=\"2917\" data-end=\"2934\"><a href=\"https:\/\/waitastart.com\/regulamentos\/reg_mmbenedita26_v3.pdf\"><strong data-start=\"2917\" data-end=\"2934\">Regulamento \u2197<\/strong><\/a><\/p>\n<p data-start=\"2936\" data-end=\"2969\"><strong data-start=\"2936\" data-end=\"2944\">Data<\/strong><br data-start=\"2944\" data-end=\"2947\" \/>13 de setembro de 2026<\/p>\n<p data-start=\"2971\" data-end=\"3001\"><strong data-start=\"2971\" data-end=\"2980\">Local<\/strong><br data-start=\"2980\" data-end=\"2983\" \/>Benedita, Alcoba\u00e7a<\/p>\n<p data-start=\"3003\" data-end=\"3056\"><strong data-start=\"3003\" data-end=\"3018\">Organiza\u00e7\u00e3o<\/strong><br data-start=\"3018\" data-end=\"3021\" \/>Bombeiros Volunt\u00e1rios de Benedita<\/p>\n<p data-start=\"3058\" data-end=\"3098\"><strong data-start=\"3058\" data-end=\"3076\">Gest\u00e3o T\u00e9cnica<\/strong><br data-start=\"3076\" data-end=\"3079\" \/>Nativewarriors, Lda<\/p>\n<p data-start=\"3100\" data-end=\"3123\"><strong data-start=\"3100\" data-end=\"3123\">Estrutura do Evento<\/strong><\/p>\n<p data-start=\"3125\" data-end=\"3218\">21 km \u2014 Meia Maratona<br data-start=\"3146\" data-end=\"3149\" \/>10 km \u2014 Corrida<br data-start=\"3164\" data-end=\"3167\" \/>5 km \u2014 Caminhada<br data-start=\"3183\" data-end=\"3186\" \/>500 m \u2014 Kids Run (pais e filhos)<\/p>\n<p data-start=\"3220\" data-end=\"3243\"><strong data-start=\"3220\" data-end=\"3243\">Hor\u00e1rios de Partida<\/strong><\/p>\n<p data-start=\"3245\" data-end=\"3342\">09h00 \u2014 Kids Run<br data-start=\"3261\" data-end=\"3264\" \/>09h30 \u2014 Meia Maratona (21 km)<br data-start=\"3293\" data-end=\"3296\" \/>09h30 \u2014 Corrida 10 km<br data-start=\"3317\" data-end=\"3320\" \/>09h50 \u2014 Caminhada 5 km<\/p>\n<p data-start=\"3344\" data-end=\"3360\"><strong data-start=\"3344\" data-end=\"3360\">Tempo Limite<\/strong><\/p>\n<p data-start=\"3362\" data-end=\"3398\">3 horas para as provas competitivas.<\/p>\n<p data-start=\"3400\" data-end=\"3430\"><strong data-start=\"3400\" data-end=\"3430\">Requisitos de Participa\u00e7\u00e3o<\/strong><\/p>\n<p data-start=\"3432\" data-end=\"3445\">Idade m\u00ednima:<\/p>\n<p data-start=\"3447\" data-end=\"3480\">21 km \u2014 20 anos<br data-start=\"3462\" data-end=\"3465\" \/>10 km \u2014 18 anos<\/p>\n<p data-start=\"3482\" data-end=\"3509\"><strong data-start=\"3482\" data-end=\"3509\">Limite de Participantes<\/strong><\/p>\n<p data-start=\"3511\" data-end=\"3612\">21 km \u2014 1.500 atletas<br data-start=\"3532\" data-end=\"3535\" \/>10 km \u2014 800 atletas<br data-start=\"3554\" data-end=\"3557\" \/>Kids Run \u2014 100 crian\u00e7as<br data-start=\"3580\" data-end=\"3583\" \/>Caminhada \u2014 500 participantes<\/p>\n<p data-start=\"3614\" data-end=\"3628\"><strong data-start=\"3614\" data-end=\"3628\">Inscri\u00e7\u00f5es<\/strong><\/p>\n<p data-start=\"3630\" data-end=\"3692\">As inscri\u00e7\u00f5es devem ser realizadas online em:<br data-start=\"3675\" data-end=\"3678\" \/>waitastart.com<\/p>\n<p data-start=\"3694\" data-end=\"3711\"><strong data-start=\"3694\" data-end=\"3711\">Cronometragem<\/strong><\/p>\n<p data-start=\"3713\" data-end=\"3819\">Sistema de cronometragem eletr\u00f3nica com chip. A classifica\u00e7\u00e3o oficial \u00e9 determinada pelo tempo de pistola.<\/p>\n<p data-start=\"3821\" data-end=\"3839\"><strong data-start=\"3821\" data-end=\"3839\">Abastecimentos<\/strong><\/p>\n<p data-start=\"3841\" data-end=\"3961\">Postos de abastecimento dispon\u00edveis a partir do km 5 e a cada 5 km, de acordo com as normas internacionais de atletismo.<\/p>\n","race_benefits":"<p>\ud83c\udfbd Kit de atleta com dorsal personalizado e chip de cronometragem<br data-start=\"4055\" data-end=\"4058\" \/>\ud83d\udc55 T-shirt t\u00e9cnica oficial do evento (opcional na inscri\u00e7\u00e3o)<br data-start=\"4118\" data-end=\"4121\" \/>\ud83c\udfc5 Medalha de finisher para todos os participantes dos 21 km e 10 km<br data-start=\"4189\" data-end=\"4192\" \/>\ud83e\udd47 Medalha de participa\u00e7\u00e3o para Kids Run e caminhada 5 km<br data-start=\"4249\" data-end=\"4252\" \/>\ud83c\udfc6 Prize money e trof\u00e9us para os melhores classificados na Meia Maratona e nos 10 km<br data-start=\"4336\" data-end=\"4339\" \/>\ud83e\udd64 Postos de abastecimento com \u00e1gua, fruta e bebidas energ\u00e9ticas ao longo do percurso<br data-start=\"4424\" data-end=\"4427\" \/>\ud83c\udf92 Servi\u00e7o de guarda de bens dispon\u00edvel para atletas dos 21 km e 10 km<br data-start=\"4497\" data-end=\"4500\" \/>\ud83d\udee1\ufe0f Seguro de acidentes pessoais inclu\u00eddo conforme legisla\u00e7\u00e3o em vigor<br data-start=\"4570\" data-end=\"4573\" \/>\ud83d\udcca Cronometragem eletr\u00f3nica oficial e resultados da prova<\/p>\n","event_faq_headline":"FAQ","event_faq_items":false,"event_date_start":"20260913","event_date_end":"20260913","event_start_time":"","event_country":"portugal","event_latitude":"39.5519","event_longitude":"-8.9763","event_ticket_url":"https:\/\/waitastart.com\/meia-maratona-benedita-2026\/","event_rating":"","is_hot_event":false,"event_participants_count":"0","organizer_avatar":false,"event_gallery":false,"purchasing_all_variations_through_woocommerce":false,"organizer_website":{"title":"","url":"","target":"","0":""}},"_links":{"self":[{"href":"https:\/\/racefinder.pt\/pt\/wp-json\/wp\/v2\/product\/35156","targetHints":{"allow":["GET"]}}],"collection":[{"href":"https:\/\/racefinder.pt\/pt\/wp-json\/wp\/v2\/product"}],"about":[{"href":"https:\/\/racefinder.pt\/pt\/wp-json\/wp\/v2\/types\/product"}],"replies":[{"embeddable":true,"href":"https:\/\/racefinder.pt\/pt\/wp-json\/wp\/v2\/comments?post=35156"}],"version-history":[{"count":2,"href":"https:\/\/racefinder.pt\/pt\/wp-json\/wp\/v2\/product\/35156\/revisions"}],"predecessor-version":[{"id":35639,"href":"https:\/\/racefinder.pt\/pt\/wp-json\/wp\/v2\/product\/35156\/revisions\/35639"}],"wp:featuredmedia":[{"embeddable":true,"href":"https:\/\/racefinder.pt\/pt\/wp-json\/wp\/v2\/media\/35628"}],"wp:attachment":[{"href":"https:\/\/racefinder.pt\/pt\/wp-json\/wp\/v2\/media?parent=35156"}],"wp:term":[{"taxonomy":"product_brand","embeddable":true,"href":"https:\/\/racefinder.pt\/pt\/wp-json\/wp\/v2\/product_brand?post=35156"},{"taxonomy":"product_cat","embeddable":true,"href":"https:\/\/racefinder.pt\/pt\/wp-json\/wp\/v2\/product_cat?post=35156"},{"taxonomy":"product_tag","embeddable":true,"href":"https:\/\/racefinder.pt\/pt\/wp-json\/wp\/v2\/product_tag?post=35156"}],"curies":[{"name":"wp","href":"https:\/\/api.w.org\/{rel}","templated":true}]}}