{"id":34915,"date":"2026-02-27T23:27:19","date_gmt":"2026-02-27T23:27:19","guid":{"rendered":"https:\/\/racefinder.pt\/?post_type=product&#038;p=34915"},"modified":"2026-03-04T12:47:03","modified_gmt":"2026-03-04T12:47:03","slug":"campeonato-distrital-corta-mato-curto","status":"publish","type":"product","link":"https:\/\/racefinder.pt\/pt\/event\/campeonato-distrital-corta-mato-curto\/","title":{"rendered":"Campeonato Distrital Corta Mato Curto"},"content":{"rendered":"","protected":false},"excerpt":{"rendered":"","protected":false},"featured_media":35508,"comment_status":"open","ping_status":"closed","template":"","meta":{"_acf_changed":false,"footnotes":""},"product_brand":[],"product_cat":[129,2548,2697,161],"product_tag":[],"class_list":{"0":"post-34915","1":"product","2":"type-product","3":"status-publish","4":"has-post-thumbnail","6":"product_cat-corrida","7":"product_cat-corta-mato","8":"product_cat-jovens","9":"product_cat-kids-pt","11":"first","12":"instock","13":"shipping-taxable","14":"purchasable","15":"product-type-variable"},"acf":{"event_location_text":"Monte Redondo, Leiria","event_short_description":"<p data-start=\"2151\" data-end=\"2439\">O <strong data-start=\"2153\" data-end=\"2182\">3\u00ba Corta Mato da Sismaria<\/strong> realiza-se no dia <strong data-start=\"2201\" data-end=\"2223\">8 de mar\u00e7o de 2026<\/strong>, em Sismaria, Portugal. O evento integra o <strong data-start=\"2267\" data-end=\"2311\">Campeonato Distrital de Corta-Mato Curto<\/strong> para os escal\u00f5es Sub16, Sub18, Sub20, Seniores e Veteranos, bem como o <strong data-start=\"2383\" data-end=\"2438\">Campeonato Distrital de Corta-Mato Longo para Sub14<\/strong>.<\/p>\n<p data-start=\"2441\" data-end=\"2649\">Organizada sob a supervis\u00e3o da Associa\u00e7\u00e3o Distrital de Atletismo de Leiria (ADAL), a competi\u00e7\u00e3o re\u00fane atletas de v\u00e1rios escal\u00f5es num formato tradicional de corta-mato, com diversas corridas ao longo da manh\u00e3.<\/p>\n","organizer_description":"<p data-start=\"2676\" data-end=\"2693\"><a href=\"https:\/\/www.facebook.com\/photo\/?fbid=1527382502724000&amp;set=pcb.1527383129390604&amp;_rdc=1&amp;_rdr#\"><strong data-start=\"2676\" data-end=\"2693\">Regulamento \u2197<\/strong><\/a><\/p>\n<p data-start=\"2695\" data-end=\"2724\"><strong data-start=\"2695\" data-end=\"2703\">Data<\/strong><br data-start=\"2703\" data-end=\"2706\" \/>8 de mar\u00e7o de 2026<\/p>\n<p data-start=\"2726\" data-end=\"2746\"><strong data-start=\"2726\" data-end=\"2735\">Local<\/strong><br data-start=\"2735\" data-end=\"2738\" \/>Sismaria<\/p>\n<p data-start=\"2748\" data-end=\"2806\"><strong data-start=\"2748\" data-end=\"2769\">Formato do Evento<\/strong><br data-start=\"2769\" data-end=\"2772\" \/>Campeonato Distrital de Corta-Mato<\/p>\n<p data-start=\"2808\" data-end=\"2829\"><strong data-start=\"2808\" data-end=\"2829\">Provas e Hor\u00e1rios<\/strong><\/p>\n<p data-start=\"2831\" data-end=\"2972\">09:15 \u2014 4 km \u2014 Sub20 e Seniores (Masculinos)<br data-start=\"2875\" data-end=\"2878\" \/>09:35 \u2014 4 km \u2014 Veteranos (Masculinos)<br data-start=\"2915\" data-end=\"2918\" \/>10:00 \u2014 4 km \u2014 Sub20, Seniores e Veteranas (Femininos)<\/p>\n<p data-start=\"2974\" data-end=\"2988\">Provas jovens:<\/p>\n<p data-start=\"2990\" data-end=\"3329\">10:25 \u2014 0,5 km \u2014 Sub10 (Femininos)<br data-start=\"3024\" data-end=\"3027\" \/>10:35 \u2014 0,5 km \u2014 Sub10 (Masculinos)<br data-start=\"3062\" data-end=\"3065\" \/>10:45 \u2014 1 km \u2014 Sub12 (Femininos)<br data-start=\"3097\" data-end=\"3100\" \/>10:55 \u2014 1 km \u2014 Sub12 (Masculinos)<br data-start=\"3133\" data-end=\"3136\" \/>11:05 \u2014 1,5 km \u2014 Sub14 (Masculinos)<br data-start=\"3171\" data-end=\"3174\" \/>11:20 \u2014 1,5 km \u2014 Sub14 (Femininos)<br data-start=\"3208\" data-end=\"3211\" \/>11:35 \u2014 2 km \u2014 Sub16 (Masculinos)<br data-start=\"3244\" data-end=\"3247\" \/>11:50 \u2014 2 km \u2014 Sub16 (Femininos)<br data-start=\"3279\" data-end=\"3282\" \/>12:05 \u2014 2,5 km \u2014 Sub18 (Femininos e Masculinos)<\/p>\n<p data-start=\"3331\" data-end=\"3347\"><strong data-start=\"3331\" data-end=\"3347\">Participa\u00e7\u00e3o<\/strong><\/p>\n<p data-start=\"3349\" data-end=\"3460\">Podem participar atletas filiados na ADAL nos escal\u00f5es Sub14, Sub16, Sub18, Sub20, Sub23, Seniores e Veteranos.<\/p>\n<p data-start=\"3462\" data-end=\"3581\">Os atletas veteranos poder\u00e3o optar por competir no escal\u00e3o de seniores, devendo indicar essa op\u00e7\u00e3o no ato da inscri\u00e7\u00e3o.<\/p>\n<p data-start=\"3583\" data-end=\"3609\"><strong data-start=\"3583\" data-end=\"3609\">Classifica\u00e7\u00e3o Coletiva<\/strong><\/p>\n<p data-start=\"3611\" data-end=\"3797\">A classifica\u00e7\u00e3o coletiva \u00e9 obtida pela soma dos pontos dos tr\u00eas primeiros atletas de cada equipa.<br data-start=\"3708\" data-end=\"3711\" \/>Cada clube poder\u00e1 apresentar apenas uma equipa para efeitos de classifica\u00e7\u00e3o coletiva.<\/p>\n<p data-start=\"3799\" data-end=\"3821\"><strong data-start=\"3799\" data-end=\"3821\">Prazo de Inscri\u00e7\u00e3o<\/strong><\/p>\n<p data-start=\"3823\" data-end=\"3841\">4 de mar\u00e7o de 2026<\/p>\n<p data-start=\"3843\" data-end=\"3870\"><strong data-start=\"3843\" data-end=\"3870\">Plataforma de Inscri\u00e7\u00e3o<\/strong><\/p>\n","race_benefits":"<p>\ud83c\udfc3 Competi\u00e7\u00e3o oficial do Campeonato Distrital de Corta-Mato<br data-start=\"3985\" data-end=\"3988\" \/>\ud83c\udfc5 Medalhas para os 3 primeiros classificados de cada escal\u00e3o<br data-start=\"4049\" data-end=\"4052\" \/>\ud83c\udfc6 Trof\u00e9us para as 3 melhores equipas masculinas e femininas<br data-start=\"4112\" data-end=\"4115\" \/>\ud83d\udcca Classifica\u00e7\u00e3o oficial individual e coletiva<br data-start=\"4161\" data-end=\"4164\" \/>\ud83d\udc65 Participa\u00e7\u00e3o para v\u00e1rios escal\u00f5es de forma\u00e7\u00e3o e competi\u00e7\u00e3o<\/p>\n","event_faq_headline":"FAQ","event_faq_items":false,"event_date_start":"20260308","event_date_end":"20260308","event_start_time":"","event_country":"portugal","event_ticket_url":"https:\/\/beta.fpacompeticoes.pt\/competition\/5771\/schedule","event_latitude":"39.88","event_longitude":"-8.865","event_rating":"","is_hot_event":false,"event_participants_count":"0","organizer_avatar":false,"event_gallery":false,"purchasing_all_variations_through_woocommerce":false,"organizer_website":{"title":"","url":"","target":"","0":""}},"_links":{"self":[{"href":"https:\/\/racefinder.pt\/pt\/wp-json\/wp\/v2\/product\/34915","targetHints":{"allow":["GET"]}}],"collection":[{"href":"https:\/\/racefinder.pt\/pt\/wp-json\/wp\/v2\/product"}],"about":[{"href":"https:\/\/racefinder.pt\/pt\/wp-json\/wp\/v2\/types\/product"}],"replies":[{"embeddable":true,"href":"https:\/\/racefinder.pt\/pt\/wp-json\/wp\/v2\/comments?post=34915"}],"version-history":[{"count":2,"href":"https:\/\/racefinder.pt\/pt\/wp-json\/wp\/v2\/product\/34915\/revisions"}],"predecessor-version":[{"id":35622,"href":"https:\/\/racefinder.pt\/pt\/wp-json\/wp\/v2\/product\/34915\/revisions\/35622"}],"wp:featuredmedia":[{"embeddable":true,"href":"https:\/\/racefinder.pt\/pt\/wp-json\/wp\/v2\/media\/35508"}],"wp:attachment":[{"href":"https:\/\/racefinder.pt\/pt\/wp-json\/wp\/v2\/media?parent=34915"}],"wp:term":[{"taxonomy":"product_brand","embeddable":true,"href":"https:\/\/racefinder.pt\/pt\/wp-json\/wp\/v2\/product_brand?post=34915"},{"taxonomy":"product_cat","embeddable":true,"href":"https:\/\/racefinder.pt\/pt\/wp-json\/wp\/v2\/product_cat?post=34915"},{"taxonomy":"product_tag","embeddable":true,"href":"https:\/\/racefinder.pt\/pt\/wp-json\/wp\/v2\/product_tag?post=34915"}],"curies":[{"name":"wp","href":"https:\/\/api.w.org\/{rel}","templated":true}]}}