{"id":34731,"date":"2026-02-27T12:30:36","date_gmt":"2026-02-27T12:30:36","guid":{"rendered":"https:\/\/racefinder.pt\/event\/3o-douro-valley-sao-joao-da-pesqueira-open-water\/"},"modified":"2026-02-27T12:30:36","modified_gmt":"2026-02-27T12:30:36","slug":"3o-douro-valley-sao-joao-da-pesqueira-open-water","status":"publish","type":"product","link":"https:\/\/racefinder.pt\/pt\/event\/3o-douro-valley-sao-joao-da-pesqueira-open-water\/","title":{"rendered":"3\u00ba Douro Valley \u2013 S\u00e3o Jo\u00e3o da Pesqueira \u2013 Open Water"},"content":{"rendered":"","protected":false},"excerpt":{"rendered":"","protected":false},"featured_media":34460,"comment_status":"open","ping_status":"closed","template":"","meta":{"_acf_changed":false,"footnotes":""},"product_brand":[],"product_cat":[233,248,131],"product_tag":[],"class_list":{"0":"post-34731","1":"product","2":"type-product","3":"status-publish","4":"has-post-thumbnail","6":"product_cat-aguas-abertas","7":"product_cat-kids-pt-2","8":"product_cat-natacao","10":"first","11":"instock","12":"shipping-taxable","13":"purchasable","14":"product-type-variable"},"acf":{"event_date_start":"20260913","event_date_end":"20260913","event_start_time":"","event_country":"portugal","event_ticket_url":"https:\/\/fpnatacao.pt\/evento.php?codigo=720","event_latitude":"41.1627","event_longitude":"-7.4038","event_rating":"","is_hot_event":false,"event_participants_count":"0","organizer_avatar":false,"event_gallery":false,"purchasing_all_variations_through_woocommerce":false,"event_faq_headline":"","event_faq_items":false,"event_location_text":"S\u00e3o Jo\u00e3o da Pesqueira, Viseu","event_short_description":"<p data-start=\"1879\" data-end=\"2133\">O 3\u00ba Douro Valley \u2013 S\u00e3o Jo\u00e3o da Pesqueira \u2013 Open Water realiza-se no dia 13 de setembro de 2026, no Cais da Ferradosa, no Rio Douro. A prova integra o XIX Circuito Nacional de \u00c1guas Abertas 2025\u20132026, sob a \u00e9gide da Federa\u00e7\u00e3o Portuguesa de Nata\u00e7\u00e3o (FPN).<\/p>\n<p data-start=\"2135\" data-end=\"2367\">Disputada em ambiente fluvial no Douro Vinhateiro, esta etapa inclui a dist\u00e2ncia oficial de 3000m pontu\u00e1vel para o Circuito (AA e Masters AA), bem como uma prova de divulga\u00e7\u00e3o de 500m. A competi\u00e7\u00e3o contribui para o ranking nacional.<\/p>\n","organizer_description":"<p data-start=\"2394\" data-end=\"2411\"><a href=\"https:\/\/fpnatacao.pt\/uploads\/eventos\/Regulamento_XIX_Circuito_Nacional_AA_2026_.pdf\"><strong data-start=\"2394\" data-end=\"2411\">Regulamento \u2197<\/strong><\/a><\/p>\n<p data-start=\"2413\" data-end=\"2448\"><strong data-start=\"2413\" data-end=\"2421\">Data<\/strong><br data-start=\"2421\" data-end=\"2424\" \/>13 de setembro de 2026<\/p>\n<p data-start=\"2450\" data-end=\"2505\"><strong data-start=\"2450\" data-end=\"2459\">Local<\/strong><br data-start=\"2459\" data-end=\"2462\" \/>Cais da Ferradosa \u2013 S\u00e3o Jo\u00e3o da Pesqueira<\/p>\n<p data-start=\"2507\" data-end=\"2592\"><strong data-start=\"2507\" data-end=\"2517\">Provas<\/strong><br data-start=\"2517\" data-end=\"2520\" \/>3000m \u2013 Prova pontu\u00e1vel (AA e Masters AA)<br data-start=\"2561\" data-end=\"2564\" \/>500m \u2013 Prova de divulga\u00e7\u00e3o<\/p>\n<p data-start=\"2594\" data-end=\"2666\"><strong data-start=\"2594\" data-end=\"2621\">Idade M\u00ednima (Circuito)<\/strong><br data-start=\"2621\" data-end=\"2624\" \/>14 anos (idade considerada a 31\/12\/2026)<\/p>\n<p data-start=\"2668\" data-end=\"2701\"><strong data-start=\"2668\" data-end=\"2692\">Tempo Limite (3000m)<\/strong><br data-start=\"2692\" data-end=\"2695\" \/>1h30<\/p>\n<p data-start=\"2703\" data-end=\"2936\"><strong data-start=\"2703\" data-end=\"2733\">Enquadramento Regulamentar<\/strong><br data-start=\"2733\" data-end=\"2736\" \/>A prova rege-se pelo Regulamento Geral da FPN e Regulamentos World Aquatics.<br data-start=\"2812\" data-end=\"2815\" \/>O uso de fato isot\u00e9rmico depende da temperatura oficial da \u00e1gua.<br data-start=\"2879\" data-end=\"2882\" \/>Cronometragem eletr\u00f3nica assegurada pela Multicrono.<\/p>\n","race_benefits":"<p>\ud83c\udfca Etapa oficial do XIX Circuito Nacional de \u00c1guas Abertas 2025\u20132026<br data-start=\"3033\" data-end=\"3036\" \/>\u23f1\ufe0f Cronometragem eletr\u00f3nica assegurada pela Multicrono<br data-start=\"3090\" data-end=\"3093\" \/>\ud83d\udcca Pontua\u00e7\u00e3o para ranking individual e coletivo do Circuito<br data-start=\"3152\" data-end=\"3155\" \/>\ud83c\udf0a Competi\u00e7\u00e3o em ambiente oficial de \u00e1guas abertas (rio)<br data-start=\"3211\" data-end=\"3214\" \/>\ud83c\udfc5 Pr\u00e9mios finais do Circuito para os nadadores melhor classificados<br data-start=\"3282\" data-end=\"3285\" \/>\ud83d\udee1\ufe0f Prova realizada ao abrigo dos regulamentos FPN e World Aquatics<\/p>\n","organizer_website":{"title":"","url":"","target":"","0":""},"optional_extras":false},"_links":{"self":[{"href":"https:\/\/racefinder.pt\/pt\/wp-json\/wp\/v2\/product\/34731","targetHints":{"allow":["GET"]}}],"collection":[{"href":"https:\/\/racefinder.pt\/pt\/wp-json\/wp\/v2\/product"}],"about":[{"href":"https:\/\/racefinder.pt\/pt\/wp-json\/wp\/v2\/types\/product"}],"replies":[{"embeddable":true,"href":"https:\/\/racefinder.pt\/pt\/wp-json\/wp\/v2\/comments?post=34731"}],"version-history":[{"count":0,"href":"https:\/\/racefinder.pt\/pt\/wp-json\/wp\/v2\/product\/34731\/revisions"}],"wp:featuredmedia":[{"embeddable":true,"href":"https:\/\/racefinder.pt\/pt\/wp-json\/wp\/v2\/media\/34460"}],"wp:attachment":[{"href":"https:\/\/racefinder.pt\/pt\/wp-json\/wp\/v2\/media?parent=34731"}],"wp:term":[{"taxonomy":"product_brand","embeddable":true,"href":"https:\/\/racefinder.pt\/pt\/wp-json\/wp\/v2\/product_brand?post=34731"},{"taxonomy":"product_cat","embeddable":true,"href":"https:\/\/racefinder.pt\/pt\/wp-json\/wp\/v2\/product_cat?post=34731"},{"taxonomy":"product_tag","embeddable":true,"href":"https:\/\/racefinder.pt\/pt\/wp-json\/wp\/v2\/product_tag?post=34731"}],"curies":[{"name":"wp","href":"https:\/\/api.w.org\/{rel}","templated":true}]}}