{"id":34723,"date":"2026-02-27T12:24:55","date_gmt":"2026-02-27T12:24:55","guid":{"rendered":"https:\/\/racefinder.pt\/event\/travessia-da-baia-de-sesimbra\/"},"modified":"2026-02-27T12:24:55","modified_gmt":"2026-02-27T12:24:55","slug":"travessia-da-baia-de-sesimbra","status":"publish","type":"product","link":"https:\/\/racefinder.pt\/pt\/event\/travessia-da-baia-de-sesimbra\/","title":{"rendered":"Travessia da Ba\u00eda de Sesimbra"},"content":{"rendered":"","protected":false},"excerpt":{"rendered":"","protected":false},"featured_media":34462,"comment_status":"open","ping_status":"closed","template":"","meta":{"_acf_changed":false,"footnotes":""},"product_brand":[],"product_cat":[233,248,131],"product_tag":[],"class_list":{"0":"post-34723","1":"product","2":"type-product","3":"status-publish","4":"has-post-thumbnail","6":"product_cat-aguas-abertas","7":"product_cat-kids-pt-2","8":"product_cat-natacao","10":"first","11":"instock","12":"shipping-taxable","13":"product-type-variable"},"acf":{"event_date_start":"20261005","event_date_end":"20261005","event_start_time":"","event_country":"portugal","event_ticket_url":"https:\/\/fpnatacao.pt\/evento.php?codigo=720","event_latitude":"38.4443","event_longitude":"-9.1015","event_rating":"","is_hot_event":false,"event_participants_count":"0","organizer_avatar":false,"event_gallery":false,"purchasing_all_variations_through_woocommerce":false,"event_faq_headline":"","event_faq_items":false,"event_location_text":"Sesimbra, Set\u00fabal","event_short_description":"<p data-start=\"1745\" data-end=\"1959\">A Travessia da Ba\u00eda de Sesimbra realiza-se no dia 5 de outubro de 2026, na Ba\u00eda de Sesimbra. A prova integra o XIX Circuito Nacional de \u00c1guas Abertas 2025\u20132026, sob a \u00e9gide da Federa\u00e7\u00e3o Portuguesa de Nata\u00e7\u00e3o (FPN).<\/p>\n<p data-start=\"1961\" data-end=\"2175\">Disputada em ambiente mar\u00edtimo, esta etapa inclui a dist\u00e2ncia oficial de 2500m pontu\u00e1vel para o Circuito (AA e Masters AA), bem como uma prova de divulga\u00e7\u00e3o de 1500m. A competi\u00e7\u00e3o contribui para o ranking nacional.<\/p>\n","organizer_description":"<p data-start=\"2202\" data-end=\"2219\"><strong data-start=\"2202\" data-end=\"2219\">Regulamento \u2197<\/strong><\/p>\n<p data-start=\"2221\" data-end=\"2254\"><strong data-start=\"2221\" data-end=\"2229\">Data<\/strong><br data-start=\"2229\" data-end=\"2232\" \/>5 de outubro de 2026<\/p>\n<p data-start=\"2256\" data-end=\"2297\"><strong data-start=\"2256\" data-end=\"2265\">Local<\/strong><br data-start=\"2265\" data-end=\"2268\" \/>Ba\u00eda de Sesimbra \u2013 Sesimbra<\/p>\n<p data-start=\"2299\" data-end=\"2385\"><strong data-start=\"2299\" data-end=\"2309\">Provas<\/strong><br data-start=\"2309\" data-end=\"2312\" \/>2500m \u2013 Prova pontu\u00e1vel (AA e Masters AA)<br data-start=\"2353\" data-end=\"2356\" \/>1500m \u2013 Prova de divulga\u00e7\u00e3o<\/p>\n<p data-start=\"2387\" data-end=\"2459\"><strong data-start=\"2387\" data-end=\"2414\">Idade M\u00ednima (Circuito)<\/strong><br data-start=\"2414\" data-end=\"2417\" \/>14 anos (idade considerada a 31\/12\/2026)<\/p>\n<p data-start=\"2461\" data-end=\"2494\"><strong data-start=\"2461\" data-end=\"2485\">Tempo Limite (2500m)<\/strong><br data-start=\"2485\" data-end=\"2488\" \/>1h15<\/p>\n<p data-start=\"2496\" data-end=\"2729\"><strong data-start=\"2496\" data-end=\"2526\">Enquadramento Regulamentar<\/strong><br data-start=\"2526\" data-end=\"2529\" \/>A prova rege-se pelo Regulamento Geral da FPN e Regulamentos World Aquatics.<br data-start=\"2605\" data-end=\"2608\" \/>O uso de fato isot\u00e9rmico depende da temperatura oficial da \u00e1gua.<br data-start=\"2672\" data-end=\"2675\" \/>Cronometragem eletr\u00f3nica assegurada pela Multicrono.<\/p>\n","race_benefits":"<p>\ud83c\udfca Etapa oficial do XIX Circuito Nacional de \u00c1guas Abertas 2025\u20132026<br data-start=\"2826\" data-end=\"2829\" \/>\u23f1\ufe0f Cronometragem eletr\u00f3nica assegurada pela Multicrono<br data-start=\"2883\" data-end=\"2886\" \/>\ud83d\udcca Pontua\u00e7\u00e3o para ranking individual e coletivo do Circuito<br data-start=\"2945\" data-end=\"2948\" \/>\ud83c\udf0a Competi\u00e7\u00e3o em ambiente oficial de \u00e1guas abertas (mar)<br data-start=\"3004\" data-end=\"3007\" \/>\ud83c\udfc5 Pr\u00e9mios finais do Circuito para os nadadores melhor classificados<br data-start=\"3075\" data-end=\"3078\" \/>\ud83d\udee1\ufe0f Prova realizada ao abrigo dos regulamentos FPN e World Aquatics<\/p>\n","organizer_website":{"title":"","url":"","target":"","0":""},"optional_extras":false},"_links":{"self":[{"href":"https:\/\/racefinder.pt\/pt\/wp-json\/wp\/v2\/product\/34723","targetHints":{"allow":["GET"]}}],"collection":[{"href":"https:\/\/racefinder.pt\/pt\/wp-json\/wp\/v2\/product"}],"about":[{"href":"https:\/\/racefinder.pt\/pt\/wp-json\/wp\/v2\/types\/product"}],"replies":[{"embeddable":true,"href":"https:\/\/racefinder.pt\/pt\/wp-json\/wp\/v2\/comments?post=34723"}],"version-history":[{"count":0,"href":"https:\/\/racefinder.pt\/pt\/wp-json\/wp\/v2\/product\/34723\/revisions"}],"wp:featuredmedia":[{"embeddable":true,"href":"https:\/\/racefinder.pt\/pt\/wp-json\/wp\/v2\/media\/34462"}],"wp:attachment":[{"href":"https:\/\/racefinder.pt\/pt\/wp-json\/wp\/v2\/media?parent=34723"}],"wp:term":[{"taxonomy":"product_brand","embeddable":true,"href":"https:\/\/racefinder.pt\/pt\/wp-json\/wp\/v2\/product_brand?post=34723"},{"taxonomy":"product_cat","embeddable":true,"href":"https:\/\/racefinder.pt\/pt\/wp-json\/wp\/v2\/product_cat?post=34723"},{"taxonomy":"product_tag","embeddable":true,"href":"https:\/\/racefinder.pt\/pt\/wp-json\/wp\/v2\/product_tag?post=34723"}],"curies":[{"name":"wp","href":"https:\/\/api.w.org\/{rel}","templated":true}]}}