{"id":34713,"date":"2026-02-27T12:18:17","date_gmt":"2026-02-27T12:18:17","guid":{"rendered":"https:\/\/racefinder.pt\/event\/xxxvi-travessia-dos-templarios\/"},"modified":"2026-02-27T12:18:17","modified_gmt":"2026-02-27T12:18:17","slug":"xxxvi-travessia-dos-templarios","status":"publish","type":"product","link":"https:\/\/racefinder.pt\/pt\/event\/xxxvi-travessia-dos-templarios\/","title":{"rendered":"XXXVI Travessia dos Templ\u00e1rios"},"content":{"rendered":"","protected":false},"excerpt":{"rendered":"","protected":false},"featured_media":34469,"comment_status":"open","ping_status":"closed","template":"","meta":{"_acf_changed":false,"footnotes":""},"product_brand":[],"product_cat":[233,248,131],"product_tag":[],"class_list":{"0":"post-34713","1":"product","2":"type-product","3":"status-publish","4":"has-post-thumbnail","6":"product_cat-aguas-abertas","7":"product_cat-kids-pt-2","8":"product_cat-natacao","10":"first","11":"instock","12":"shipping-taxable","13":"product-type-variable"},"acf":{"event_date_start":"20260927","event_date_end":"20260927","event_start_time":"","event_country":"portugal","event_ticket_url":"https:\/\/fpnatacao.pt\/evento.php?codigo=720","event_latitude":"39.6057","event_longitude":"-8.4092","event_rating":"","is_hot_event":false,"event_participants_count":"0","organizer_avatar":false,"event_gallery":false,"purchasing_all_variations_through_woocommerce":false,"event_faq_headline":"","event_faq_items":false,"event_location_text":"Tomar, Santar\u00e9m","event_short_description":"<p data-start=\"1864\" data-end=\"2101\">A XXXVI Travessia dos Templ\u00e1rios realiza-se no dia 27 de setembro de 2026, na Praia Fluvial de Vila Nova, em Tomar. A prova integra o XIX Circuito Nacional de \u00c1guas Abertas 2025\u20132026, sob a \u00e9gide da Federa\u00e7\u00e3o Portuguesa de Nata\u00e7\u00e3o (FPN).<\/p>\n<p data-start=\"2103\" data-end=\"2334\">Disputada em ambiente fluvial, no Rio Nab\u00e3o, esta etapa inclui a dist\u00e2ncia oficial de 5000m pontu\u00e1vel para o Circuito (AA e Masters AA), bem como provas de divulga\u00e7\u00e3o de 1500m e 400m. A competi\u00e7\u00e3o contribui para o ranking nacional.<\/p>\n","organizer_description":"<p data-start=\"2361\" data-end=\"2378\"><a href=\"https:\/\/fpnatacao.pt\/uploads\/eventos\/Regulamento_XIX_Circuito_Nacional_AA_2026_.pdf\"><strong data-start=\"2361\" data-end=\"2378\">Regulamento \u2197<\/strong><\/a><\/p>\n<p data-start=\"2380\" data-end=\"2415\"><strong data-start=\"2380\" data-end=\"2388\">Data<\/strong><br data-start=\"2388\" data-end=\"2391\" \/>27 de setembro de 2026<\/p>\n<p data-start=\"2417\" data-end=\"2465\"><strong data-start=\"2417\" data-end=\"2426\">Local<\/strong><br data-start=\"2426\" data-end=\"2429\" \/>Praia Fluvial de Vila Nova \u2013 Tomar<\/p>\n<p data-start=\"2467\" data-end=\"2582\"><strong data-start=\"2467\" data-end=\"2477\">Provas<\/strong><br data-start=\"2477\" data-end=\"2480\" \/>5000m \u2013 Prova pontu\u00e1vel (AA e Masters AA)<br data-start=\"2521\" data-end=\"2524\" \/>1500m \u2013 Prova de divulga\u00e7\u00e3o<br data-start=\"2551\" data-end=\"2554\" \/>400m \u2013 Prova de divulga\u00e7\u00e3o<\/p>\n<p data-start=\"2584\" data-end=\"2656\"><strong data-start=\"2584\" data-end=\"2611\">Idade M\u00ednima (Circuito)<\/strong><br data-start=\"2611\" data-end=\"2614\" \/>14 anos (idade considerada a 31\/12\/2026)<\/p>\n<p data-start=\"2658\" data-end=\"2691\"><strong data-start=\"2658\" data-end=\"2682\">Tempo Limite (5000m)<\/strong><br data-start=\"2682\" data-end=\"2685\" \/>2h00<\/p>\n<p data-start=\"2693\" data-end=\"2926\"><strong data-start=\"2693\" data-end=\"2723\">Enquadramento Regulamentar<\/strong><br data-start=\"2723\" data-end=\"2726\" \/>A prova rege-se pelo Regulamento Geral da FPN e Regulamentos World Aquatics.<br data-start=\"2802\" data-end=\"2805\" \/>O uso de fato isot\u00e9rmico depende da temperatura oficial da \u00e1gua.<br data-start=\"2869\" data-end=\"2872\" \/>Cronometragem eletr\u00f3nica assegurada pela Multicrono.<\/p>\n","race_benefits":"<p>\ud83c\udfca Etapa oficial do XIX Circuito Nacional de \u00c1guas Abertas 2025\u20132026<br data-start=\"3023\" data-end=\"3026\" \/>\u23f1\ufe0f Cronometragem eletr\u00f3nica assegurada pela Multicrono<br data-start=\"3080\" data-end=\"3083\" \/>\ud83d\udcca Pontua\u00e7\u00e3o para ranking individual e coletivo do Circuito<br data-start=\"3142\" data-end=\"3145\" \/>\ud83c\udf0a Competi\u00e7\u00e3o em ambiente oficial de \u00e1guas abertas (rio)<br data-start=\"3201\" data-end=\"3204\" \/>\ud83c\udfc5 Pr\u00e9mios finais do Circuito para os nadadores melhor classificados<br data-start=\"3272\" data-end=\"3275\" \/>\ud83d\udee1\ufe0f Prova realizada ao abrigo dos regulamentos FPN e World Aquatics<\/p>\n","organizer_website":{"title":"","url":"","target":"","0":""},"optional_extras":false},"_links":{"self":[{"href":"https:\/\/racefinder.pt\/pt\/wp-json\/wp\/v2\/product\/34713","targetHints":{"allow":["GET"]}}],"collection":[{"href":"https:\/\/racefinder.pt\/pt\/wp-json\/wp\/v2\/product"}],"about":[{"href":"https:\/\/racefinder.pt\/pt\/wp-json\/wp\/v2\/types\/product"}],"replies":[{"embeddable":true,"href":"https:\/\/racefinder.pt\/pt\/wp-json\/wp\/v2\/comments?post=34713"}],"version-history":[{"count":0,"href":"https:\/\/racefinder.pt\/pt\/wp-json\/wp\/v2\/product\/34713\/revisions"}],"wp:featuredmedia":[{"embeddable":true,"href":"https:\/\/racefinder.pt\/pt\/wp-json\/wp\/v2\/media\/34469"}],"wp:attachment":[{"href":"https:\/\/racefinder.pt\/pt\/wp-json\/wp\/v2\/media?parent=34713"}],"wp:term":[{"taxonomy":"product_brand","embeddable":true,"href":"https:\/\/racefinder.pt\/pt\/wp-json\/wp\/v2\/product_brand?post=34713"},{"taxonomy":"product_cat","embeddable":true,"href":"https:\/\/racefinder.pt\/pt\/wp-json\/wp\/v2\/product_cat?post=34713"},{"taxonomy":"product_tag","embeddable":true,"href":"https:\/\/racefinder.pt\/pt\/wp-json\/wp\/v2\/product_tag?post=34713"}],"curies":[{"name":"wp","href":"https:\/\/api.w.org\/{rel}","templated":true}]}}