{"id":34703,"date":"2026-02-27T12:12:08","date_gmt":"2026-02-27T12:12:08","guid":{"rendered":"https:\/\/racefinder.pt\/event\/douro-bridges-porto-gaia-open-water-5a-edicao\/"},"modified":"2026-02-27T12:12:08","modified_gmt":"2026-02-27T12:12:08","slug":"douro-bridges-porto-gaia-open-water-5a-edicao","status":"publish","type":"product","link":"https:\/\/racefinder.pt\/pt\/event\/douro-bridges-porto-gaia-open-water-5a-edicao\/","title":{"rendered":"Douro Bridges Porto &#038; Gaia Open Water \u2013 5\u00aa Edi\u00e7\u00e3o"},"content":{"rendered":"","protected":false},"excerpt":{"rendered":"","protected":false},"featured_media":34472,"comment_status":"open","ping_status":"closed","template":"","meta":{"_acf_changed":false,"footnotes":""},"product_brand":[],"product_cat":[233,248,131],"product_tag":[],"class_list":{"0":"post-34703","1":"product","2":"type-product","3":"status-publish","4":"has-post-thumbnail","6":"product_cat-aguas-abertas","7":"product_cat-kids-pt-2","8":"product_cat-natacao","10":"first","11":"instock","12":"shipping-taxable","13":"product-type-variable"},"acf":{"event_date_start":"20260920","event_date_end":"20260920","event_start_time":"","event_country":"portugal","event_ticket_url":"https:\/\/fpnatacao.pt\/evento.php?codigo=720","event_latitude":"41.1405","event_longitude":"-8.6110","event_rating":"","is_hot_event":false,"event_participants_count":"0","organizer_avatar":false,"event_gallery":false,"purchasing_all_variations_through_woocommerce":false,"event_faq_headline":"","event_faq_items":false,"event_location_text":"Porto","event_short_description":"<p data-start=\"1833\" data-end=\"2097\">O Douro Bridges Porto &amp; Gaia Open Water \u2013 5\u00aa Edi\u00e7\u00e3o realiza-se no dia 20 de setembro de 2026, no Rio Douro, entre o Porto e Vila Nova de Gaia. A prova integra o XIX Circuito Nacional de \u00c1guas Abertas 2025\u20132026, sob a \u00e9gide da Federa\u00e7\u00e3o Portuguesa de Nata\u00e7\u00e3o (FPN).<\/p>\n<p data-start=\"2099\" data-end=\"2306\">Disputada em ambiente fluvial, sob as emblem\u00e1ticas pontes do Douro, esta etapa inclui a dist\u00e2ncia oficial de 4000m pontu\u00e1vel para o Circuito (AA e Masters AA). A competi\u00e7\u00e3o contribui para o ranking nacional.<\/p>\n","organizer_description":"<p data-start=\"2333\" data-end=\"2350\"><a href=\"https:\/\/fpnatacao.pt\/uploads\/eventos\/Regulamento_XIX_Circuito_Nacional_AA_2026_.pdf\"><strong data-start=\"2333\" data-end=\"2350\">Regulamento \u2197<\/strong><\/a><\/p>\n<p data-start=\"2352\" data-end=\"2387\"><strong data-start=\"2352\" data-end=\"2360\">Data<\/strong><br data-start=\"2360\" data-end=\"2363\" \/>20 de setembro de 2026<\/p>\n<p data-start=\"2389\" data-end=\"2440\"><strong data-start=\"2389\" data-end=\"2398\">Local<\/strong><br data-start=\"2398\" data-end=\"2401\" \/>Rio Douro \u2013 Porto \/ Vila Nova de Gaia<\/p>\n<p data-start=\"2442\" data-end=\"2498\"><strong data-start=\"2442\" data-end=\"2452\">Provas<\/strong><br data-start=\"2452\" data-end=\"2455\" \/>4000m \u2013 Prova pontu\u00e1vel (AA e Masters AA)<\/p>\n<p data-start=\"2500\" data-end=\"2572\"><strong data-start=\"2500\" data-end=\"2527\">Idade M\u00ednima (Circuito)<\/strong><br data-start=\"2527\" data-end=\"2530\" \/>14 anos (idade considerada a 31\/12\/2026)<\/p>\n<p data-start=\"2574\" data-end=\"2607\"><strong data-start=\"2574\" data-end=\"2598\">Tempo Limite (4000m)<\/strong><br data-start=\"2598\" data-end=\"2601\" \/>1h45<\/p>\n<p data-start=\"2609\" data-end=\"2842\"><strong data-start=\"2609\" data-end=\"2639\">Enquadramento Regulamentar<\/strong><br data-start=\"2639\" data-end=\"2642\" \/>A prova rege-se pelo Regulamento Geral da FPN e Regulamentos World Aquatics.<br data-start=\"2718\" data-end=\"2721\" \/>O uso de fato isot\u00e9rmico depende da temperatura oficial da \u00e1gua.<br data-start=\"2785\" data-end=\"2788\" \/>Cronometragem eletr\u00f3nica assegurada pela Multicrono.<\/p>\n","race_benefits":"<p>\ud83c\udfca Etapa oficial do XIX Circuito Nacional de \u00c1guas Abertas 2025\u20132026<br data-start=\"2939\" data-end=\"2942\" \/>\u23f1\ufe0f Cronometragem eletr\u00f3nica assegurada pela Multicrono<br data-start=\"2996\" data-end=\"2999\" \/>\ud83d\udcca Pontua\u00e7\u00e3o para ranking individual e coletivo do Circuito<br data-start=\"3058\" data-end=\"3061\" \/>\ud83c\udf09 Competi\u00e7\u00e3o em ambiente oficial de \u00e1guas abertas (rio)<br data-start=\"3117\" data-end=\"3120\" \/>\ud83c\udfc5 Pr\u00e9mios finais do Circuito para os nadadores melhor classificados<br data-start=\"3188\" data-end=\"3191\" \/>\ud83d\udee1\ufe0f Prova realizada ao abrigo dos regulamentos FPN e World Aquatics<\/p>\n","organizer_website":{"title":"","url":"","target":"","0":""},"optional_extras":false},"_links":{"self":[{"href":"https:\/\/racefinder.pt\/pt\/wp-json\/wp\/v2\/product\/34703","targetHints":{"allow":["GET"]}}],"collection":[{"href":"https:\/\/racefinder.pt\/pt\/wp-json\/wp\/v2\/product"}],"about":[{"href":"https:\/\/racefinder.pt\/pt\/wp-json\/wp\/v2\/types\/product"}],"replies":[{"embeddable":true,"href":"https:\/\/racefinder.pt\/pt\/wp-json\/wp\/v2\/comments?post=34703"}],"version-history":[{"count":0,"href":"https:\/\/racefinder.pt\/pt\/wp-json\/wp\/v2\/product\/34703\/revisions"}],"wp:featuredmedia":[{"embeddable":true,"href":"https:\/\/racefinder.pt\/pt\/wp-json\/wp\/v2\/media\/34472"}],"wp:attachment":[{"href":"https:\/\/racefinder.pt\/pt\/wp-json\/wp\/v2\/media?parent=34703"}],"wp:term":[{"taxonomy":"product_brand","embeddable":true,"href":"https:\/\/racefinder.pt\/pt\/wp-json\/wp\/v2\/product_brand?post=34703"},{"taxonomy":"product_cat","embeddable":true,"href":"https:\/\/racefinder.pt\/pt\/wp-json\/wp\/v2\/product_cat?post=34703"},{"taxonomy":"product_tag","embeddable":true,"href":"https:\/\/racefinder.pt\/pt\/wp-json\/wp\/v2\/product_tag?post=34703"}],"curies":[{"name":"wp","href":"https:\/\/api.w.org\/{rel}","templated":true}]}}