{"id":34694,"date":"2026-02-27T12:02:15","date_gmt":"2026-02-27T12:02:15","guid":{"rendered":"https:\/\/racefinder.pt\/event\/xvi-torneio-de-aguas-abertas-do-rio-mondego\/"},"modified":"2026-02-27T12:02:15","modified_gmt":"2026-02-27T12:02:15","slug":"xvi-torneio-de-aguas-abertas-do-rio-mondego","status":"publish","type":"product","link":"https:\/\/racefinder.pt\/pt\/event\/xvi-torneio-de-aguas-abertas-do-rio-mondego\/","title":{"rendered":"XVI Torneio de \u00c1guas Abertas do Rio Mondego"},"content":{"rendered":"","protected":false},"excerpt":{"rendered":"","protected":false},"featured_media":34460,"comment_status":"open","ping_status":"closed","template":"","meta":{"_acf_changed":false,"footnotes":""},"product_brand":[],"product_cat":[233,248,131],"product_tag":[],"class_list":{"0":"post-34694","1":"product","2":"type-product","3":"status-publish","4":"has-post-thumbnail","6":"product_cat-aguas-abertas","7":"product_cat-kids-pt-2","8":"product_cat-natacao","10":"first","11":"instock","12":"shipping-taxable","13":"product-type-variable"},"acf":{"event_date_start":"20260919","event_date_end":"20260919","event_start_time":"","event_country":"portugal","event_ticket_url":"https:\/\/fpnatacao.pt\/evento.php?codigo=720","event_latitude":"40.2033","event_longitude":"-8.4103","event_rating":"","is_hot_event":false,"event_participants_count":"0","organizer_avatar":false,"event_gallery":false,"purchasing_all_variations_through_woocommerce":false,"event_faq_headline":"","event_faq_items":false,"event_location_text":"Coimbra","event_short_description":"<p data-start=\"1809\" data-end=\"2046\">O XVI Torneio de \u00c1guas Abertas do Rio Mondego realiza-se no dia 19 de setembro de 2026, em Coimbra, no Rio Mondego. A prova integra o XIX Circuito Nacional de \u00c1guas Abertas 2025\u20132026, sob a \u00e9gide da Federa\u00e7\u00e3o Portuguesa de Nata\u00e7\u00e3o (FPN).<\/p>\n<p data-start=\"2048\" data-end=\"2265\">Disputada em ambiente fluvial, esta etapa inclui a dist\u00e2ncia oficial de 3000m pontu\u00e1vel para o Circuito (AA e Masters AA), bem como provas de divulga\u00e7\u00e3o de 1000m e 400m. A competi\u00e7\u00e3o contribui para o ranking nacional.<\/p>\n","organizer_description":"<p data-start=\"2292\" data-end=\"2309\"><a href=\"https:\/\/fpnatacao.pt\/uploads\/eventos\/Regulamento_XIX_Circuito_Nacional_AA_2026_.pdf\"><strong data-start=\"2292\" data-end=\"2309\">Regulamento \u2197<\/strong><\/a><\/p>\n<p data-start=\"2311\" data-end=\"2346\"><strong data-start=\"2311\" data-end=\"2319\">Data<\/strong><br data-start=\"2319\" data-end=\"2322\" \/>19 de setembro de 2026<\/p>\n<p data-start=\"2348\" data-end=\"2383\"><strong data-start=\"2348\" data-end=\"2357\">Local<\/strong><br data-start=\"2357\" data-end=\"2360\" \/>Rio Mondego \u2013 Coimbra<\/p>\n<p data-start=\"2385\" data-end=\"2500\"><strong data-start=\"2385\" data-end=\"2395\">Provas<\/strong><br data-start=\"2395\" data-end=\"2398\" \/>3000m \u2013 Prova pontu\u00e1vel (AA e Masters AA)<br data-start=\"2439\" data-end=\"2442\" \/>1000m \u2013 Prova de divulga\u00e7\u00e3o<br data-start=\"2469\" data-end=\"2472\" \/>400m \u2013 Prova de divulga\u00e7\u00e3o<\/p>\n<p data-start=\"2502\" data-end=\"2574\"><strong data-start=\"2502\" data-end=\"2529\">Idade M\u00ednima (Circuito)<\/strong><br data-start=\"2529\" data-end=\"2532\" \/>14 anos (idade considerada a 31\/12\/2026)<\/p>\n<p data-start=\"2576\" data-end=\"2609\"><strong data-start=\"2576\" data-end=\"2600\">Tempo Limite (3000m)<\/strong><br data-start=\"2600\" data-end=\"2603\" \/>1h30<\/p>\n<p data-start=\"2611\" data-end=\"2844\"><strong data-start=\"2611\" data-end=\"2641\">Enquadramento Regulamentar<\/strong><br data-start=\"2641\" data-end=\"2644\" \/>A prova rege-se pelo Regulamento Geral da FPN e Regulamentos World Aquatics.<br data-start=\"2720\" data-end=\"2723\" \/>O uso de fato isot\u00e9rmico depende da temperatura oficial da \u00e1gua.<br data-start=\"2787\" data-end=\"2790\" \/>Cronometragem eletr\u00f3nica assegurada pela Multicrono.<\/p>\n","race_benefits":"<p>\ud83c\udfca Etapa oficial do XIX Circuito Nacional de \u00c1guas Abertas 2025\u20132026<br data-start=\"2941\" data-end=\"2944\" \/>\u23f1\ufe0f Cronometragem eletr\u00f3nica assegurada pela Multicrono<br data-start=\"2998\" data-end=\"3001\" \/>\ud83d\udcca Pontua\u00e7\u00e3o para ranking individual e coletivo do Circuito<br data-start=\"3060\" data-end=\"3063\" \/>\ud83c\udf0a Competi\u00e7\u00e3o em ambiente oficial de \u00e1guas abertas (rio)<br data-start=\"3119\" data-end=\"3122\" \/>\ud83c\udfc5 Pr\u00e9mios finais do Circuito para os nadadores melhor classificados<br data-start=\"3190\" data-end=\"3193\" \/>\ud83d\udee1\ufe0f Prova realizada ao abrigo dos regulamentos FPN e World Aquatics<\/p>\n","organizer_website":{"title":"","url":"","target":"","0":""},"optional_extras":false},"_links":{"self":[{"href":"https:\/\/racefinder.pt\/pt\/wp-json\/wp\/v2\/product\/34694","targetHints":{"allow":["GET"]}}],"collection":[{"href":"https:\/\/racefinder.pt\/pt\/wp-json\/wp\/v2\/product"}],"about":[{"href":"https:\/\/racefinder.pt\/pt\/wp-json\/wp\/v2\/types\/product"}],"replies":[{"embeddable":true,"href":"https:\/\/racefinder.pt\/pt\/wp-json\/wp\/v2\/comments?post=34694"}],"version-history":[{"count":0,"href":"https:\/\/racefinder.pt\/pt\/wp-json\/wp\/v2\/product\/34694\/revisions"}],"wp:featuredmedia":[{"embeddable":true,"href":"https:\/\/racefinder.pt\/pt\/wp-json\/wp\/v2\/media\/34460"}],"wp:attachment":[{"href":"https:\/\/racefinder.pt\/pt\/wp-json\/wp\/v2\/media?parent=34694"}],"wp:term":[{"taxonomy":"product_brand","embeddable":true,"href":"https:\/\/racefinder.pt\/pt\/wp-json\/wp\/v2\/product_brand?post=34694"},{"taxonomy":"product_cat","embeddable":true,"href":"https:\/\/racefinder.pt\/pt\/wp-json\/wp\/v2\/product_cat?post=34694"},{"taxonomy":"product_tag","embeddable":true,"href":"https:\/\/racefinder.pt\/pt\/wp-json\/wp\/v2\/product_tag?post=34694"}],"curies":[{"name":"wp","href":"https:\/\/api.w.org\/{rel}","templated":true}]}}