{"id":34685,"date":"2026-02-27T11:55:34","date_gmt":"2026-02-27T11:55:34","guid":{"rendered":"https:\/\/racefinder.pt\/event\/xiv-travessia-rio-tua\/"},"modified":"2026-02-27T11:55:34","modified_gmt":"2026-02-27T11:55:34","slug":"xiv-travessia-rio-tua","status":"publish","type":"product","link":"https:\/\/racefinder.pt\/pt\/event\/xiv-travessia-rio-tua\/","title":{"rendered":"XIV Travessia Rio Tua"},"content":{"rendered":"","protected":false},"excerpt":{"rendered":"","protected":false},"featured_media":34462,"comment_status":"open","ping_status":"closed","template":"","meta":{"_acf_changed":false,"footnotes":""},"product_brand":[],"product_cat":[233,248,131],"product_tag":[],"class_list":{"0":"post-34685","1":"product","2":"type-product","3":"status-publish","4":"has-post-thumbnail","6":"product_cat-aguas-abertas","7":"product_cat-kids-pt-2","8":"product_cat-natacao","10":"first","11":"instock","12":"shipping-taxable","13":"product-type-variable"},"acf":{"event_date_start":"20260912","event_date_end":"20260912","event_start_time":"","event_country":"portugal","event_ticket_url":"https:\/\/fpnatacao.pt\/evento.php?codigo=720","event_latitude":"41.4869","event_longitude":"-7.1866","event_rating":"","is_hot_event":false,"event_participants_count":"0","organizer_avatar":false,"event_gallery":false,"purchasing_all_variations_through_woocommerce":false,"event_faq_headline":"","event_faq_items":false,"event_location_text":"Mirandela, Bragan\u00e7a","event_short_description":"<p data-start=\"1811\" data-end=\"2024\">A XIV Travessia Rio Tua realiza-se no dia 12 de setembro de 2026, em Mirandela, no Rio Tua. A prova integra o XIX Circuito Nacional de \u00c1guas Abertas 2025\u20132026, sob a \u00e9gide da Federa\u00e7\u00e3o Portuguesa de Nata\u00e7\u00e3o (FPN).<\/p>\n<p data-start=\"2026\" data-end=\"2243\">Disputada em ambiente fluvial, esta etapa inclui a dist\u00e2ncia oficial de 3000m pontu\u00e1vel para o Circuito (AA e Masters AA), bem como provas de divulga\u00e7\u00e3o de 1500m e 400m. A competi\u00e7\u00e3o contribui para o ranking nacional.<\/p>\n","organizer_description":"<p data-start=\"2270\" data-end=\"2287\"><a href=\"https:\/\/fpnatacao.pt\/uploads\/eventos\/Regulamento_XIX_Circuito_Nacional_AA_2026_.pdf\"><strong data-start=\"2270\" data-end=\"2287\">Regulamento \u2197<\/strong><\/a><\/p>\n<p data-start=\"2289\" data-end=\"2324\"><strong data-start=\"2289\" data-end=\"2297\">Data<\/strong><br data-start=\"2297\" data-end=\"2300\" \/>12 de setembro de 2026<\/p>\n<p data-start=\"2326\" data-end=\"2359\"><strong data-start=\"2326\" data-end=\"2335\">Local<\/strong><br data-start=\"2335\" data-end=\"2338\" \/>Rio Tua \u2013 Mirandela<\/p>\n<p data-start=\"2361\" data-end=\"2476\"><strong data-start=\"2361\" data-end=\"2371\">Provas<\/strong><br data-start=\"2371\" data-end=\"2374\" \/>3000m \u2013 Prova pontu\u00e1vel (AA e Masters AA)<br data-start=\"2415\" data-end=\"2418\" \/>1500m \u2013 Prova de divulga\u00e7\u00e3o<br data-start=\"2445\" data-end=\"2448\" \/>400m \u2013 Prova de divulga\u00e7\u00e3o<\/p>\n<p data-start=\"2478\" data-end=\"2550\"><strong data-start=\"2478\" data-end=\"2505\">Idade M\u00ednima (Circuito)<\/strong><br data-start=\"2505\" data-end=\"2508\" \/>14 anos (idade considerada a 31\/12\/2026)<\/p>\n<p data-start=\"2552\" data-end=\"2585\"><strong data-start=\"2552\" data-end=\"2576\">Tempo Limite (3000m)<\/strong><br data-start=\"2576\" data-end=\"2579\" \/>1h30<\/p>\n<p data-start=\"2587\" data-end=\"2820\"><strong data-start=\"2587\" data-end=\"2617\">Enquadramento Regulamentar<\/strong><br data-start=\"2617\" data-end=\"2620\" \/>A prova rege-se pelo Regulamento Geral da FPN e Regulamentos World Aquatics.<br data-start=\"2696\" data-end=\"2699\" \/>O uso de fato isot\u00e9rmico depende da temperatura oficial da \u00e1gua.<br data-start=\"2763\" data-end=\"2766\" \/>Cronometragem eletr\u00f3nica assegurada pela Multicrono.<\/p>\n","race_benefits":"<p>\ud83c\udfca Etapa oficial do XIX Circuito Nacional de \u00c1guas Abertas 2025\u20132026<br data-start=\"151\" data-end=\"154\" \/>\u23f1\ufe0f Cronometragem eletr\u00f3nica assegurada pela Multicrono<br data-start=\"208\" data-end=\"211\" \/>\ud83d\udcca Pontua\u00e7\u00e3o para ranking individual e coletivo do Circuito<br data-start=\"270\" data-end=\"273\" \/>\ud83c\udf0a Competi\u00e7\u00e3o em ambiente oficial de \u00e1guas abertas (rio)<br data-start=\"329\" data-end=\"332\" data-is-only-node=\"\" \/>\ud83c\udfc5 Pr\u00e9mios finais do Circuito para os nadadores melhor classificados<br data-start=\"400\" data-end=\"403\" \/>\ud83d\udee1\ufe0f Prova realizada ao abrigo dos regulamentos FPN e World Aquatics<\/p>\n","organizer_website":{"title":"","url":"","target":"","0":""},"optional_extras":false},"_links":{"self":[{"href":"https:\/\/racefinder.pt\/pt\/wp-json\/wp\/v2\/product\/34685","targetHints":{"allow":["GET"]}}],"collection":[{"href":"https:\/\/racefinder.pt\/pt\/wp-json\/wp\/v2\/product"}],"about":[{"href":"https:\/\/racefinder.pt\/pt\/wp-json\/wp\/v2\/types\/product"}],"replies":[{"embeddable":true,"href":"https:\/\/racefinder.pt\/pt\/wp-json\/wp\/v2\/comments?post=34685"}],"version-history":[{"count":0,"href":"https:\/\/racefinder.pt\/pt\/wp-json\/wp\/v2\/product\/34685\/revisions"}],"wp:featuredmedia":[{"embeddable":true,"href":"https:\/\/racefinder.pt\/pt\/wp-json\/wp\/v2\/media\/34462"}],"wp:attachment":[{"href":"https:\/\/racefinder.pt\/pt\/wp-json\/wp\/v2\/media?parent=34685"}],"wp:term":[{"taxonomy":"product_brand","embeddable":true,"href":"https:\/\/racefinder.pt\/pt\/wp-json\/wp\/v2\/product_brand?post=34685"},{"taxonomy":"product_cat","embeddable":true,"href":"https:\/\/racefinder.pt\/pt\/wp-json\/wp\/v2\/product_cat?post=34685"},{"taxonomy":"product_tag","embeddable":true,"href":"https:\/\/racefinder.pt\/pt\/wp-json\/wp\/v2\/product_tag?post=34685"}],"curies":[{"name":"wp","href":"https:\/\/api.w.org\/{rel}","templated":true}]}}