{"id":34672,"date":"2026-02-27T11:47:37","date_gmt":"2026-02-27T11:47:37","guid":{"rendered":"https:\/\/racefinder.pt\/event\/xi-meeting-internacional-sra-dagonia\/"},"modified":"2026-02-27T11:48:51","modified_gmt":"2026-02-27T11:48:51","slug":"xi-meeting-internacional-sra-dagonia","status":"publish","type":"product","link":"https:\/\/racefinder.pt\/pt\/event\/xi-meeting-internacional-sra-dagonia\/","title":{"rendered":"XI Meeting Internacional Sra. D\u2019Agonia"},"content":{"rendered":"<p><br data-mce-bogus=\"1\"><\/p>\n","protected":false},"excerpt":{"rendered":"<p><br data-mce-bogus=\"1\"><\/p>\n","protected":false},"featured_media":34464,"comment_status":"open","ping_status":"closed","template":"","meta":{"_acf_changed":false,"footnotes":""},"product_brand":[],"product_cat":[131,248,233],"product_tag":[],"class_list":{"0":"post-34672","1":"product","2":"type-product","3":"status-publish","4":"has-post-thumbnail","6":"product_cat-natacao","7":"product_cat-kids-pt-2","8":"product_cat-aguas-abertas","10":"first","11":"instock","12":"shipping-taxable","13":"purchasable","14":"product-type-variable"},"acf":{"event_date_start":"20260906","event_date_end":"20260906","event_start_time":"","event_country":"portugal","event_ticket_url":"https:\/\/fpnatacao.pt\/evento.php?codigo=720","event_latitude":"41.6932","event_longitude":"-8.8329","event_rating":"","is_hot_event":false,"event_participants_count":"0","organizer_avatar":false,"event_gallery":false,"purchasing_all_variations_through_woocommerce":false,"event_faq_headline":"","event_faq_items":false,"event_location_text":"Viana do Castelo","event_short_description":"<p data-start=\"2293\" data-end=\"2517\">O XI Meeting Internacional Sra. D\u2019Agonia realiza-se no dia 6 de setembro de 2026, em Viana do Castelo. A prova integra o XIX Circuito Nacional de \u00c1guas Abertas 2025\u20132026, sob a \u00e9gide da Federa\u00e7\u00e3o Portuguesa de Nata\u00e7\u00e3o (FPN).<\/p>\n<p data-start=\"2519\" data-end=\"2789\">Disputada em mar aberto, esta etapa inclui a dist\u00e2ncia oficial de 4000m pontu\u00e1vel para AA, uma prova de 2000m pontu\u00e1vel para Masters AA e ainda dist\u00e2ncias de divulga\u00e7\u00e3o de 2000m e 500m. A competi\u00e7\u00e3o contribui para o ranking nacional mantendo o seu car\u00e1ter internacional.<\/p>\n","organizer_description":"<p data-start=\"2818\" data-end=\"2835\"><a data-mce-href=\"https:\/\/fpnatacao.pt\/uploads\/eventos\/Regulamento_XIX_Circuito_Nacional_AA_2026_.pdf\" href=\"https:\/\/fpnatacao.pt\/uploads\/eventos\/Regulamento_XIX_Circuito_Nacional_AA_2026_.pdf\"><strong data-start=\"2818\" data-end=\"2835\">Regulamento \u2197<\/strong><\/a><\/p>\n<p data-start=\"2837\" data-end=\"2871\"><strong data-start=\"2837\" data-end=\"2845\">Data<\/strong><br data-start=\"2845\" data-end=\"2848\">6 de setembro de 2026<\/p>\n<p data-start=\"2873\" data-end=\"2903\"><strong data-start=\"2873\" data-end=\"2882\">Local<\/strong><br data-start=\"2882\" data-end=\"2885\">Viana do Castelo<\/p>\n<p data-start=\"2905\" data-end=\"3046\"><strong data-start=\"2905\" data-end=\"2915\">Provas<\/strong><br data-start=\"2915\" data-end=\"2918\">4000m \u2013 Prova pontu\u00e1vel (AA)<br data-start=\"2946\" data-end=\"2949\">2000m \u2013 Prova pontu\u00e1vel (Masters AA)<br data-start=\"2985\" data-end=\"2988\">2000m \u2013 Prova de divulga\u00e7\u00e3o<br data-start=\"3015\" data-end=\"3018\">500m \u2013 Prova de divulga\u00e7\u00e3o<\/p>\n<p data-start=\"3048\" data-end=\"3120\"><strong data-start=\"3048\" data-end=\"3075\">Idade M\u00ednima (Circuito)<\/strong><br data-start=\"3075\" data-end=\"3078\">14 anos (idade considerada a 31\/12\/2026)<\/p>\n<p data-start=\"3122\" data-end=\"3155\"><strong data-start=\"3122\" data-end=\"3146\">Tempo Limite (4000m)<\/strong><br data-start=\"3146\" data-end=\"3149\">1h45<\/p>\n<p data-start=\"3157\" data-end=\"3390\"><strong data-start=\"3157\" data-end=\"3187\">Enquadramento Regulamentar<\/strong><br data-start=\"3187\" data-end=\"3190\">A prova rege-se pelo Regulamento Geral da FPN e Regulamentos World Aquatics.<br data-start=\"3266\" data-end=\"3269\">O uso de fato isot\u00e9rmico depende da temperatura oficial da \u00e1gua.<br data-start=\"3333\" data-end=\"3336\">Cronometragem eletr\u00f3nica assegurada pela Multicrono.<\/p>\n","race_benefits":"<p>\ud83c\udfca Etapa oficial do XIX Circuito Nacional de \u00c1guas Abertas 2025\u20132026<br data-start=\"3488\" data-end=\"3491\">\u23f1\ufe0f Cronometragem eletr\u00f3nica assegurada pela Multicrono<br data-start=\"3545\" data-end=\"3548\">\ud83d\udcca Pontua\u00e7\u00e3o para ranking individual e coletivo do Circuito<br data-start=\"3607\" data-end=\"3610\">\ud83c\udf0a Competi\u00e7\u00e3o em ambiente oficial de \u00e1guas abertas em mar<br data-start=\"3667\" data-end=\"3670\">\ud83c\udfc5 Pr\u00e9mios finais do Circuito para os nadadores melhor classificados<br data-start=\"3738\" data-end=\"3741\">\ud83d\udee1\ufe0f Prova realizada ao abrigo dos regulamentos FPN e World Aquatics<\/p>\n","organizer_website":{"title":"","url":"","target":"","0":""}},"_links":{"self":[{"href":"https:\/\/racefinder.pt\/pt\/wp-json\/wp\/v2\/product\/34672","targetHints":{"allow":["GET"]}}],"collection":[{"href":"https:\/\/racefinder.pt\/pt\/wp-json\/wp\/v2\/product"}],"about":[{"href":"https:\/\/racefinder.pt\/pt\/wp-json\/wp\/v2\/types\/product"}],"replies":[{"embeddable":true,"href":"https:\/\/racefinder.pt\/pt\/wp-json\/wp\/v2\/comments?post=34672"}],"version-history":[{"count":1,"href":"https:\/\/racefinder.pt\/pt\/wp-json\/wp\/v2\/product\/34672\/revisions"}],"predecessor-version":[{"id":34677,"href":"https:\/\/racefinder.pt\/pt\/wp-json\/wp\/v2\/product\/34672\/revisions\/34677"}],"wp:featuredmedia":[{"embeddable":true,"href":"https:\/\/racefinder.pt\/pt\/wp-json\/wp\/v2\/media\/34464"}],"wp:attachment":[{"href":"https:\/\/racefinder.pt\/pt\/wp-json\/wp\/v2\/media?parent=34672"}],"wp:term":[{"taxonomy":"product_brand","embeddable":true,"href":"https:\/\/racefinder.pt\/pt\/wp-json\/wp\/v2\/product_brand?post=34672"},{"taxonomy":"product_cat","embeddable":true,"href":"https:\/\/racefinder.pt\/pt\/wp-json\/wp\/v2\/product_cat?post=34672"},{"taxonomy":"product_tag","embeddable":true,"href":"https:\/\/racefinder.pt\/pt\/wp-json\/wp\/v2\/product_tag?post=34672"}],"curies":[{"name":"wp","href":"https:\/\/api.w.org\/{rel}","templated":true}]}}