{"id":34661,"date":"2026-02-27T11:35:33","date_gmt":"2026-02-27T11:35:33","guid":{"rendered":"https:\/\/racefinder.pt\/event\/x-travessia-da-barragem-de-montargil\/"},"modified":"2026-02-27T11:35:33","modified_gmt":"2026-02-27T11:35:33","slug":"x-travessia-da-barragem-de-montargil","status":"publish","type":"product","link":"https:\/\/racefinder.pt\/pt\/event\/x-travessia-da-barragem-de-montargil\/","title":{"rendered":"X Travessia da Barragem de Montargil"},"content":{"rendered":"","protected":false},"excerpt":{"rendered":"","protected":false},"featured_media":34460,"comment_status":"open","ping_status":"closed","template":"","meta":{"_acf_changed":false,"footnotes":""},"product_brand":[],"product_cat":[233,248,131],"product_tag":[],"class_list":{"0":"post-34661","1":"product","2":"type-product","3":"status-publish","4":"has-post-thumbnail","6":"product_cat-aguas-abertas","7":"product_cat-kids-pt-2","8":"product_cat-natacao","10":"first","11":"instock","12":"shipping-taxable","13":"purchasable","14":"product-type-variable"},"acf":{"event_date_start":"20260905","event_date_end":"20260905","event_start_time":"","event_country":"portugal","event_ticket_url":"https:\/\/fpnatacao.pt\/evento.php?codigo=720","event_latitude":"39.0793","event_longitude":"-8.1706","event_rating":"","is_hot_event":false,"event_participants_count":"0","organizer_avatar":false,"event_gallery":false,"purchasing_all_variations_through_woocommerce":false,"event_faq_headline":"","event_faq_items":false,"event_location_text":"Ponte de Sor, Portalegre","event_short_description":"<p data-start=\"1011\" data-end=\"1255\">A X Travessia da Barragem de Montargil realiza-se no dia 5 de setembro de 2026, na Barragem de Montargil, em Ponte de Sor. A prova integra o XIX Circuito Nacional de \u00c1guas Abertas 2025\u20132026, sob a \u00e9gide da Federa\u00e7\u00e3o Portuguesa de Nata\u00e7\u00e3o (FPN).<\/p>\n<p data-start=\"1257\" data-end=\"1467\">Disputada em albufeira, esta etapa inclui a dist\u00e2ncia oficial de 3000m pontu\u00e1vel para o Circuito (AA e Masters AA), bem como provas de divulga\u00e7\u00e3o de 1500m e 500m. A competi\u00e7\u00e3o contribui para o ranking nacional.<\/p>\n","organizer_description":"<p data-start=\"2062\" data-end=\"2079\"><a href=\"https:\/\/fpnatacao.pt\/uploads\/eventos\/Regulamento_XIX_Circuito_Nacional_AA_2026_.pdf\"><strong data-start=\"2062\" data-end=\"2079\">Regulamento \u2197<\/strong><\/a><\/p>\n<p data-start=\"2081\" data-end=\"2115\"><strong data-start=\"2081\" data-end=\"2089\">Data<\/strong><br data-start=\"2089\" data-end=\"2092\" \/>5 de setembro de 2026<\/p>\n<p data-start=\"2117\" data-end=\"2179\"><strong data-start=\"2117\" data-end=\"2126\">Local<\/strong><br data-start=\"2126\" data-end=\"2129\" \/>Barragem de Montargil \u2013 Ponte de Sor, Portalegre<\/p>\n<p data-start=\"2181\" data-end=\"2296\"><strong data-start=\"2181\" data-end=\"2191\">Provas<\/strong><br data-start=\"2191\" data-end=\"2194\" \/>3000m \u2013 Prova pontu\u00e1vel (AA e Masters AA)<br data-start=\"2235\" data-end=\"2238\" \/>1500m \u2013 Prova de divulga\u00e7\u00e3o<br data-start=\"2265\" data-end=\"2268\" \/>500m \u2013 Prova de divulga\u00e7\u00e3o<\/p>\n<p data-start=\"2298\" data-end=\"2370\"><strong data-start=\"2298\" data-end=\"2325\">Idade M\u00ednima (Circuito)<\/strong><br data-start=\"2325\" data-end=\"2328\" \/>14 anos (idade considerada a 31\/12\/2026)<\/p>\n<p data-start=\"2372\" data-end=\"2405\"><strong data-start=\"2372\" data-end=\"2396\">Tempo Limite (3000m)<\/strong><br data-start=\"2396\" data-end=\"2399\" \/>1h30<\/p>\n<p data-start=\"2407\" data-end=\"2640\"><strong data-start=\"2407\" data-end=\"2437\">Enquadramento Regulamentar<\/strong><br data-start=\"2437\" data-end=\"2440\" \/>A prova rege-se pelo Regulamento Geral da FPN e Regulamentos World Aquatics.<br data-start=\"2516\" data-end=\"2519\" \/>O uso de fato isot\u00e9rmico depende da temperatura oficial da \u00e1gua.<br data-start=\"2583\" data-end=\"2586\" \/>Cronometragem eletr\u00f3nica assegurada pela Multicrono.<\/p>\n","race_benefits":"<p>\ud83c\udfca Etapa oficial do XIX Circuito Nacional de \u00c1guas Abertas 2025\u20132026<br data-start=\"3074\" data-end=\"3077\" \/>\u23f1\ufe0f Cronometragem eletr\u00f3nica assegurada pela Multicrono<br data-start=\"3131\" data-end=\"3134\" \/>\ud83d\udcca Pontua\u00e7\u00e3o para ranking individual e coletivo do Circuito<br data-start=\"3193\" data-end=\"3196\" \/>\ud83c\udf0a Competi\u00e7\u00e3o em ambiente oficial de \u00e1guas abertas (albufeira)<br data-start=\"3258\" data-end=\"3261\" \/>\ud83c\udfc5 Pr\u00e9mios finais do Circuito para os nadadores melhor classificados<br data-start=\"3329\" data-end=\"3332\" \/>\ud83d\udee1\ufe0f Prova realizada ao abrigo dos regulamentos FPN e World Aquatics<\/p>\n","organizer_website":{"title":"","url":"","target":"","0":""}},"_links":{"self":[{"href":"https:\/\/racefinder.pt\/pt\/wp-json\/wp\/v2\/product\/34661","targetHints":{"allow":["GET"]}}],"collection":[{"href":"https:\/\/racefinder.pt\/pt\/wp-json\/wp\/v2\/product"}],"about":[{"href":"https:\/\/racefinder.pt\/pt\/wp-json\/wp\/v2\/types\/product"}],"replies":[{"embeddable":true,"href":"https:\/\/racefinder.pt\/pt\/wp-json\/wp\/v2\/comments?post=34661"}],"version-history":[{"count":0,"href":"https:\/\/racefinder.pt\/pt\/wp-json\/wp\/v2\/product\/34661\/revisions"}],"wp:featuredmedia":[{"embeddable":true,"href":"https:\/\/racefinder.pt\/pt\/wp-json\/wp\/v2\/media\/34460"}],"wp:attachment":[{"href":"https:\/\/racefinder.pt\/pt\/wp-json\/wp\/v2\/media?parent=34661"}],"wp:term":[{"taxonomy":"product_brand","embeddable":true,"href":"https:\/\/racefinder.pt\/pt\/wp-json\/wp\/v2\/product_brand?post=34661"},{"taxonomy":"product_cat","embeddable":true,"href":"https:\/\/racefinder.pt\/pt\/wp-json\/wp\/v2\/product_cat?post=34661"},{"taxonomy":"product_tag","embeddable":true,"href":"https:\/\/racefinder.pt\/pt\/wp-json\/wp\/v2\/product_tag?post=34661"}],"curies":[{"name":"wp","href":"https:\/\/api.w.org\/{rel}","templated":true}]}}