{"id":34641,"date":"2026-02-27T11:03:30","date_gmt":"2026-02-27T11:03:30","guid":{"rendered":"https:\/\/racefinder.pt\/event\/23a-prova-de-mar-lagoa-jorge-lamy\/"},"modified":"2026-05-05T16:02:12","modified_gmt":"2026-05-05T15:02:12","slug":"23a-prova-de-mar-lagoa-jorge-lamy","status":"publish","type":"product","link":"https:\/\/racefinder.pt\/pt\/event\/23a-prova-de-mar-lagoa-jorge-lamy\/","title":{"rendered":"23\u00aa Prova de Mar Lagoa \u2013 Jorge Lamy"},"content":{"rendered":"","protected":false},"excerpt":{"rendered":"","protected":false},"featured_media":34474,"comment_status":"open","ping_status":"closed","template":"","meta":{"_acf_changed":false,"footnotes":""},"product_brand":[],"product_cat":[248,233,131],"product_tag":[],"class_list":{"0":"post-34641","1":"product","2":"type-product","3":"status-publish","4":"has-post-thumbnail","6":"product_cat-kids-pt-2","7":"product_cat-aguas-abertas","8":"product_cat-natacao","10":"first","11":"instock","12":"shipping-taxable","13":"product-type-variable"},"acf":{"event_date_start":"20260809","event_date_end":"20260809","event_start_time":"","event_country":"portugal","event_latitude":"37.1254","event_longitude":"-8.5193","event_rating":"","is_hot_event":false,"event_participants_count":"0","organizer_avatar":false,"event_gallery":false,"purchasing_all_variations_through_woocommerce":false,"event_faq_headline":"","event_faq_items":false,"event_location_text":"Lagoa, Faro","event_short_description":"<h2 data-start=\"1035\" data-end=\"1040\"><\/h2>\n<p data-start=\"1041\" data-end=\"1287\">A 23\u00aa Prova de Mar Lagoa \u2013 Jorge Lamy realiza-se no dia 9 de agosto de 2026, na Praia Grande, em Ferragudo (Lagoa, Algarve). A prova integra o XIX Circuito Nacional de \u00c1guas Abertas 2025\u20132026, sob a \u00e9gide da Federa\u00e7\u00e3o Portuguesa de Nata\u00e7\u00e3o (FPN).<\/p>\n<p data-start=\"1289\" data-end=\"1518\">Disputada em mar aberto na costa algarvia, esta etapa inclui a dist\u00e2ncia oficial de 2000m pontu\u00e1vel para o Circuito (AA e Masters AA), bem como provas de divulga\u00e7\u00e3o de 1000m e 200m. A competi\u00e7\u00e3o contribui para o ranking nacional.<\/p>\n","organizer_description":"<p data-start=\"2099\" data-end=\"2116\"><a href=\"https:\/\/fpnatacao.pt\/uploads\/eventos\/Regulamento_XIX_Circuito_Nacional_AA_2026_.pdf\"><strong data-start=\"2099\" data-end=\"2116\">Regulamento \u2197<\/strong><\/a><\/p>\n<p data-start=\"2118\" data-end=\"2150\"><strong data-start=\"2118\" data-end=\"2126\">Data<\/strong><br data-start=\"2126\" data-end=\"2129\" \/>9 de agosto de 2026<\/p>\n<p data-start=\"2152\" data-end=\"2203\"><strong data-start=\"2152\" data-end=\"2161\">Local<\/strong><br data-start=\"2161\" data-end=\"2164\" \/>Praia Grande, Ferragudo \u2013 Lagoa, Faro<\/p>\n<p data-start=\"2205\" data-end=\"2320\"><strong data-start=\"2205\" data-end=\"2215\">Provas<\/strong><br data-start=\"2215\" data-end=\"2218\" \/>2000m \u2013 Prova pontu\u00e1vel (AA e Masters AA)<br data-start=\"2259\" data-end=\"2262\" \/>1000m \u2013 Prova de divulga\u00e7\u00e3o<br data-start=\"2289\" data-end=\"2292\" \/>200m \u2013 Prova de divulga\u00e7\u00e3o<\/p>\n<p data-start=\"2322\" data-end=\"2394\"><strong data-start=\"2322\" data-end=\"2349\">Idade M\u00ednima (Circuito)<\/strong><br data-start=\"2349\" data-end=\"2352\" \/>14 anos (idade considerada a 31\/12\/2026)<\/p>\n<p data-start=\"2396\" data-end=\"2429\"><strong data-start=\"2396\" data-end=\"2420\">Tempo Limite (2000m)<\/strong><br data-start=\"2420\" data-end=\"2423\" \/>1h00<\/p>\n<p data-start=\"2431\" data-end=\"2664\"><strong data-start=\"2431\" data-end=\"2461\">Enquadramento Regulamentar<\/strong><br data-start=\"2461\" data-end=\"2464\" \/>A prova rege-se pelo Regulamento Geral da FPN e Regulamentos World Aquatics.<br data-start=\"2540\" data-end=\"2543\" \/>O uso de fato isot\u00e9rmico depende da temperatura oficial da \u00e1gua.<br data-start=\"2607\" data-end=\"2610\" \/>Cronometragem eletr\u00f3nica assegurada pela Multicrono.<\/p>\n","race_benefits":"<p data-start=\"3024\" data-end=\"3414\">\ud83c\udfca Etapa oficial do XIX Circuito Nacional de \u00c1guas Abertas 2025\u20132026<br data-start=\"3092\" data-end=\"3095\" \/>\u23f1\ufe0f Cronometragem eletr\u00f3nica assegurada pela Multicrono<br data-start=\"3149\" data-end=\"3152\" \/>\ud83d\udcca Pontua\u00e7\u00e3o para ranking individual e coletivo do Circuito<br data-start=\"3211\" data-end=\"3214\" \/>\ud83c\udf0a Competi\u00e7\u00e3o em ambiente oficial de \u00e1guas abertas em mar<br data-start=\"3271\" data-end=\"3274\" \/>\ud83c\udfc5 Pr\u00e9mios finais do Circuito para os nadadores melhor classificados<br data-start=\"3342\" data-end=\"3345\" \/>\ud83d\udee1\ufe0f Prova realizada ao abrigo dos regulamentos FPN e World Aquatics<\/p>\n","event_ticket_url":"https:\/\/fpnatacao.pt\/evento.php?codigo=720","organizer_website":{"title":"","url":"","target":"","0":""},"optional_extras":false},"_links":{"self":[{"href":"https:\/\/racefinder.pt\/pt\/wp-json\/wp\/v2\/product\/34641","targetHints":{"allow":["GET"]}}],"collection":[{"href":"https:\/\/racefinder.pt\/pt\/wp-json\/wp\/v2\/product"}],"about":[{"href":"https:\/\/racefinder.pt\/pt\/wp-json\/wp\/v2\/types\/product"}],"replies":[{"embeddable":true,"href":"https:\/\/racefinder.pt\/pt\/wp-json\/wp\/v2\/comments?post=34641"}],"version-history":[{"count":1,"href":"https:\/\/racefinder.pt\/pt\/wp-json\/wp\/v2\/product\/34641\/revisions"}],"predecessor-version":[{"id":34645,"href":"https:\/\/racefinder.pt\/pt\/wp-json\/wp\/v2\/product\/34641\/revisions\/34645"}],"wp:featuredmedia":[{"embeddable":true,"href":"https:\/\/racefinder.pt\/pt\/wp-json\/wp\/v2\/media\/34474"}],"wp:attachment":[{"href":"https:\/\/racefinder.pt\/pt\/wp-json\/wp\/v2\/media?parent=34641"}],"wp:term":[{"taxonomy":"product_brand","embeddable":true,"href":"https:\/\/racefinder.pt\/pt\/wp-json\/wp\/v2\/product_brand?post=34641"},{"taxonomy":"product_cat","embeddable":true,"href":"https:\/\/racefinder.pt\/pt\/wp-json\/wp\/v2\/product_cat?post=34641"},{"taxonomy":"product_tag","embeddable":true,"href":"https:\/\/racefinder.pt\/pt\/wp-json\/wp\/v2\/product_tag?post=34641"}],"curies":[{"name":"wp","href":"https:\/\/api.w.org\/{rel}","templated":true}]}}