{"id":34631,"date":"2026-02-27T10:51:33","date_gmt":"2026-02-27T10:51:33","guid":{"rendered":"https:\/\/racefinder.pt\/event\/prova-da-barragem-da-queimadela-10a-edicao\/"},"modified":"2026-02-27T10:57:26","modified_gmt":"2026-02-27T10:57:26","slug":"prova-da-barragem-da-queimadela-10a-edicao","status":"publish","type":"product","link":"https:\/\/racefinder.pt\/pt\/event\/prova-da-barragem-da-queimadela-10a-edicao\/","title":{"rendered":"Prova da Barragem da Queimadela \u2013 10\u00aa Edi\u00e7\u00e3o"},"content":{"rendered":"","protected":false},"excerpt":{"rendered":"","protected":false},"featured_media":34472,"comment_status":"open","ping_status":"closed","template":"","meta":{"_acf_changed":false,"footnotes":""},"product_brand":[],"product_cat":[233,248,131],"product_tag":[],"class_list":{"0":"post-34631","1":"product","2":"type-product","3":"status-publish","4":"has-post-thumbnail","6":"product_cat-aguas-abertas","7":"product_cat-kids-pt-2","8":"product_cat-natacao","10":"first","11":"instock","12":"shipping-taxable","13":"product-type-variable"},"acf":{"event_date_start":"20260802","event_date_end":"20260802","event_start_time":"","event_country":"portugal","event_ticket_url":"https:\/\/fpnatacao.pt\/evento.php?codigo=720","event_latitude":"41.4718","event_longitude":"-8.2065","event_rating":"","is_hot_event":false,"event_participants_count":"0","organizer_avatar":false,"event_gallery":false,"purchasing_all_variations_through_woocommerce":false,"event_faq_headline":"","event_faq_items":false,"event_location_text":"Fafe, Braga","event_short_description":"<p data-start=\"1036\" data-end=\"1284\">A Prova da Barragem da Queimadela \u2013 10\u00aa Edi\u00e7\u00e3o realiza-se no dia 2 de agosto de 2026, na Barragem da Queimadela, em Fafe. A competi\u00e7\u00e3o integra o XIX Circuito Nacional de \u00c1guas Abertas 2025\u20132026, sob a \u00e9gide da Federa\u00e7\u00e3o Portuguesa de Nata\u00e7\u00e3o (FPN).<\/p>\n<p data-start=\"1286\" data-end=\"1506\">Disputada em albufeira, no Rio Vizela, esta etapa inclui a dist\u00e2ncia oficial de 3500m pontu\u00e1vel para o Circuito (AA e Masters AA), bem como provas de divulga\u00e7\u00e3o de 1000m e 500m. A prova contribui para o ranking nacional.<\/p>\n","organizer_description":"<p data-start=\"2098\" data-end=\"2115\"><a href=\"https:\/\/fpnatacao.pt\/uploads\/eventos\/Regulamento_XIX_Circuito_Nacional_AA_2026_.pdf\"><strong data-start=\"2098\" data-end=\"2115\">Regulamento \u2197<\/strong><\/a><\/p>\n<p data-start=\"2117\" data-end=\"2149\"><strong data-start=\"2117\" data-end=\"2125\">Data<\/strong><br data-start=\"2125\" data-end=\"2128\" \/>2 de agosto de 2026<\/p>\n<p data-start=\"2151\" data-end=\"2213\"><strong data-start=\"2151\" data-end=\"2160\">Local<\/strong><br data-start=\"2160\" data-end=\"2163\" \/>Barragem da Queimadela \u2013 Rio Vizela, Fafe, Braga<\/p>\n<p data-start=\"2215\" data-end=\"2330\"><strong data-start=\"2215\" data-end=\"2225\">Provas<\/strong><br data-start=\"2225\" data-end=\"2228\" \/>3500m \u2013 Prova pontu\u00e1vel (AA e Masters AA)<br data-start=\"2269\" data-end=\"2272\" \/>1000m \u2013 Prova de divulga\u00e7\u00e3o<br data-start=\"2299\" data-end=\"2302\" \/>500m \u2013 Prova de divulga\u00e7\u00e3o<\/p>\n<p data-start=\"2332\" data-end=\"2404\"><strong data-start=\"2332\" data-end=\"2359\">Idade M\u00ednima (Circuito)<\/strong><br data-start=\"2359\" data-end=\"2362\" \/>14 anos (idade considerada a 31\/12\/2026)<\/p>\n<p data-start=\"2406\" data-end=\"2439\"><strong data-start=\"2406\" data-end=\"2430\">Tempo Limite (3500m)<\/strong><br data-start=\"2430\" data-end=\"2433\" \/>1h30<\/p>\n<p data-start=\"2441\" data-end=\"2674\"><strong data-start=\"2441\" data-end=\"2471\">Enquadramento Regulamentar<\/strong><br data-start=\"2471\" data-end=\"2474\" \/>A prova rege-se pelo Regulamento Geral da FPN e Regulamentos World Aquatics.<br data-start=\"2550\" data-end=\"2553\" \/>O uso de fato isot\u00e9rmico depende da temperatura oficial da \u00e1gua.<br data-start=\"2617\" data-end=\"2620\" \/>Cronometragem eletr\u00f3nica assegurada pela Multicrono.<\/p>\n","race_benefits":"<p>\ud83c\udfca Etapa oficial do XIX Circuito Nacional de \u00c1guas Abertas 2025\u20132026<br data-start=\"3108\" data-end=\"3111\" \/>\u23f1\ufe0f Cronometragem eletr\u00f3nica assegurada pela Multicrono<br data-start=\"3165\" data-end=\"3168\" \/>\ud83d\udcca Pontua\u00e7\u00e3o para ranking individual e coletivo do Circuito<br data-start=\"3227\" data-end=\"3230\" \/>\ud83c\udf0a Competi\u00e7\u00e3o em ambiente oficial de \u00e1guas abertas (albufeira)<br data-start=\"3292\" data-end=\"3295\" \/>\ud83c\udfc5 Pr\u00e9mios finais do Circuito para os nadadores melhor classificados<br data-start=\"3363\" data-end=\"3366\" \/>\ud83d\udee1\ufe0f Prova realizada ao abrigo dos regulamentos FPN e World Aquatics<\/p>\n","organizer_website":{"title":"","url":"","target":"","0":""},"optional_extras":false},"_links":{"self":[{"href":"https:\/\/racefinder.pt\/pt\/wp-json\/wp\/v2\/product\/34631","targetHints":{"allow":["GET"]}}],"collection":[{"href":"https:\/\/racefinder.pt\/pt\/wp-json\/wp\/v2\/product"}],"about":[{"href":"https:\/\/racefinder.pt\/pt\/wp-json\/wp\/v2\/types\/product"}],"replies":[{"embeddable":true,"href":"https:\/\/racefinder.pt\/pt\/wp-json\/wp\/v2\/comments?post=34631"}],"version-history":[{"count":1,"href":"https:\/\/racefinder.pt\/pt\/wp-json\/wp\/v2\/product\/34631\/revisions"}],"predecessor-version":[{"id":34635,"href":"https:\/\/racefinder.pt\/pt\/wp-json\/wp\/v2\/product\/34631\/revisions\/34635"}],"wp:featuredmedia":[{"embeddable":true,"href":"https:\/\/racefinder.pt\/pt\/wp-json\/wp\/v2\/media\/34472"}],"wp:attachment":[{"href":"https:\/\/racefinder.pt\/pt\/wp-json\/wp\/v2\/media?parent=34631"}],"wp:term":[{"taxonomy":"product_brand","embeddable":true,"href":"https:\/\/racefinder.pt\/pt\/wp-json\/wp\/v2\/product_brand?post=34631"},{"taxonomy":"product_cat","embeddable":true,"href":"https:\/\/racefinder.pt\/pt\/wp-json\/wp\/v2\/product_cat?post=34631"},{"taxonomy":"product_tag","embeddable":true,"href":"https:\/\/racefinder.pt\/pt\/wp-json\/wp\/v2\/product_tag?post=34631"}],"curies":[{"name":"wp","href":"https:\/\/api.w.org\/{rel}","templated":true}]}}