{"id":34582,"date":"2026-02-26T23:05:52","date_gmt":"2026-02-26T23:05:52","guid":{"rendered":"https:\/\/racefinder.pt\/?post_type=product&#038;p=34582"},"modified":"2026-02-27T15:43:01","modified_gmt":"2026-02-27T15:43:01","slug":"3o-corta-mato-da-sismaria-circuito-meio-fundo","status":"publish","type":"product","link":"https:\/\/racefinder.pt\/pt\/event\/3o-corta-mato-da-sismaria-circuito-meio-fundo\/","title":{"rendered":"3\u00ba CORTA MATO DA SISMARIA \u2013 CIRCUITO MEIO FUNDO"},"content":{"rendered":"","protected":false},"excerpt":{"rendered":"","protected":false},"featured_media":34775,"comment_status":"open","ping_status":"closed","template":"","meta":{"_acf_changed":false,"footnotes":""},"product_brand":[],"product_cat":[129,2548,2697,161],"product_tag":[],"class_list":{"0":"post-34582","1":"product","2":"type-product","3":"status-publish","4":"has-post-thumbnail","6":"product_cat-corrida","7":"product_cat-corta-mato","8":"product_cat-jovens","9":"product_cat-kids-pt","11":"first","12":"instock","13":"shipping-taxable","14":"purchasable","15":"product-type-variable"},"acf":{"event_location_text":"Monte Redondo, Leiria","event_short_description":"<p>O 3\u00ba Corta Mato da Sismaria \u00e9 uma prova de corta-mato que se realizar\u00e1 a 1 de mar\u00e7o de 2026, nos terrenos anexos \u00e0 sede da Associa\u00e7\u00e3o Cultural Recreativa Desportiva e Cooperativa da Sismaria, em Monte Redondo, Leiria. O evento oferece v\u00e1rias dist\u00e2ncias, desde 0,5 km para as categorias mais jovens at\u00e9 4 km para seniores e veteranos.<\/p>\n<p>A competi\u00e7\u00e3o est\u00e1 aberta a atletas federados que representem clubes, escolas, INATEL ou que participem individualmente, abrangendo v\u00e1rias categorias et\u00e1rias desde Sub-10 at\u00e9 Veteranos. Inclui classifica\u00e7\u00e3o por equipas baseada na soma de pontos, promovendo um ambiente competitivo e comunit\u00e1rio.<\/p>\n<p>O percurso consiste em voltas ao redor do local, com circuitos pequenos e grandes, e o evento oferece medalhas para os tr\u00eas primeiros classificados em cada categoria e g\u00e9nero, incluindo subdivis\u00f5es para veteranos. Est\u00e3o dispon\u00edveis banhos quentes no polidesportivo para maior conforto dos atletas.<\/p>\n","organizer_description":"<p><strong><a class=\"\" href=\"https:\/\/www.adal.pt\/pdf\/2019-2020\/programas\/2026-03-01%20Corta%20Mato%20Sismaria.pdf\" target=\"_new\" rel=\"noopener\">Regulamento \u2197<\/a><\/strong><\/p>\n<p><strong>Locais de partida\/chegada:<\/strong> Terrenos anexos \u00e0 sede da Associa\u00e7\u00e3o Cultural Recreativa Desportiva e Cooperativa da Sismaria, Rua Jos\u00e9 Duarte Rolo J\u00fanior n\u00ba72, Sismaria, Monte Redondo<\/p>\n<p><strong>Hor\u00e1rios de partida por categoria\/dist\u00e2ncia:<\/strong><br \/>\n\u2022 09:15 &#8211; 4 km Sub20 e Seniores Masculino (4 voltas grandes)<br \/>\n\u2022 09:35 &#8211; 4 km Veteranos Masculino (4 voltas grandes)<br \/>\n\u2022 10:00 &#8211; 4 km Sub20, Seniores e Veteranas Feminino (4 voltas grandes)<br \/>\n\u2022 10:25 &#8211; 0,5 km Sub 10 Feminino (1 volta pequena)<br \/>\n\u2022 10:35 &#8211; 0,5 km Sub 10 Masculino (1 volta pequena)<br \/>\n\u2022 10:45 &#8211; 1 km Sub 12 Feminino (1 volta grande)<br \/>\n\u2022 10:55 &#8211; 1 km Sub 12 Masculino (1 volta grande)<br \/>\n\u2022 11:05 &#8211; 1,5 km Sub 14 Masculino (1 volta pequena + 1 volta grande)<br \/>\n\u2022 11:20 &#8211; 1,5 km Sub 14 Feminino (1 volta pequena + 1 volta grande)<br \/>\n\u2022 11:35 &#8211; 2 km Sub 16 Masculino (2 voltas grandes)<br \/>\n\u2022 11:50 &#8211; 2 km Sub 16 Feminino (2 voltas grandes)<br \/>\n\u2022 12:05 &#8211; 2,5 km Sub 18 Feminino\/Masculino (1 volta pequena + 2 voltas grandes)<\/p>\n<p><strong>Escal\u00f5es\/categorias:<\/strong><br \/>\n\u2022 Sub 10<br \/>\n\u2022 Sub 12<br \/>\n\u2022 Sub 14<br \/>\n\u2022 Sub 16<br \/>\n\u2022 Sub 18<br \/>\n\u2022 Sub 20<br \/>\n\u2022 Seniores<br \/>\n\u2022 Veteranos (com subdivis\u00f5es M35, M40, M45, etc.)<\/p>\n<p><strong>Prazo de inscri\u00e7\u00e3o:<\/strong> 25 de fevereiro de 2026<\/p>\n<p><strong>Percursos da prova:<\/strong> Voltas m\u00faltiplas num percurso com circuitos pequenos e grandes ao redor dos terrenos do evento<\/p>\n<p><strong>Pr\u00e9mios:<\/strong> Medalhas para os tr\u00eas primeiros classificados individuais por categoria e g\u00e9nero; medalhas para os tr\u00eas primeiros veteranos em cada grupo et\u00e1rio; medalhas para as tr\u00eas primeiras equipas<\/p>\n","race_benefits":"<p>\ud83c\udfc5 Medalhas individuais: 3 primeiros classificados por escal\u00e3o e g\u00e9nero<br data-start=\"724\" data-end=\"727\" \/>\ud83c\udfc6 Pr\u00e9mios veteranos: 3 primeiros de cada categoria (M35, M40, M45, etc.)<br data-start=\"800\" data-end=\"803\" \/>\ud83d\udc65 Classifica\u00e7\u00e3o coletiva: Pr\u00e9mios para as 3 primeiras equipas<br data-start=\"865\" data-end=\"868\" \/>\ud83d\udcca Sistema de pontua\u00e7\u00e3o por equipas: Pontos atribu\u00eddos aos 10 primeiros por escal\u00e3o (10\u20131 pontos)<br data-start=\"965\" data-end=\"968\" \/>\ud83c\udf96\ufe0f Ponto de participa\u00e7\u00e3o: Todos os atletas que terminem recebem 1 ponto para a equipa<br data-start=\"1054\" data-end=\"1057\" \/>\ud83d\udebf Banhos quentes dispon\u00edveis nos balne\u00e1rios do polidesportivo<br data-start=\"1119\" data-end=\"1122\" \/>\ud83d\ude91 Presen\u00e7a dos Bombeiros para apoio e seguran\u00e7a<br data-start=\"1170\" data-end=\"1173\" \/>\ud83d\udccd Partida e meta junto \u00e0 sede da organiza\u00e7\u00e3o<\/p>\n","event_faq_headline":"FAQ","event_faq_items":false,"event_date_start":"20260301","event_date_end":"20260301","event_start_time":"","event_country":"portugal","event_ticket_url":"https:\/\/beta.fpacompeticoes.pt\/inscriptions\/5570?index","event_latitude":"39.8812","event_longitude":"-8.8632","event_rating":"","is_hot_event":false,"event_participants_count":"0","organizer_avatar":false,"event_gallery":false,"purchasing_all_variations_through_woocommerce":false,"organizer_website":{"title":"","url":"","target":"","0":""}},"_links":{"self":[{"href":"https:\/\/racefinder.pt\/pt\/wp-json\/wp\/v2\/product\/34582","targetHints":{"allow":["GET"]}}],"collection":[{"href":"https:\/\/racefinder.pt\/pt\/wp-json\/wp\/v2\/product"}],"about":[{"href":"https:\/\/racefinder.pt\/pt\/wp-json\/wp\/v2\/types\/product"}],"replies":[{"embeddable":true,"href":"https:\/\/racefinder.pt\/pt\/wp-json\/wp\/v2\/comments?post=34582"}],"version-history":[{"count":1,"href":"https:\/\/racefinder.pt\/pt\/wp-json\/wp\/v2\/product\/34582\/revisions"}],"predecessor-version":[{"id":34583,"href":"https:\/\/racefinder.pt\/pt\/wp-json\/wp\/v2\/product\/34582\/revisions\/34583"}],"wp:featuredmedia":[{"embeddable":true,"href":"https:\/\/racefinder.pt\/pt\/wp-json\/wp\/v2\/media\/34775"}],"wp:attachment":[{"href":"https:\/\/racefinder.pt\/pt\/wp-json\/wp\/v2\/media?parent=34582"}],"wp:term":[{"taxonomy":"product_brand","embeddable":true,"href":"https:\/\/racefinder.pt\/pt\/wp-json\/wp\/v2\/product_brand?post=34582"},{"taxonomy":"product_cat","embeddable":true,"href":"https:\/\/racefinder.pt\/pt\/wp-json\/wp\/v2\/product_cat?post=34582"},{"taxonomy":"product_tag","embeddable":true,"href":"https:\/\/racefinder.pt\/pt\/wp-json\/wp\/v2\/product_tag?post=34582"}],"curies":[{"name":"wp","href":"https:\/\/api.w.org\/{rel}","templated":true}]}}