{"id":34527,"date":"2026-02-26T18:17:21","date_gmt":"2026-02-26T18:17:21","guid":{"rendered":"https:\/\/racefinder.pt\/event\/vi-meeting-de-aguas-abertas-da-goma\/"},"modified":"2026-02-26T18:23:22","modified_gmt":"2026-02-26T18:23:22","slug":"vi-meeting-de-aguas-abertas-da-goma","status":"publish","type":"product","link":"https:\/\/racefinder.pt\/pt\/event\/vi-meeting-de-aguas-abertas-da-goma\/","title":{"rendered":"VI Meeting de \u00c1guas Abertas da Goma"},"content":{"rendered":"","protected":false},"excerpt":{"rendered":"","protected":false},"featured_media":34469,"comment_status":"open","ping_status":"closed","template":"","meta":{"_acf_changed":false,"footnotes":""},"product_brand":[],"product_cat":[233,248,131],"product_tag":[],"class_list":{"0":"post-34527","1":"product","2":"type-product","3":"status-publish","4":"has-post-thumbnail","6":"product_cat-aguas-abertas","7":"product_cat-kids-pt-2","8":"product_cat-natacao","10":"first","11":"instock","12":"shipping-taxable","13":"product-type-variable"},"acf":{"event_date_start":"20260801","event_date_end":"20260801","event_start_time":"","event_country":"portugal","event_ticket_url":"","event_latitude":"41.5865","event_longitude":"-8.2703","event_rating":"","is_hot_event":false,"event_participants_count":"0","organizer_avatar":false,"event_gallery":false,"purchasing_all_variations_through_woocommerce":false,"event_faq_headline":"","event_faq_items":false,"event_location_text":"","event_short_description":"<p data-start=\"1044\" data-end=\"1311\">O VI Meeting de \u00c1guas Abertas da Goma realiza-se no dia 1 de agosto de 2026, na Barragem das Andorinhas, em Sobradelo da Goma (P\u00f3voa de Lanhoso). A prova integra o XIX Circuito Nacional de \u00c1guas Abertas 2025\u20132026, sob a \u00e9gide da Federa\u00e7\u00e3o Portuguesa de Nata\u00e7\u00e3o (FPN).<\/p>\n<p data-start=\"1313\" data-end=\"1523\">Disputada em albufeira, esta etapa inclui a dist\u00e2ncia oficial de 3000m pontu\u00e1vel para o Circuito (AA e Masters AA), bem como provas de divulga\u00e7\u00e3o de 1500m e 400m. A competi\u00e7\u00e3o contribui para o ranking nacional.<\/p>\n","organizer_description":"<p data-start=\"2135\" data-end=\"2152\"><a href=\"https:\/\/fpnatacao.pt\/uploads\/eventos\/Regulamento_XIX_Circuito_Nacional_AA_2026_.pdf\"><strong data-start=\"2135\" data-end=\"2152\">Regulamento \u2197<\/strong><\/a><\/p>\n<p data-start=\"2154\" data-end=\"2186\"><strong data-start=\"2154\" data-end=\"2162\">Data<\/strong><br data-start=\"2162\" data-end=\"2165\" \/>1 de agosto de 2026<\/p>\n<p data-start=\"2188\" data-end=\"2270\"><strong data-start=\"2188\" data-end=\"2197\">Local<\/strong><br data-start=\"2197\" data-end=\"2200\" \/>Barragem das Andorinhas, Sobradelo da Goma \u2013 P\u00f3voa de Lanhoso, Braga<\/p>\n<p data-start=\"2272\" data-end=\"2387\"><strong data-start=\"2272\" data-end=\"2282\">Provas<\/strong><br data-start=\"2282\" data-end=\"2285\" \/>3000m \u2013 Prova pontu\u00e1vel (AA e Masters AA)<br data-start=\"2326\" data-end=\"2329\" \/>1500m \u2013 Prova de divulga\u00e7\u00e3o<br data-start=\"2356\" data-end=\"2359\" \/>400m \u2013 Prova de divulga\u00e7\u00e3o<\/p>\n<p data-start=\"2389\" data-end=\"2461\"><strong data-start=\"2389\" data-end=\"2416\">Idade M\u00ednima (Circuito)<\/strong><br data-start=\"2416\" data-end=\"2419\" \/>14 anos (idade considerada a 31\/12\/2026)<\/p>\n<p data-start=\"2463\" data-end=\"2496\"><strong data-start=\"2463\" data-end=\"2487\">Tempo Limite (3000m)<\/strong><br data-start=\"2487\" data-end=\"2490\" \/>1h30<\/p>\n<p data-start=\"2498\" data-end=\"2731\"><strong data-start=\"2498\" data-end=\"2528\">Enquadramento Regulamentar<\/strong><br data-start=\"2528\" data-end=\"2531\" \/>A prova rege-se pelo Regulamento Geral da FPN e Regulamentos World Aquatics.<br data-start=\"2607\" data-end=\"2610\" \/>O uso de fato isot\u00e9rmico depende da temperatura oficial da \u00e1gua.<br data-start=\"2674\" data-end=\"2677\" \/>Cronometragem eletr\u00f3nica assegurada pela Multicrono.<\/p>\n","race_benefits":"<p>\ud83c\udfca Etapa oficial do XIX Circuito Nacional de \u00c1guas Abertas 2025\u20132026<br data-start=\"469\" data-end=\"472\" \/>\u23f1\ufe0f Cronometragem eletr\u00f3nica assegurada pela Multicrono<br data-start=\"526\" data-end=\"529\" \/>\ud83d\udcca Pontua\u00e7\u00e3o para ranking individual e coletivo do Circuito<br data-start=\"588\" data-end=\"591\" \/>\ud83c\udf0a Competi\u00e7\u00e3o em ambiente oficial de \u00e1guas abertas (albufeira)<br data-start=\"653\" data-end=\"656\" \/>\ud83c\udfc5 Pr\u00e9mios finais do Circuito para os nadadores melhor classificados<br data-start=\"724\" data-end=\"727\" \/>\ud83d\udee1\ufe0f Prova realizada ao abrigo dos regulamentos FPN e World Aquatics<\/p>\n","organizer_website":{"title":"","url":"","target":"","0":""},"optional_extras":false},"_links":{"self":[{"href":"https:\/\/racefinder.pt\/pt\/wp-json\/wp\/v2\/product\/34527","targetHints":{"allow":["GET"]}}],"collection":[{"href":"https:\/\/racefinder.pt\/pt\/wp-json\/wp\/v2\/product"}],"about":[{"href":"https:\/\/racefinder.pt\/pt\/wp-json\/wp\/v2\/types\/product"}],"replies":[{"embeddable":true,"href":"https:\/\/racefinder.pt\/pt\/wp-json\/wp\/v2\/comments?post=34527"}],"version-history":[{"count":1,"href":"https:\/\/racefinder.pt\/pt\/wp-json\/wp\/v2\/product\/34527\/revisions"}],"predecessor-version":[{"id":34531,"href":"https:\/\/racefinder.pt\/pt\/wp-json\/wp\/v2\/product\/34527\/revisions\/34531"}],"wp:featuredmedia":[{"embeddable":true,"href":"https:\/\/racefinder.pt\/pt\/wp-json\/wp\/v2\/media\/34469"}],"wp:attachment":[{"href":"https:\/\/racefinder.pt\/pt\/wp-json\/wp\/v2\/media?parent=34527"}],"wp:term":[{"taxonomy":"product_brand","embeddable":true,"href":"https:\/\/racefinder.pt\/pt\/wp-json\/wp\/v2\/product_brand?post=34527"},{"taxonomy":"product_cat","embeddable":true,"href":"https:\/\/racefinder.pt\/pt\/wp-json\/wp\/v2\/product_cat?post=34527"},{"taxonomy":"product_tag","embeddable":true,"href":"https:\/\/racefinder.pt\/pt\/wp-json\/wp\/v2\/product_tag?post=34527"}],"curies":[{"name":"wp","href":"https:\/\/api.w.org\/{rel}","templated":true}]}}