{"id":34514,"date":"2026-02-26T18:06:18","date_gmt":"2026-02-26T18:06:18","guid":{"rendered":"https:\/\/racefinder.pt\/event\/xx-travessia-bessone-basto\/"},"modified":"2026-02-27T10:43:43","modified_gmt":"2026-02-27T10:43:43","slug":"xx-travessia-bessone-basto","status":"publish","type":"product","link":"https:\/\/racefinder.pt\/pt\/event\/xx-travessia-bessone-basto\/","title":{"rendered":"XX Travessia Bessone Basto"},"content":{"rendered":"<p><br data-mce-bogus=\"1\"><\/p>\n","protected":false},"excerpt":{"rendered":"<p><br data-mce-bogus=\"1\"><\/p>\n","protected":false},"featured_media":34460,"comment_status":"open","ping_status":"closed","template":"","meta":{"_acf_changed":false,"footnotes":""},"product_brand":[],"product_cat":[131,233,248],"product_tag":[],"class_list":{"0":"post-34514","1":"product","2":"type-product","3":"status-publish","4":"has-post-thumbnail","6":"product_cat-natacao","7":"product_cat-aguas-abertas","8":"product_cat-kids-pt-2","10":"first","11":"instock","12":"shipping-taxable","13":"product-type-variable"},"acf":{"event_date_start":"20260705","event_date_end":"20260705","event_start_time":"","event_country":"portugal","event_ticket_url":"","event_latitude":"38.6869","event_longitude":"-9.3115","event_rating":"","is_hot_event":false,"event_participants_count":"0","organizer_avatar":false,"event_gallery":false,"purchasing_all_variations_through_woocommerce":false,"event_faq_headline":"","event_faq_items":false,"event_location_text":"Oeiras, Lisboa","event_short_description":"<p data-start=\"1147\" data-end=\"1405\">A XX Travessia Bessone Basto realiza-se no dia 5 de julho de 2026, em Oeiras, na zona costeira entre Pa\u00e7o de Arcos e o Porto de Recreio. A prova integra o XIX Circuito Nacional de \u00c1guas Abertas 2025\u20132026, sob a \u00e9gide da Federa\u00e7\u00e3o Portuguesa de Nata\u00e7\u00e3o (FPN).<\/p>\n<p data-start=\"1407\" data-end=\"1618\">Disputada em mar aberto, esta etapa inclui a dist\u00e2ncia oficial de 2500m pontu\u00e1vel para o Circuito (AA e Masters AA), bem como provas de divulga\u00e7\u00e3o de 1000m e 250m. A competi\u00e7\u00e3o contribui para o ranking nacional.<\/p>\n","organizer_description":"<p data-start=\"2208\" data-end=\"2225\"><a data-mce-href=\"https:\/\/fpnatacao.pt\/uploads\/eventos\/Regulamento_XIX_Circuito_Nacional_AA_2026_.pdf\" href=\"https:\/\/fpnatacao.pt\/uploads\/eventos\/Regulamento_XIX_Circuito_Nacional_AA_2026_.pdf\"><strong data-start=\"2208\" data-end=\"2225\">Regulamento \u2197<\/strong><\/a><\/p>\n<p data-start=\"2227\" data-end=\"2258\"><strong data-start=\"2227\" data-end=\"2235\">Data<\/strong><br data-start=\"2235\" data-end=\"2238\">5 de julho de 2026<\/p>\n<p data-start=\"2260\" data-end=\"2322\"><strong data-start=\"2260\" data-end=\"2269\">Local<\/strong><br data-start=\"2269\" data-end=\"2272\">Pa\u00e7o de Arcos \u2013 Porto de Recreio, Oeiras, Lisboa<\/p>\n<p data-start=\"2324\" data-end=\"2439\"><strong data-start=\"2324\" data-end=\"2334\">Provas<\/strong><br data-start=\"2334\" data-end=\"2337\">2500m \u2013 Prova pontu\u00e1vel (AA e Masters AA)<br data-start=\"2378\" data-end=\"2381\">1000m \u2013 Prova de divulga\u00e7\u00e3o<br data-start=\"2408\" data-end=\"2411\">250m \u2013 Prova de divulga\u00e7\u00e3o<\/p>\n<p data-start=\"2441\" data-end=\"2513\"><strong data-start=\"2441\" data-end=\"2468\">Idade M\u00ednima (Circuito)<\/strong><br data-start=\"2468\" data-end=\"2471\">14 anos (idade considerada a 31\/12\/2026)<\/p>\n<p data-start=\"2515\" data-end=\"2548\"><strong data-start=\"2515\" data-end=\"2539\">Tempo Limite (2500m)<\/strong><br data-start=\"2539\" data-end=\"2542\">1h15<\/p>\n<p data-start=\"2550\" data-end=\"2783\"><strong data-start=\"2550\" data-end=\"2580\">Enquadramento Regulamentar<\/strong><br data-start=\"2580\" data-end=\"2583\">A prova rege-se pelo Regulamento Geral da FPN e Regulamentos World Aquatics.<br data-start=\"2659\" data-end=\"2662\">O uso de fato isot\u00e9rmico depende da temperatura oficial da \u00e1gua.<br data-start=\"2726\" data-end=\"2729\">Cronometragem eletr\u00f3nica assegurada pela Multicrono.<\/p>\n","race_benefits":"<p>\ud83c\udfca Etapa oficial do XIX Circuito Nacional de \u00c1guas Abertas 2025\u20132026<br data-start=\"3002\" data-end=\"3005\">\u23f1\ufe0f Cronometragem eletr\u00f3nica assegurada pela Multicrono<br data-start=\"3059\" data-end=\"3062\">\ud83d\udcca Pontua\u00e7\u00e3o para ranking individual e coletivo do Circuito<br data-start=\"3121\" data-end=\"3124\">\ud83c\udf0a Competi\u00e7\u00e3o em ambiente oficial de \u00e1guas abertas em mar<br data-start=\"3181\" data-end=\"3184\">\ud83c\udfc5 Pr\u00e9mios finais do Circuito para os nadadores melhor classificados<br data-start=\"3252\" data-end=\"3255\">\ud83d\udee1\ufe0f Prova realizada ao abrigo dos regulamentos FPN e World Aquatics<\/p>\n","organizer_website":{"title":"","url":"","target":"","0":""},"optional_extras":false},"_links":{"self":[{"href":"https:\/\/racefinder.pt\/pt\/wp-json\/wp\/v2\/product\/34514","targetHints":{"allow":["GET"]}}],"collection":[{"href":"https:\/\/racefinder.pt\/pt\/wp-json\/wp\/v2\/product"}],"about":[{"href":"https:\/\/racefinder.pt\/pt\/wp-json\/wp\/v2\/types\/product"}],"replies":[{"embeddable":true,"href":"https:\/\/racefinder.pt\/pt\/wp-json\/wp\/v2\/comments?post=34514"}],"version-history":[{"count":1,"href":"https:\/\/racefinder.pt\/pt\/wp-json\/wp\/v2\/product\/34514\/revisions"}],"predecessor-version":[{"id":34518,"href":"https:\/\/racefinder.pt\/pt\/wp-json\/wp\/v2\/product\/34514\/revisions\/34518"}],"wp:featuredmedia":[{"embeddable":true,"href":"https:\/\/racefinder.pt\/pt\/wp-json\/wp\/v2\/media\/34460"}],"wp:attachment":[{"href":"https:\/\/racefinder.pt\/pt\/wp-json\/wp\/v2\/media?parent=34514"}],"wp:term":[{"taxonomy":"product_brand","embeddable":true,"href":"https:\/\/racefinder.pt\/pt\/wp-json\/wp\/v2\/product_brand?post=34514"},{"taxonomy":"product_cat","embeddable":true,"href":"https:\/\/racefinder.pt\/pt\/wp-json\/wp\/v2\/product_cat?post=34514"},{"taxonomy":"product_tag","embeddable":true,"href":"https:\/\/racefinder.pt\/pt\/wp-json\/wp\/v2\/product_tag?post=34514"}],"curies":[{"name":"wp","href":"https:\/\/api.w.org\/{rel}","templated":true}]}}