{"id":34161,"date":"2026-02-25T23:29:53","date_gmt":"2026-02-25T23:29:53","guid":{"rendered":"https:\/\/racefinder.pt\/?post_type=product&#038;p=34161"},"modified":"2026-02-26T11:41:15","modified_gmt":"2026-02-26T11:41:15","slug":"x-circuito-do-livramento","status":"publish","type":"product","link":"https:\/\/racefinder.pt\/pt\/event\/x-circuito-do-livramento\/","title":{"rendered":"X Circuito do Livramento"},"content":{"rendered":"","protected":false},"excerpt":{"rendered":"","protected":false},"featured_media":34338,"comment_status":"open","ping_status":"closed","template":"","meta":{"_acf_changed":false,"footnotes":""},"product_brand":[],"product_cat":[129,246],"product_tag":[],"class_list":{"0":"post-34161","1":"product","2":"type-product","3":"status-publish","4":"has-post-thumbnail","6":"product_cat-corrida","7":"product_cat-corrida-de-rua","9":"first","10":"instock","11":"shipping-taxable","12":"purchasable","13":"product-type-variable"},"acf":{"event_location_text":"Livramento, Funchal","event_short_description":"<p>O X Circuito do Livramento \u00e9 uma prova de corrida agendada para 7 de mar\u00e7o de 2026, no Funchal (Livramento), Madeira. O evento apresenta uma corrida de 5,5 km para atletas femininos e masculinos nas categorias sub20, sub23, seniores e veteranos.<\/p>\n<p>A prova \u00e9 destinada exclusivamente a atletas federados nascidos em 2007 ou antes, com participa\u00e7\u00e3o mediante uso obrigat\u00f3rio de dorsal com chip. Faz parte do circuito Madeira a Correr, contando para classifica\u00e7\u00f5es individuais e coletivas.<\/p>\n<p>O percurso \u00e9 um circuito urbano ao longo da Estrada do Livramento e ruas adjacentes, com ambiente competitivo e entrega de pr\u00e9mios para os melhores individuais, equipas e escal\u00f5es.<\/p>\n","organizer_description":"<p><strong><a class=\"\" href=\"https:\/\/atletismodamadeira.pt\/wp-content\/uploads\/2026\/01\/E26-17_Circuito-Livramento.pdf\" target=\"_new\" rel=\"noopener\">Regulamento \u2197<\/a><\/strong><\/p>\n<p><strong>Escal\u00f5es\/categorias:<\/strong><br \/>\n\u2022 Sub20<br \/>\n\u2022 Sub23<br \/>\n\u2022 Seniores<br \/>\n\u2022 Veteranos (35 a 75+)<\/p>\n<p><strong>Locais de partida\/chegada:<\/strong> Partida e chegada no cruzamento com Caminho da Torrinha (perto do Restaurante &#8220;A Seta&#8221;), Funchal (Livramento)<\/p>\n<p><strong>Hor\u00e1rios de partida por categoria\/dist\u00e2ncia:<\/strong><br \/>\n\u2022 Feminino 5,5 km: 17:00<br \/>\n\u2022 Masculino 5,5 km: 17:03<\/p>\n<p><strong>Percursos da prova:<\/strong> Percurso de 5,5 km com partida e chegada no cruzamento do Caminho da Torrinha, seguindo para oeste e leste pela Estrada do Livramento com m\u00faltiplos retornos<\/p>\n<p><strong>Pr\u00e9mios:<\/strong> Pr\u00e9mios para os 3 primeiros individuais gerais (ambos os sexos), 3 primeiras equipas e 3 primeiros por escal\u00e3o; trof\u00e9u para o clube com maior n\u00famero de participantes classificados na prova principal<\/p>\n","race_benefits":"","event_faq_headline":"FAQ","event_faq_items":false,"event_date_start":"20260307","event_date_end":"20260307","event_start_time":"","event_country":"portugal","event_ticket_url":"https:\/\/beta.fpacompeticoes.pt\/competition\/5744\/schedule","event_latitude":"32.6653","event_longitude":"-16.9057","event_rating":"","is_hot_event":false,"event_participants_count":"0","organizer_avatar":false,"event_gallery":false,"purchasing_all_variations_through_woocommerce":false,"organizer_website":{"title":"","url":"","target":"","0":""}},"_links":{"self":[{"href":"https:\/\/racefinder.pt\/pt\/wp-json\/wp\/v2\/product\/34161","targetHints":{"allow":["GET"]}}],"collection":[{"href":"https:\/\/racefinder.pt\/pt\/wp-json\/wp\/v2\/product"}],"about":[{"href":"https:\/\/racefinder.pt\/pt\/wp-json\/wp\/v2\/types\/product"}],"replies":[{"embeddable":true,"href":"https:\/\/racefinder.pt\/pt\/wp-json\/wp\/v2\/comments?post=34161"}],"version-history":[{"count":1,"href":"https:\/\/racefinder.pt\/pt\/wp-json\/wp\/v2\/product\/34161\/revisions"}],"predecessor-version":[{"id":34162,"href":"https:\/\/racefinder.pt\/pt\/wp-json\/wp\/v2\/product\/34161\/revisions\/34162"}],"wp:featuredmedia":[{"embeddable":true,"href":"https:\/\/racefinder.pt\/pt\/wp-json\/wp\/v2\/media\/34338"}],"wp:attachment":[{"href":"https:\/\/racefinder.pt\/pt\/wp-json\/wp\/v2\/media?parent=34161"}],"wp:term":[{"taxonomy":"product_brand","embeddable":true,"href":"https:\/\/racefinder.pt\/pt\/wp-json\/wp\/v2\/product_brand?post=34161"},{"taxonomy":"product_cat","embeddable":true,"href":"https:\/\/racefinder.pt\/pt\/wp-json\/wp\/v2\/product_cat?post=34161"},{"taxonomy":"product_tag","embeddable":true,"href":"https:\/\/racefinder.pt\/pt\/wp-json\/wp\/v2\/product_tag?post=34161"}],"curies":[{"name":"wp","href":"https:\/\/api.w.org\/{rel}","templated":true}]}}