{"id":34135,"date":"2026-02-25T23:23:54","date_gmt":"2026-02-25T23:23:54","guid":{"rendered":"https:\/\/racefinder.pt\/?post_type=product&#038;p=34135"},"modified":"2026-02-26T11:36:24","modified_gmt":"2026-02-26T11:36:24","slug":"corrida-do-super-pai-cuidadores-informais-corrida-virtual-solidaria","status":"publish","type":"product","link":"https:\/\/racefinder.pt\/pt\/event\/corrida-do-super-pai-cuidadores-informais-corrida-virtual-solidaria\/","title":{"rendered":"Corrida do Super Pai &#8211; Cuidadores Informais &#8211; Corrida Virtual Solid\u00e1ria"},"content":{"rendered":"","protected":false},"excerpt":{"rendered":"","protected":false},"featured_media":34340,"comment_status":"open","ping_status":"closed","template":"","meta":{"_acf_changed":false,"footnotes":""},"product_brand":[],"product_cat":[129,225,224,244],"product_tag":[],"class_list":{"0":"post-34135","1":"product","2":"type-product","3":"status-publish","4":"has-post-thumbnail","6":"product_cat-corrida","7":"product_cat-10-km-pt","8":"product_cat-5-km-pt","9":"product_cat-meia-maratona","11":"first","12":"instock","13":"shipping-taxable","14":"purchasable","15":"product-type-variable"},"acf":{"event_location_text":"Virtual Race","event_short_description":"<p>A Corrida do Super Pai &#8211; Cuidadores Informais \u00e9 um evento de corrida virtual que decorre de 19 a 25 de mar\u00e7o de 2026. Os participantes podem correr em qualquer local, cumprindo as dist\u00e2ncias oficiais de 5 km, 10 km ou 21 km.<\/p>\n<p>Este evento est\u00e1 aberto a todas as idades e localiza\u00e7\u00f5es, sem car\u00e1ter competitivo, focando-se na promo\u00e7\u00e3o da atividade f\u00edsica e na liga\u00e7\u00e3o da comunidade. Apoia a Associa\u00e7\u00e3o Nacional Cuidadores Informais, com parte das receitas da venda de T-shirts revertendo para esta causa.<\/p>\n","organizer_description":"<p><strong><a class=\"\" href=\"https:\/\/assets.acorrer.pt\/media\/8849\/699c46ade2f48_Regulamento_Corridas_Virtuais.pdf\" target=\"_new\" rel=\"noopener\">Regulamento \u2197<\/a><\/strong><\/p>\n<p><strong>Locais de partida\/chegada:<\/strong> Em qualquer lugar, pois a corrida \u00e9 virtual<\/p>\n<p><strong>Hor\u00e1rios de partida por categoria\/dist\u00e2ncia:<\/strong> A corrida deve ser realizada entre 19 e 25 de mar\u00e7o de 2026<\/p>\n<p><strong>Prazo de inscri\u00e7\u00e3o:<\/strong> 18 de mar\u00e7o de 2026 \u00e0s 23:59<\/p>\n<p><strong>M\u00e9todo de cronometragem:<\/strong> Os participantes devem registar a corrida com app ou rel\u00f3gio GPS (ex: Strava, Garmin, Nike Run Club) e submeter comprovativo com dist\u00e2ncia, tempo e data<\/p>\n","race_benefits":"","event_faq_headline":"FAQ","event_faq_items":[{"item_title":"Como chegar ao evento?","item_description":"O evento \u00e9 virtual e pode ser realizado em qualquer local escolhido pelo participante."},{"item_title":"As crian\u00e7as podem participar?","item_description":"A participa\u00e7\u00e3o est\u00e1 aberta a todas as idades e localiza\u00e7\u00f5es."},{"item_title":"Como me inscrevo?","item_description":"A inscri\u00e7\u00e3o deve ser feita exclusivamente no site acorrer.pt at\u00e9 18 de mar\u00e7o de 2026."},{"item_title":"Quais s\u00e3o as dist\u00e2ncias dispon\u00edveis?","item_description":"As dist\u00e2ncias oficiais s\u00e3o 5 km, 10 km e 21 km."},{"item_title":"Preciso de equipamento especial?","item_description":"Os participantes precisam de um dispositivo ou app com GPS para registar a corrida e submeter comprovativo com dist\u00e2ncia, tempo e data."}],"event_date_start":"20260319","event_date_end":"20260325","event_start_time":"","event_country":"portugal","event_ticket_url":"https:\/\/acorrer.pt\/eventos\/4214\/info","event_rating":"","is_hot_event":false,"event_participants_count":"0","organizer_avatar":false,"event_gallery":false,"purchasing_all_variations_through_woocommerce":false,"event_latitude":"39.6480","event_longitude":"-8.6198","organizer_website":{"title":"","url":"","target":"","0":""}},"_links":{"self":[{"href":"https:\/\/racefinder.pt\/pt\/wp-json\/wp\/v2\/product\/34135","targetHints":{"allow":["GET"]}}],"collection":[{"href":"https:\/\/racefinder.pt\/pt\/wp-json\/wp\/v2\/product"}],"about":[{"href":"https:\/\/racefinder.pt\/pt\/wp-json\/wp\/v2\/types\/product"}],"replies":[{"embeddable":true,"href":"https:\/\/racefinder.pt\/pt\/wp-json\/wp\/v2\/comments?post=34135"}],"version-history":[{"count":1,"href":"https:\/\/racefinder.pt\/pt\/wp-json\/wp\/v2\/product\/34135\/revisions"}],"predecessor-version":[{"id":34136,"href":"https:\/\/racefinder.pt\/pt\/wp-json\/wp\/v2\/product\/34135\/revisions\/34136"}],"wp:featuredmedia":[{"embeddable":true,"href":"https:\/\/racefinder.pt\/pt\/wp-json\/wp\/v2\/media\/34340"}],"wp:attachment":[{"href":"https:\/\/racefinder.pt\/pt\/wp-json\/wp\/v2\/media?parent=34135"}],"wp:term":[{"taxonomy":"product_brand","embeddable":true,"href":"https:\/\/racefinder.pt\/pt\/wp-json\/wp\/v2\/product_brand?post=34135"},{"taxonomy":"product_cat","embeddable":true,"href":"https:\/\/racefinder.pt\/pt\/wp-json\/wp\/v2\/product_cat?post=34135"},{"taxonomy":"product_tag","embeddable":true,"href":"https:\/\/racefinder.pt\/pt\/wp-json\/wp\/v2\/product_tag?post=34135"}],"curies":[{"name":"wp","href":"https:\/\/api.w.org\/{rel}","templated":true}]}}