{"id":34111,"date":"2026-02-25T23:18:09","date_gmt":"2026-02-25T23:18:09","guid":{"rendered":"https:\/\/racefinder.pt\/?post_type=product&#038;p=34111"},"modified":"2026-02-26T11:24:33","modified_gmt":"2026-02-26T11:24:33","slug":"corrida-da-mulher-corrida-virtual","status":"publish","type":"product","link":"https:\/\/racefinder.pt\/pt\/event\/corrida-da-mulher-corrida-virtual\/","title":{"rendered":"Corrida da Mulher &#8211; Corrida Virtual"},"content":{"rendered":"","protected":false},"excerpt":{"rendered":"","protected":false},"featured_media":34336,"comment_status":"open","ping_status":"closed","template":"","meta":{"_acf_changed":false,"footnotes":""},"product_brand":[],"product_cat":[129,225,224,244],"product_tag":[],"class_list":{"0":"post-34111","1":"product","2":"type-product","3":"status-publish","4":"has-post-thumbnail","6":"product_cat-corrida","7":"product_cat-10-km-pt","8":"product_cat-5-km-pt","9":"product_cat-meia-maratona","11":"first","12":"instock","13":"shipping-taxable","14":"purchasable","15":"product-type-variable"},"acf":{"event_location_text":"Virtual Race","event_short_description":"<p>A Corrida Virtual da Mulher (Corrida da Mulher &#8211; Corrida Virtual) realiza-se de 8 a 15 de mar\u00e7o de 2026 e pode ser feita em qualquer lugar. Este evento virtual oferece tr\u00eas dist\u00e2ncias oficiais: 5 km, 10 km e 21 km, permitindo aos participantes escolher o seu desafio preferido.<\/p>\n<p>Aberto a todas as idades e localiza\u00e7\u00f5es, o evento promove a atividade f\u00edsica e a liga\u00e7\u00e3o comunit\u00e1ria sem car\u00e1ter competitivo. Os participantes submetem os seus dados de corrida via apps GPS, tornando-o acess\u00edvel e flex\u00edvel para todos.<\/p>\n","organizer_description":"<p><strong><a class=\"\" href=\"https:\/\/assets.acorrer.pt\/media\/8847\/699c41926ea82_Regulamento_Corridas_Virtuais.pdf\" target=\"_new\" rel=\"noopener\">Regulamento \u2197<\/a><\/strong><\/p>\n<p><strong>Prazo de inscri\u00e7\u00e3o:<\/strong> S\u00e1bado, 7 de mar\u00e7o de 2026 \u00e0s 23:59<\/p>\n<p data-start=\"2217\" data-end=\"2247\"><strong data-start=\"2217\" data-end=\"2232\">Organiza\u00e7\u00e3o<\/strong><br data-start=\"2232\" data-end=\"2235\" \/>acorrer.pt<\/p>\n<p data-start=\"2249\" data-end=\"2304\"><strong data-start=\"2249\" data-end=\"2267\">Tipo de Evento<\/strong><br data-start=\"2267\" data-end=\"2270\" \/>Corrida virtual, n\u00e3o competitiva<\/p>\n<p data-start=\"2306\" data-end=\"2345\"><strong data-start=\"2306\" data-end=\"2320\">Dist\u00e2ncias<\/strong><br data-start=\"2320\" data-end=\"2323\" \/>5 km<br data-start=\"2327\" data-end=\"2330\" \/>10 km<br data-start=\"2335\" data-end=\"2338\" \/>21 km<\/p>\n<p data-start=\"2347\" data-end=\"2478\"><strong data-start=\"2347\" data-end=\"2363\">Participa\u00e7\u00e3o<\/strong><br data-start=\"2363\" data-end=\"2366\" \/>Aberta a participantes de qualquer idade e localiza\u00e7\u00e3o.<br data-start=\"2421\" data-end=\"2424\" \/>Inscri\u00e7\u00e3o exclusivamente atrav\u00e9s do site acorrer.pt.<\/p>\n<p data-start=\"2480\" data-end=\"2639\"><strong data-start=\"2480\" data-end=\"2503\">Formato do Percurso<\/strong><br data-start=\"2503\" data-end=\"2506\" \/>Percurso livre \u2014 pode ser realizado em qualquer local (rua, trilho, passadeira, etc.), desde que a dist\u00e2ncia oficial seja cumprida.<\/p>\n<p data-start=\"2641\" data-end=\"2828\"><strong data-start=\"2641\" data-end=\"2666\">Per\u00edodo de Realiza\u00e7\u00e3o<\/strong><br data-start=\"2666\" data-end=\"2669\" \/>A corrida deve ser realizada entre a data de in\u00edcio e a data de fim anunciadas no site da prova.<br data-start=\"2765\" data-end=\"2768\" \/>Submiss\u00e3o do registo at\u00e9 \u00e0s 23h59 do \u00faltimo dia do evento.<\/p>\n<p data-start=\"2830\" data-end=\"3097\"><strong data-start=\"2830\" data-end=\"2873\">Cronometragem e Submiss\u00e3o de Resultados<\/strong><br data-start=\"2873\" data-end=\"2876\" \/>A atividade deve ser registada atrav\u00e9s de app ou rel\u00f3gio GPS (ex.: Strava, Garmin, Nike Run Club).<br data-start=\"2974\" data-end=\"2977\" \/>O registo deve ser submetido no link enviado por email.<br data-start=\"3032\" data-end=\"3035\" \/>Apenas ser\u00e3o validados registos com dist\u00e2ncia, tempo e data.<\/p>\n<p data-start=\"3099\" data-end=\"3237\"><strong data-start=\"3099\" data-end=\"3116\">Classifica\u00e7\u00e3o<\/strong><br data-start=\"3116\" data-end=\"3119\" \/>As corridas virtuais n\u00e3o t\u00eam car\u00e1cter competitivo.<br data-start=\"3169\" data-end=\"3172\" \/>Todos os participantes recebem diploma virtual de participa\u00e7\u00e3o.<\/p>\n<p data-start=\"3239\" data-end=\"3397\"><strong data-start=\"3239\" data-end=\"3261\">Direitos de Imagem<\/strong><br data-start=\"3261\" data-end=\"3264\" \/>Ao inscrever-se, o participante autoriza a utiliza\u00e7\u00e3o das imagens submetidas para fins promocionais e divulga\u00e7\u00e3o nas redes sociais.<\/p>\n","race_benefits":"<p>\ud83d\udcdc Diploma virtual de participa\u00e7\u00e3o<br data-start=\"3716\" data-end=\"3719\" \/>\ud83c\udf0d Liberdade para correr em qualquer local<br data-start=\"3761\" data-end=\"3764\" \/>\ud83d\udcf1 Valida\u00e7\u00e3o da atividade atrav\u00e9s de GPS<br data-start=\"3804\" data-end=\"3807\" \/>\ud83e\udd1d Envolvimento e partilha na comunidade<br data-start=\"3847\" data-end=\"3850\" \/>\ud83d\udcf8 Possibilidade de partilhar fotos da prova nas redes sociais oficiais<\/p>\n","event_faq_headline":"FAQ","event_faq_items":[{"item_title":"Como fa\u00e7o a inscri\u00e7\u00e3o no evento?","item_description":"A inscri\u00e7\u00e3o deve ser feita exclusivamente no site acorrer.pt at\u00e9 7 de mar\u00e7o de 2026 \u00e0s 23:59."},{"item_title":"As crian\u00e7as podem participar?","item_description":"A participa\u00e7\u00e3o \u00e9 aberta a todas as idades e localiza\u00e7\u00f5es sem restri\u00e7\u00f5es."},{"item_title":"Como envio os resultados da corrida?","item_description":"Os participantes devem enviar capturas de ecr\u00e3 da app GPS ou rel\u00f3gio com dist\u00e2ncia, tempo e data atrav\u00e9s de um link enviado por email."},{"item_title":"Onde posso realizar a corrida?","item_description":"A corrida pode ser feita em qualquer lugar, incluindo ruas, trilhos ou passadeiras."},{"item_title":"A corrida \u00e9 competitiva?","item_description":"N\u00e3o, o evento n\u00e3o \u00e9 competitivo e todos os participantes recebem um diploma virtual."}],"event_date_start":"20260308","event_date_end":"20260315","event_start_time":"","event_country":"portugal","event_ticket_url":"https:\/\/acorrer.pt\/eventos\/4213\/info","event_rating":"","is_hot_event":false,"event_participants_count":"0","organizer_avatar":false,"event_gallery":false,"purchasing_all_variations_through_woocommerce":false,"event_latitude":"39.6979","event_longitude":"-8.7200","organizer_website":{"title":"","url":"","target":"","0":""}},"_links":{"self":[{"href":"https:\/\/racefinder.pt\/pt\/wp-json\/wp\/v2\/product\/34111","targetHints":{"allow":["GET"]}}],"collection":[{"href":"https:\/\/racefinder.pt\/pt\/wp-json\/wp\/v2\/product"}],"about":[{"href":"https:\/\/racefinder.pt\/pt\/wp-json\/wp\/v2\/types\/product"}],"replies":[{"embeddable":true,"href":"https:\/\/racefinder.pt\/pt\/wp-json\/wp\/v2\/comments?post=34111"}],"version-history":[{"count":2,"href":"https:\/\/racefinder.pt\/pt\/wp-json\/wp\/v2\/product\/34111\/revisions"}],"predecessor-version":[{"id":34347,"href":"https:\/\/racefinder.pt\/pt\/wp-json\/wp\/v2\/product\/34111\/revisions\/34347"}],"wp:featuredmedia":[{"embeddable":true,"href":"https:\/\/racefinder.pt\/pt\/wp-json\/wp\/v2\/media\/34336"}],"wp:attachment":[{"href":"https:\/\/racefinder.pt\/pt\/wp-json\/wp\/v2\/media?parent=34111"}],"wp:term":[{"taxonomy":"product_brand","embeddable":true,"href":"https:\/\/racefinder.pt\/pt\/wp-json\/wp\/v2\/product_brand?post=34111"},{"taxonomy":"product_cat","embeddable":true,"href":"https:\/\/racefinder.pt\/pt\/wp-json\/wp\/v2\/product_cat?post=34111"},{"taxonomy":"product_tag","embeddable":true,"href":"https:\/\/racefinder.pt\/pt\/wp-json\/wp\/v2\/product_tag?post=34111"}],"curies":[{"name":"wp","href":"https:\/\/api.w.org\/{rel}","templated":true}]}}