{"id":34062,"date":"2026-02-25T23:05:51","date_gmt":"2026-02-25T23:05:51","guid":{"rendered":"https:\/\/racefinder.pt\/?post_type=product&#038;p=34062"},"modified":"2026-03-26T09:29:48","modified_gmt":"2026-03-26T09:29:48","slug":"17a-edicao-da-corrida-francisco-lazaro-bairro-de-benfica","status":"publish","type":"product","link":"https:\/\/racefinder.pt\/pt\/event\/17a-edicao-da-corrida-francisco-lazaro-bairro-de-benfica\/","title":{"rendered":"17\u00aa Edi\u00e7\u00e3o da Corrida Francisco L\u00e1zaro Bairro de Benfica"},"content":{"rendered":"","protected":false},"excerpt":{"rendered":"","protected":false},"featured_media":33836,"comment_status":"open","ping_status":"closed","template":"","meta":{"_acf_changed":false,"footnotes":""},"product_brand":[],"product_cat":[140,130,212,129,225,224,161],"product_tag":[],"class_list":{"0":"post-34062","1":"product","2":"type-product","3":"status-publish","4":"has-post-thumbnail","6":"product_cat-caminhada","7":"product_cat-ciclismo","8":"product_cat-ciclismo-de-estrada","9":"product_cat-corrida","10":"product_cat-10-km-pt","11":"product_cat-5-km-pt","12":"product_cat-kids-pt","14":"first","15":"instock","16":"shipping-taxable","17":"purchasable","18":"product-type-variable"},"acf":{"event_location_text":"Lisboa","event_short_description":"<p>A 17\u00aa Edi\u00e7\u00e3o da Corrida Francisco L\u00e1zaro Bairro de Benfica \u00e9 um evento de corrida que se realiza a 18 de abril de 2026, em Benfica, Lisboa. Inclui v\u00e1rias dist\u00e2ncias: corrida de 10 km, mini-corrida\/caminhada\/c\u00e3ominhada de 5 km, evento de ciclismo de 5 km e corrida infantil de 500 m.<\/p>\n<p>A corrida de 10 km \u00e9 aberta a todos os atletas com mais de 18 anos, com v\u00e1rias categorias et\u00e1rias para homens e mulheres. O evento oferece uma atmosfera festiva com festa p\u00f3s-prova e percursos por ruas emblem\u00e1ticas e \u00e1reas naturais de Monsanto.<\/p>\n<p>Os participantes beneficiam de uma organiza\u00e7\u00e3o cuidada, com pontos de abastecimento, medalhas para os finishers e trof\u00e9us para os melhores classificados nas categorias geral e escal\u00f5es.<\/p>\n","organizer_description":"<p><strong><a class=\"\" href=\"https:\/\/xistarca.pt\/wp-content\/uploads\/Regulamento-17-Corrida-Francisco-Lazaro1.pdf\" target=\"_new\" rel=\"noopener\">Regulamento \u2197<\/a><\/strong><\/p>\n<p><strong>Percursos da prova:<\/strong><br \/>\n\u2022 Corrida 10 km \u00e0s 17h30 com percurso urbano e parque<br \/>\n\u2022 Mini-corrida\/caminhada\/c\u00e3ominhada 5 km \u00e0s 17h35, mesmo percurso do ciclismo<br \/>\n\u2022 Benfica a Pedalar (ciclismo) 5 km \u00e0s 16h30, mesmo percurso da caminhada<br \/>\n\u2022 Kids Race 500 m \u00e0s 17h00, percurso de ida e volta no local da partida<\/p>\n<p><strong>Locais de partida\/chegada:<\/strong> Partida na Rua General Morais Sarmento, chegada no Campo Clube Futebol Benfica<\/p>\n<p><strong>Prazo de inscri\u00e7\u00e3o:<\/strong> Inscri\u00e7\u00e3o de \u00faltima hora poss\u00edvel nos locais de levantamento do kit<\/p>\n<p><strong>Levantamento de dorsais (data\/hora e local):<\/strong><br \/>\n\u2022 17 de abril, 10h00\u201318h30 na Xistarca (Cal\u00e7ada da Tapada, 71A, Lisboa)<br \/>\n\u2022 18 de abril, 14h30\u201317h00 no Clube Futebol Benfica<\/p>\n<p><strong>Escal\u00f5es\/categorias:<\/strong><br \/>\n\u2022 10 km masculino e feminino: Juniores e Seniores (18\u201334), Vet I (35\u201339), Vet II (40\u201344), Vet III (45\u201349), Vet IV (50\u201354), Vet V (55\u201359), Vet VI (60\u201364), Vet VII (65+)<\/p>\n<p><strong>Pr\u00e9mios:<\/strong> Trof\u00e9us para os 3 primeiros da geral e escal\u00f5es; medalhas para todos os finishers<\/p>\n<p><strong>M\u00e9todo de cronometragem:<\/strong> Cronometragem por chip para a corrida de 10 km<\/p>\n","race_benefits":"<p>\ud83c\udfbd Kit do atleta: t-shirt t\u00e9cnica opcional, dorsal, chip (para 10 km) e poss\u00edveis ofertas de patrocinadores<br \/>\n\ud83c\udfc5 Pr\u00e9mio de finalista: medalha para todos os finishers, trof\u00e9us para os 3 primeiros da geral e escal\u00f5es<br \/>\n\u23f1\ufe0f Cronometragem + resultados ao vivo por chip para a corrida de 10 km<br \/>\n\ud83d\udedf Apoio de seguran\u00e7a: controlo de tr\u00e2nsito pela PSP, assist\u00eancia m\u00e9dica durante o evento<br \/>\n\ud83e\udd64 Abastecimentos: \u00e1gua aos 5 km e na meta para 10 km; \u00e1gua na meta para 5 km e corrida infantil<\/p>\n","event_faq_headline":"FAQ","event_faq_items":[{"item_title":"Como posso inscrever-me no evento?","item_description":"As inscri\u00e7\u00f5es podem ser feitas online em www.xistarca.pt ou presencialmente na Xistarca. Inscri\u00e7\u00f5es de \u00faltima hora s\u00e3o poss\u00edveis nos locais de levantamento do kit."},{"item_title":"As crian\u00e7as podem participar?","item_description":"Sim, existe uma Kids Race de 500 metros para crian\u00e7as at\u00e9 12 anos."},{"item_title":"Como fa\u00e7o para levantar o kit de corrida?","item_description":"O kit pode ser levantado a 17 de abril das 10h00 \u00e0s 18h30 na Xistarca e a 18 de abril das 14h30 \u00e0s 17h00 no Clube Futebol Benfica."},{"item_title":"Qual \u00e9 a dura\u00e7\u00e3o m\u00e1xima da prova?","item_description":"A prova tem dura\u00e7\u00e3o m\u00e1xima de 2 horas, ap\u00f3s as quais a circula\u00e7\u00e3o autom\u00f3vel ser\u00e1 restabelecida."},{"item_title":"Existe pr\u00e9mio para os finishers?","item_description":"Todos os finishers recebem medalha, e os melhores classificados recebem trof\u00e9us."}],"event_date_start":"20260418","event_date_end":"20260418","event_start_time":"","event_country":"portugal","event_ticket_url":"https:\/\/xistarca.pt\/eventos\/corrida-francisco-lazaro-bairro-de-benfica-2026","event_latitude":"38.7487","event_longitude":"-9.1991","event_rating":"","is_hot_event":false,"event_participants_count":"0","organizer_avatar":false,"event_gallery":false,"purchasing_all_variations_through_woocommerce":false,"optional_extras":false,"organizer_website":{"title":"","url":"","target":"","0":""}},"_links":{"self":[{"href":"https:\/\/racefinder.pt\/pt\/wp-json\/wp\/v2\/product\/34062","targetHints":{"allow":["GET"]}}],"collection":[{"href":"https:\/\/racefinder.pt\/pt\/wp-json\/wp\/v2\/product"}],"about":[{"href":"https:\/\/racefinder.pt\/pt\/wp-json\/wp\/v2\/types\/product"}],"replies":[{"embeddable":true,"href":"https:\/\/racefinder.pt\/pt\/wp-json\/wp\/v2\/comments?post=34062"}],"version-history":[{"count":1,"href":"https:\/\/racefinder.pt\/pt\/wp-json\/wp\/v2\/product\/34062\/revisions"}],"predecessor-version":[{"id":34063,"href":"https:\/\/racefinder.pt\/pt\/wp-json\/wp\/v2\/product\/34062\/revisions\/34063"}],"wp:featuredmedia":[{"embeddable":true,"href":"https:\/\/racefinder.pt\/pt\/wp-json\/wp\/v2\/media\/33836"}],"wp:attachment":[{"href":"https:\/\/racefinder.pt\/pt\/wp-json\/wp\/v2\/media?parent=34062"}],"wp:term":[{"taxonomy":"product_brand","embeddable":true,"href":"https:\/\/racefinder.pt\/pt\/wp-json\/wp\/v2\/product_brand?post=34062"},{"taxonomy":"product_cat","embeddable":true,"href":"https:\/\/racefinder.pt\/pt\/wp-json\/wp\/v2\/product_cat?post=34062"},{"taxonomy":"product_tag","embeddable":true,"href":"https:\/\/racefinder.pt\/pt\/wp-json\/wp\/v2\/product_tag?post=34062"}],"curies":[{"name":"wp","href":"https:\/\/api.w.org\/{rel}","templated":true}]}}