{"id":33617,"date":"2026-02-23T18:34:41","date_gmt":"2026-02-23T18:34:41","guid":{"rendered":"https:\/\/racefinder.pt\/?post_type=product&#038;p=33617"},"modified":"2026-02-24T09:32:19","modified_gmt":"2026-02-24T09:32:19","slug":"corrida-atlantica-2026","status":"publish","type":"product","link":"https:\/\/racefinder.pt\/pt\/event\/corrida-atlantica-2026\/","title":{"rendered":"Corrida Atl\u00e2ntica 2026"},"content":{"rendered":"","protected":false},"excerpt":{"rendered":"","protected":false},"featured_media":33805,"comment_status":"open","ping_status":"closed","template":"","meta":{"_acf_changed":false,"footnotes":""},"product_brand":[],"product_cat":[129,139],"product_tag":[],"class_list":{"0":"post-33617","1":"product","2":"type-product","3":"status-publish","4":"has-post-thumbnail","6":"product_cat-corrida","7":"product_cat-trail-run-pt","9":"first","10":"instock","11":"shipping-taxable","12":"purchasable","13":"product-type-variable"},"acf":{"event_location_text":"Alc\u00e1cer do Sal, Set\u00fabal","event_short_description":"<p>A Corrida Atl\u00e2ntica Comporta \u2013 Tr\u00f3ia \u00e9 uma corrida de 15 km na praia que decorrer\u00e1 a 19 de julho de 2026, na costa atl\u00e2ntica do concelho de Gr\u00e2ndola, Portugal. A prova come\u00e7a na Praia da Comporta e termina na Praia Tr\u00f3ia-Mar, em Tr\u00f3ia, com todo o percurso realizado em areia.<\/p>\n<p>Aberta a todos os indiv\u00edduos com 16 anos ou mais, a prova inclui competi\u00e7\u00f5es individuais e por equipas, onde os tr\u00eas melhores atletas de cada equipa pontuam para a classifica\u00e7\u00e3o coletiva. A corrida oferece pr\u00e9mios monet\u00e1rios e trof\u00e9us para os melhores classificados e por escal\u00f5es et\u00e1rios, bem como trof\u00e9us para as melhores equipas.<\/p>\n<p>Organizada pelo Munic\u00edpio de Gr\u00e2ndola, a prova destaca-se pelo percurso costeiro \u00fanico, inserido numa \u00e1rea natural protegida, com forte \u00eanfase no respeito pelo ambiente. Est\u00e3o dispon\u00edveis transportes em catamar\u00e3 e autocarro para os participantes mediante solicita\u00e7\u00e3o.<\/p>\n","organizer_description":"<p><strong><a class=\"\" href=\"https:\/\/ultramelidestroia.pt\/regulamento-corrida-atlantica\/\" target=\"_new\" rel=\"noopener\">Regulamento \u2197<\/a><\/strong><\/p>\n<p><strong>Escal\u00f5es\/categorias:<\/strong><br \/>\n\u2022 S\u00e9nior Feminino 16\u201334 anos<br \/>\n\u2022 Veterano I Feminino 35\u201339 anos<br \/>\n\u2022 Veterano II Feminino 40\u201344 anos<br \/>\n\u2022 Veterano III Feminino 45\u201349 anos<br \/>\n\u2022 Veterano IV Feminino 50\u201354 anos<br \/>\n\u2022 Veterano V Feminino 55\u201359 anos<br \/>\n\u2022 Veteranos VI Feminino 60\u201364 anos<br \/>\n\u2022 Veterano VII Feminino 65+ anos<br \/>\n\u2022 S\u00e9nior Masculino 16\u201334 anos<br \/>\n\u2022 Veterano I Masculino 35\u201339 anos<br \/>\n\u2022 Veterano II Masculino 40\u201344 anos<br \/>\n\u2022 Veterano III Masculino 45\u201349 anos<br \/>\n\u2022 Veterano IV Masculino 50\u201354 anos<br \/>\n\u2022 Veterano V Masculino 55\u201359 anos<br \/>\n\u2022 Veterano VI Masculino 60\u201364 anos<br \/>\n\u2022 Veterano VII Masculino 65+ anos<\/p>\n<p><strong>Locais de partida\/chegada:<\/strong> Partida na Praia da Comporta, chegada na Praia Tr\u00f3ia-Mar, Tr\u00f3ia<\/p>\n<p><strong>Hor\u00e1rios de partida por categoria\/dist\u00e2ncia:<\/strong> Todas as categorias partem \u00e0s 9h30<\/p>\n<p><strong>Tempos limite:<\/strong> Fecho da prova \u00e0s 12h30<\/p>\n<p><strong>Levantamento de dorsais (data\/hora e local):<\/strong><br \/>\n\u2022 18 de julho, 15h00\u201319h00 no Complexo Desportivo Municipal Jos\u00e9 Afonso, Gr\u00e2ndola<br \/>\n\u2022 19 de julho, 7h30\u20138h30 na Praia da Comporta<\/p>\n<p><strong>Prazo de inscri\u00e7\u00e3o:<\/strong> 6 de julho de 2026<\/p>\n<p><strong>Tipos de piso:<\/strong> Todo o percurso em areia<\/p>\n<p><strong>Formato do percurso:<\/strong> Percurso linear na praia, da Praia da Comporta \u00e0 Praia Tr\u00f3ia-Mar<\/p>\n<p><strong>M\u00e9todo de cronometragem:<\/strong> Controlo manual e eletr\u00f3nico de passagem<\/p>\n<p><strong>WC e localiza\u00e7\u00e3o dos abastecimentos:<\/strong> Sem abastecimentos no percurso; abastecimento na chegada<\/p>\n<p><strong>Estacionamento e shuttles:<\/strong> Transporte em catamar\u00e3 desde o Cais do Catamar\u00e3 em Set\u00fabal \u00e0s 7h10 e autocarro de Tr\u00f3ia para Comporta \u00e0s 7h40, mediante solicita\u00e7\u00e3o e custo adicional<\/p>\n<p><strong>Pr\u00e9mios:<\/strong> Pr\u00e9mios monet\u00e1rios e trof\u00e9us para os 3 primeiros classificados gerais masculinos e femininos, trof\u00e9us para os 3 primeiros de cada escal\u00e3o, trof\u00e9us para as 5 melhores equipas, camisola t\u00e9cnica e medalha de finisher<\/p>\n","race_benefits":"<p>\ud83c\udfc5 Pr\u00e9mio de participa\u00e7\u00e3o: camisola t\u00e9cnica, medalha de finisher e outras lembran\u00e7as<br \/>\n\ud83d\udedf Apoio de seguran\u00e7a: equipa m\u00e9dica ao longo do percurso e na meta, ambul\u00e2ncias dispon\u00edveis<br \/>\n\ud83d\udee1\ufe0f Seguro: seguro de acidentes pessoais inclu\u00eddo na inscri\u00e7\u00e3o<br \/>\n\ud83e\udd64 Abastecimentos: sem abastecimentos no percurso; abastecimento na chegada<br \/>\n\ud83d\ude8c Transporte entre zonas: transporte opcional em catamar\u00e3 e autocarro para atletas, com custo adicional<\/p>\n","event_faq_headline":"FAQ","event_faq_items":[{"item_title":"Como chegar ao evento?","item_description":"Est\u00e1 dispon\u00edvel transporte em catamar\u00e3 desde o Cais do Catamar\u00e3 em Set\u00fabal \u00e0s 7h10 e autocarro de Tr\u00f3ia para Comporta \u00e0s 7h40, mediante solicita\u00e7\u00e3o na inscri\u00e7\u00e3o e pagamento adicional."},{"item_title":"Podem participar crian\u00e7as?","item_description":"A prova \u00e9 aberta a indiv\u00edduos com 16 anos ou mais."},{"item_title":"Como fa\u00e7o a inscri\u00e7\u00e3o?","item_description":"As inscri\u00e7\u00f5es est\u00e3o abertas at\u00e9 6 de julho de 2026 em www.ultramelidestroia.pt. A inscri\u00e7\u00e3o \u00e9 individual e v\u00e1lida ap\u00f3s pagamento."},{"item_title":"\u00c9 necess\u00e1rio equipamento especial?","item_description":"Recomenda-se roupa e cal\u00e7ado adequados para corrida em areia, \u00f3culos de sol, chap\u00e9u e protetor solar. \u00c9 aconselhada prote\u00e7\u00e3o do tronco com t-shirt ou top."},{"item_title":"Qual \u00e9 o tipo de terreno e desn\u00edvel?","item_description":"O percurso de 15 km \u00e9 todo em areia na praia, sem desn\u00edveis, exigindo boa condi\u00e7\u00e3o f\u00edsica devido ao piso arenoso."}],"event_date_start":"20260719","event_date_end":"20260719","event_start_time":"","event_country":"portugal","event_ticket_url":"https:\/\/ultramelidestroia.bol.pt\/Comprar\/Bilhetes\/172727-corrida_atlantica_2026-troia_grandola\/","event_latitude":"38.3824","event_longitude":"-8.8014","event_rating":"","is_hot_event":false,"event_participants_count":"0","organizer_avatar":false,"event_gallery":false,"purchasing_all_variations_through_woocommerce":false,"organizer_website":{"title":"","url":"","target":"","0":""}},"_links":{"self":[{"href":"https:\/\/racefinder.pt\/pt\/wp-json\/wp\/v2\/product\/33617","targetHints":{"allow":["GET"]}}],"collection":[{"href":"https:\/\/racefinder.pt\/pt\/wp-json\/wp\/v2\/product"}],"about":[{"href":"https:\/\/racefinder.pt\/pt\/wp-json\/wp\/v2\/types\/product"}],"replies":[{"embeddable":true,"href":"https:\/\/racefinder.pt\/pt\/wp-json\/wp\/v2\/comments?post=33617"}],"version-history":[{"count":1,"href":"https:\/\/racefinder.pt\/pt\/wp-json\/wp\/v2\/product\/33617\/revisions"}],"predecessor-version":[{"id":33618,"href":"https:\/\/racefinder.pt\/pt\/wp-json\/wp\/v2\/product\/33617\/revisions\/33618"}],"wp:featuredmedia":[{"embeddable":true,"href":"https:\/\/racefinder.pt\/pt\/wp-json\/wp\/v2\/media\/33805"}],"wp:attachment":[{"href":"https:\/\/racefinder.pt\/pt\/wp-json\/wp\/v2\/media?parent=33617"}],"wp:term":[{"taxonomy":"product_brand","embeddable":true,"href":"https:\/\/racefinder.pt\/pt\/wp-json\/wp\/v2\/product_brand?post=33617"},{"taxonomy":"product_cat","embeddable":true,"href":"https:\/\/racefinder.pt\/pt\/wp-json\/wp\/v2\/product_cat?post=33617"},{"taxonomy":"product_tag","embeddable":true,"href":"https:\/\/racefinder.pt\/pt\/wp-json\/wp\/v2\/product_tag?post=33617"}],"curies":[{"name":"wp","href":"https:\/\/api.w.org\/{rel}","templated":true}]}}