{"id":33104,"date":"2026-02-19T23:18:37","date_gmt":"2026-02-19T23:18:37","guid":{"rendered":"https:\/\/racefinder.pt\/?post_type=product&#038;p=33104"},"modified":"2026-02-27T15:06:09","modified_gmt":"2026-02-27T15:06:09","slug":"gran-diagonal","status":"publish","type":"product","link":"https:\/\/racefinder.pt\/pt\/event\/gran-diagonal\/","title":{"rendered":"Gran Diagonal"},"content":{"rendered":"","protected":false},"excerpt":{"rendered":"","protected":false},"featured_media":46874,"comment_status":"open","ping_status":"closed","template":"","meta":{"_acf_changed":false,"footnotes":""},"product_brand":[],"product_cat":[130,237],"product_tag":[],"class_list":{"0":"post-33104","1":"product","2":"type-product","3":"status-publish","4":"has-post-thumbnail","6":"product_cat-ciclismo","7":"product_cat-ultra-cyclismo-pt","9":"first","10":"instock","11":"shipping-taxable","12":"purchasable","13":"product-type-variable"},"acf":{"event_location_text":"Caminha, Viana do Castelo","event_short_description":"<p>A GranDiagonal by EVOC \u00e9 uma aventura de ciclismo de estrada unsupported que decorrer\u00e1 de 13 a 21 de junho de 2026, em Portugal. Este evento de uma \u00fanica etapa cobre uma dist\u00e2ncia de 1.000 km com um desn\u00edvel acumulado de 16.500 metros.<\/p>\n<p>Destinada a ciclistas experientes, a prova desafia os participantes a completar o percurso na modalidade unsupported, enfatizando resist\u00eancia e autossufici\u00eancia. O trajeto atravessa diversas paisagens portuguesas, oferecendo uma experi\u00eancia cicl\u00edstica \u00fanica e exigente.<\/p>\n","organizer_description":"<p><strong><a class=\"\" href=\"https:\/\/www.grandiagonal.cc\/pt\/rules\" target=\"_new\" rel=\"noopener\">Regulamento \u2197<\/a><\/strong><\/p>\n<p><strong>Formato do percurso:<\/strong> Aventura de ciclismo de estrada unsupported, etapa \u00fanica, de ponta a ponta em Portugal<\/p>\n<p><strong>Percursos da prova:<\/strong> Dist\u00e2ncia de 1.000 km com 16.500 m de desn\u00edvel acumulado<\/p>\n<p><strong>Locais de partida\/chegada:<\/strong> Em Portugal, locais exatos n\u00e3o especificados<\/p>\n<p><strong>Hor\u00e1rios de partida por categoria\/dist\u00e2ncia:<\/strong> 13 a 21 de junho de 2026<\/p>\n","race_benefits":"<p>\ud83c\udfbd Kit de atleta: placa oficial de participa\u00e7\u00e3o e pulseira de participante<br data-start=\"1605\" data-end=\"1608\" \/>\u23f1\ufe0f Suporte de cronometragem: acompanhamento opcional de tempo\/controlo em checkpoints (se fornecido)<br data-start=\"1708\" data-end=\"1711\" \/>\ud83c\udfc5 Reconhecimento de finisher: certificado de conclus\u00e3o e resultados digitais publicados<br data-start=\"1885\" data-end=\"1888\" \/>\ud83d\udedf Apoio de seguran\u00e7a: briefing e orienta\u00e7\u00e3o de percurso (formato unsupported; responsabilidade pessoal na navega\u00e7\u00e3o)<br data-start=\"2005\" data-end=\"2008\" \/>\ud83d\udee1\ufe0f Seguro: seguro obrigat\u00f3rio de acidentes pessoais e responsabilidade civil inclu\u00eddo na inscri\u00e7\u00e3o<br data-start=\"2107\" data-end=\"2110\" \/>\ud83d\udccd Informa\u00e7\u00e3o de percurso: ficheiros GPS oficiais disponibilizados para navega\u00e7\u00e3o<br data-start=\"2191\" data-end=\"2194\" \/>\ud83e\uddf0 Informa\u00e7\u00e3o de assist\u00eancia t\u00e9cnica: pontos de apoio mec\u00e2nico comunicados antes do evento (responsabilidade do atleta para reparos)<\/p>\n","event_faq_headline":"FAQ","event_faq_items":false,"event_date_start":"20260613","event_date_end":"20260621","event_start_time":"","event_country":"portugal","event_ticket_url":"https:\/\/www.grandiagonal.cc\/pt\/home","event_latitude":"41.8757","event_longitude":"-8.8388","event_rating":"","is_hot_event":false,"event_participants_count":"0","organizer_avatar":false,"event_gallery":false,"purchasing_all_variations_through_woocommerce":false,"optional_extras":false,"organizer_website":{"title":"","url":"","target":"","0":""}},"_links":{"self":[{"href":"https:\/\/racefinder.pt\/pt\/wp-json\/wp\/v2\/product\/33104","targetHints":{"allow":["GET"]}}],"collection":[{"href":"https:\/\/racefinder.pt\/pt\/wp-json\/wp\/v2\/product"}],"about":[{"href":"https:\/\/racefinder.pt\/pt\/wp-json\/wp\/v2\/types\/product"}],"replies":[{"embeddable":true,"href":"https:\/\/racefinder.pt\/pt\/wp-json\/wp\/v2\/comments?post=33104"}],"version-history":[{"count":1,"href":"https:\/\/racefinder.pt\/pt\/wp-json\/wp\/v2\/product\/33104\/revisions"}],"predecessor-version":[{"id":33105,"href":"https:\/\/racefinder.pt\/pt\/wp-json\/wp\/v2\/product\/33104\/revisions\/33105"}],"wp:featuredmedia":[{"embeddable":true,"href":"https:\/\/racefinder.pt\/pt\/wp-json\/wp\/v2\/media\/46874"}],"wp:attachment":[{"href":"https:\/\/racefinder.pt\/pt\/wp-json\/wp\/v2\/media?parent=33104"}],"wp:term":[{"taxonomy":"product_brand","embeddable":true,"href":"https:\/\/racefinder.pt\/pt\/wp-json\/wp\/v2\/product_brand?post=33104"},{"taxonomy":"product_cat","embeddable":true,"href":"https:\/\/racefinder.pt\/pt\/wp-json\/wp\/v2\/product_cat?post=33104"},{"taxonomy":"product_tag","embeddable":true,"href":"https:\/\/racefinder.pt\/pt\/wp-json\/wp\/v2\/product_tag?post=33104"}],"curies":[{"name":"wp","href":"https:\/\/api.w.org\/{rel}","templated":true}]}}