{"id":32633,"date":"2026-02-17T23:18:41","date_gmt":"2026-02-17T23:18:41","guid":{"rendered":"https:\/\/racefinder.pt\/?post_type=product&#038;p=32633"},"modified":"2026-02-18T11:44:32","modified_gmt":"2026-02-18T11:44:32","slug":"granfondo-leiria-region","status":"publish","type":"product","link":"https:\/\/racefinder.pt\/pt\/event\/granfondo-leiria-region\/","title":{"rendered":"GRANFONDO LEIRIA REGION"},"content":{"rendered":"<p><br data-mce-bogus=\"1\"><\/p>\n","protected":false},"excerpt":{"rendered":"<p><br data-mce-bogus=\"1\"><\/p>\n","protected":false},"featured_media":32718,"comment_status":"open","ping_status":"closed","template":"","meta":{"_acf_changed":false,"footnotes":""},"product_brand":[],"product_cat":[130,212],"product_tag":[],"class_list":{"0":"post-32633","1":"product","2":"type-product","3":"status-publish","4":"has-post-thumbnail","6":"product_cat-ciclismo","7":"product_cat-ciclismo-de-estrada","9":"first","10":"instock","11":"shipping-taxable","12":"purchasable","13":"product-type-variable"},"acf":{"event_location_text":"Praia de Pedrog\u00e3o, Leiria","event_short_description":"<p>O Granfondo Leiria Region \u00e9 um evento de ciclismo de estrada que se realiza nos dias 28 e 29 de mar\u00e7o de 2026, na regi\u00e3o de Leiria, Portugal. Inclui um contrarrel\u00f3gio individual no primeiro dia e provas de Granfondo\/Mediofondo no segundo dia.<\/p>\n<p>Aberto a todos os ciclistas com 19 anos ou mais, federados ou n\u00e3o, \u00e9 o \u00fanico evento portugu\u00eas inclu\u00eddo no calend\u00e1rio UCI Gran Fondo World Series, oferecendo pontos de qualifica\u00e7\u00e3o para o Campeonato Mundial UCI Gran Fondo 2026. Os percursos s\u00e3o desafiantes e tecnicamente exigentes, inseridos numa regi\u00e3o de paisagens diversificadas e patrim\u00f3nio hist\u00f3rico.<\/p>\n<p>O evento promove uma atmosfera festiva de celebra\u00e7\u00e3o do ciclismo, combinando competi\u00e7\u00e3o de alto n\u00edvel com oportunidades de supera\u00e7\u00e3o pessoal e conv\u00edvio ao longo de um fim de semana completo.<\/p>\n","organizer_description":"<p><strong><a class=\"\" href=\"https:\/\/cabreirasolutions.com\/evento\/granfondo-leiria-region\/?tab=regulamento#page-content\" target=\"_new\" rel=\"noopener\" data-mce-href=\"https:\/\/cabreirasolutions.com\/evento\/granfondo-leiria-region\/?tab=regulamento#page-content\">Regulamento \u2197<\/a><\/strong><\/p>\n<p><strong>Locais de partida\/chegada:<\/strong><br \/>\u2022 28 de mar\u00e7o: Leiria (Praia do Pedrog\u00e3o) para o contrarrel\u00f3gio individual<br \/>\u2022 29 de mar\u00e7o: Pombal (Centro de Exposi\u00e7\u00f5es de Pombal) para Granfondo\/Mediofondo<\/p>\n<p><strong>Hor\u00e1rios de partida por categoria\/dist\u00e2ncia:<\/strong><br \/>\u2022 28 de mar\u00e7o (Contrarrel\u00f3gio): 10:00<br \/>\u2022 29 de mar\u00e7o (Granfondo\/Mediofondo): 09:00<\/p>\n<p><strong>Prazo de inscri\u00e7\u00e3o:<\/strong> 24 de mar\u00e7o de 2026 \u00e0s 23h59 ou at\u00e9 atingir o limite de 1000 participantes<\/p>\n<p><strong>Limite de participantes:<\/strong> 1000<\/p>\n<p><strong>Escal\u00f5es\/categorias:<\/strong><br \/>\u2022 Granfondo com qualifica\u00e7\u00e3o UCI: 19\u201334, 35\u201339, 40\u201344, 45\u201349, 50\u201354, 55\u201359 (masculino e feminino conforme especificado)<br \/>\u2022 Mediofondo com qualifica\u00e7\u00e3o UCI: 40\u201344, 45\u201349, 50\u201354, 55\u201359, 60\u201364, 65\u201369, 70\u201374, 75\u201379 (masculino e feminino conforme especificado)<br \/>\u2022 Granfondo sem qualifica\u00e7\u00e3o UCI: 40\u201344, 45\u201349, 50\u201354, 55\u201359, 60\u201364, 65\u201369, 70\u201374, 75\u201379 (feminino e masculino conforme especificado)<br \/>\u2022 Mediofondo sem qualifica\u00e7\u00e3o UCI: 19\u201334, 35\u201339, 40\u201344, 45\u201349, 50\u201354, 55\u201359 (masculino e feminino conforme especificado)<br \/>\u2022 Contrarrel\u00f3gio individual com qualifica\u00e7\u00e3o UCI: 19\u201334, 35\u201339, 40\u201344, 45\u201349, 50\u201354, 55\u201359, 60\u201364, 65\u201369, 70\u201374, 75\u201379 (masculino e feminino)<\/p>\n<p><strong>Levantamento de dorsais (data\/hora e local):<\/strong><br \/>\u2022 27 de mar\u00e7o, 15:00\u201319:00 em Leiria (Praia do Pedrog\u00e3o) para Contrarrel\u00f3gio<br \/>\u2022 28 de mar\u00e7o, 08:00\u201312:30 em Leiria (Praia do Pedrog\u00e3o) para Contrarrel\u00f3gio<br \/>\u2022 28 de mar\u00e7o, 15:00\u201319:30 em Pombal para Granfondo\/Mediofondo<br \/>\u2022 29 de mar\u00e7o, 07:30\u201309:15 em Pombal para Granfondo\/Mediofondo<\/p>\n<p><strong>M\u00e9todo de cronometragem:<\/strong> Cronometragem eletr\u00f3nica por chip com classifica\u00e7\u00e3o individual por idade e g\u00e9nero<\/p>\n<p><strong>WC e localiza\u00e7\u00e3o dos abastecimentos:<\/strong><br \/>\u2022 28 de mar\u00e7o (Contrarrel\u00f3gio): Abastecimento l\u00edquido na zona de meta<br \/>\u2022 29 de mar\u00e7o (Granfondo): 3 postos de abastecimento com comida e bebida<br \/>\u2022 29 de mar\u00e7o (Mediofondo): 2 postos de abastecimento com comida e bebida<\/p>\n<p><strong>Pr\u00e9mios:<\/strong><br \/>\u2022 Trof\u00e9us para os 3 primeiros de cada categoria com qualifica\u00e7\u00e3o para UCI Gran Fondo World Series<br \/>\u2022 Trof\u00e9us para os 3 primeiros de cada categoria sem qualifica\u00e7\u00e3o<br \/>\u2022 Camisola oficial UCI Gran Fondo World Series para os vencedores das categorias qualificativas<br \/>\u2022 Pr\u00e9mio especial para o atleta mais bem-humorado e fair-play<\/p>\n","race_benefits":"<p>\ud83c\udfbd Kit do atleta: dorsal, frontal e dorsal personalizados com nome e nacionalidade<br \/>\ud83c\udfc5 Pr\u00e9mio de finalista: medalha e diploma digital de finisher<br \/>\u23f1\ufe0f Cronometragem + resultados ao vivo por categoria e escal\u00e3o via chip eletr\u00f3nico<br \/>\ud83d\udedf Apoio de seguran\u00e7a: primeiros socorros e assist\u00eancia m\u00e9dica com equipas m\u00f3veis e ambul\u00e2ncias<br \/>\ud83d\udee1\ufe0f Seguro: acidentes pessoais e responsabilidade civil inclu\u00eddos com licen\u00e7a ou licen\u00e7a di\u00e1ria<br \/>\ud83e\udd64 Abastecimentos: comida e bebida s\u00f3lida e l\u00edquida durante Granfondo\/Mediofondo, refor\u00e7o l\u00edquido ap\u00f3s as provas<br \/>\ud83e\uddd6 Pasta party ap\u00f3s Granfondo\/Mediofondo<br \/>\ud83c\udfc6 P\u00f3dios para os 3 primeiros de cada categoria e pr\u00e9mio especial de fair-play<br \/>\ud83d\udee0\ufe0f Assist\u00eancia mec\u00e2nica profissional (m\u00e3o de obra gratuita, pe\u00e7as cobradas) ao longo do percurso<br \/>\ud83d\udcf8 1 a 2 fotos por atleta dispon\u00edveis na p\u00e1gina oficial do Facebook<\/p>\n","event_faq_headline":"FAQ","event_faq_items":[{"item_title":"Como posso inscrever-me no evento?","item_description":"As inscri\u00e7\u00f5es s\u00e3o exclusivamente online atrav\u00e9s do site do evento, no separador \"Inscrever\". O pagamento deve ser efetuado para que a inscri\u00e7\u00e3o seja v\u00e1lida."},{"item_title":"Posso participar sem licen\u00e7a federativa?","item_description":"Sim, os participantes sem licen\u00e7a podem adquirir uma licen\u00e7a di\u00e1ria durante a inscri\u00e7\u00e3o online, que inclui seguro."},{"item_title":"Quais s\u00e3o os hor\u00e1rios de partida das provas?","item_description":"O contrarrel\u00f3gio individual come\u00e7a \u00e0s 10:00 do dia 28 de mar\u00e7o, e o Granfondo\/Mediofondo tem partida \u00e0s 09:00 do dia 29 de mar\u00e7o."},{"item_title":"Existe limite de participantes?","item_description":"Sim, o evento limita a participa\u00e7\u00e3o a 1000 atletas."},{"item_title":"Existem postos de abastecimento durante a prova?","item_description":"Sim, existem v\u00e1rios postos com comida e bebida nas rotas do Granfondo e Mediofondo, e abastecimento l\u00edquido na meta do contrarrel\u00f3gio."}],"event_date_start":"20260328","event_start_time":"","event_country":"portugal","event_ticket_url":"https:\/\/cabreirasolutions.com\/evento\/granfondo-leiria-region\/","event_rating":"","is_hot_event":false,"event_participants_count":"0","organizer_avatar":false,"event_gallery":false,"purchasing_all_variations_through_woocommerce":false,"event_latitude":"39.9230","event_longitude":"-8.9504","event_date_end":"20260329","organizer_website":{"title":"","url":"","target":"","0":""}},"_links":{"self":[{"href":"https:\/\/racefinder.pt\/pt\/wp-json\/wp\/v2\/product\/32633","targetHints":{"allow":["GET"]}}],"collection":[{"href":"https:\/\/racefinder.pt\/pt\/wp-json\/wp\/v2\/product"}],"about":[{"href":"https:\/\/racefinder.pt\/pt\/wp-json\/wp\/v2\/types\/product"}],"replies":[{"embeddable":true,"href":"https:\/\/racefinder.pt\/pt\/wp-json\/wp\/v2\/comments?post=32633"}],"version-history":[{"count":2,"href":"https:\/\/racefinder.pt\/pt\/wp-json\/wp\/v2\/product\/32633\/revisions"}],"predecessor-version":[{"id":32721,"href":"https:\/\/racefinder.pt\/pt\/wp-json\/wp\/v2\/product\/32633\/revisions\/32721"}],"wp:featuredmedia":[{"embeddable":true,"href":"https:\/\/racefinder.pt\/pt\/wp-json\/wp\/v2\/media\/32718"}],"wp:attachment":[{"href":"https:\/\/racefinder.pt\/pt\/wp-json\/wp\/v2\/media?parent=32633"}],"wp:term":[{"taxonomy":"product_brand","embeddable":true,"href":"https:\/\/racefinder.pt\/pt\/wp-json\/wp\/v2\/product_brand?post=32633"},{"taxonomy":"product_cat","embeddable":true,"href":"https:\/\/racefinder.pt\/pt\/wp-json\/wp\/v2\/product_cat?post=32633"},{"taxonomy":"product_tag","embeddable":true,"href":"https:\/\/racefinder.pt\/pt\/wp-json\/wp\/v2\/product_tag?post=32633"}],"curies":[{"name":"wp","href":"https:\/\/api.w.org\/{rel}","templated":true}]}}