{"id":32601,"date":"2026-02-17T23:12:32","date_gmt":"2026-02-17T23:12:32","guid":{"rendered":"https:\/\/racefinder.pt\/?post_type=product&#038;p=32601"},"modified":"2026-02-18T11:15:58","modified_gmt":"2026-02-18T11:15:58","slug":"rota-da-ciencia-e-da-educacao","status":"publish","type":"product","link":"https:\/\/racefinder.pt\/pt\/event\/rota-da-ciencia-e-da-educacao\/","title":{"rendered":"ROTA DA CI\u00caNCIA E DA EDUCA\u00c7\u00c3O"},"content":{"rendered":"","protected":false},"excerpt":{"rendered":"","protected":false},"featured_media":32712,"comment_status":"open","ping_status":"closed","template":"","meta":{"_acf_changed":false,"footnotes":""},"product_brand":[],"product_cat":[193,130],"product_tag":[],"class_list":{"0":"post-32601","1":"product","2":"type-product","3":"status-publish","4":"has-post-thumbnail","6":"product_cat-btt-pt-2","7":"product_cat-ciclismo","9":"first","10":"instock","11":"shipping-taxable","12":"purchasable","13":"product-type-variable"},"acf":{"event_location_text":"Gandra, Porto","event_short_description":"<p>A NGPS Rota da Ci\u00eancia e da Educa\u00e7\u00e3o \u00e9 um passeio de BTT sem car\u00e1ter competitivo que se realiza a 16 de maio de 2026 em Gandra, Paredes. O evento oferece dois percursos: um longo com cerca de 60 km e um curto com aproximadamente 45 km, ambos a serem seguidos autonomamente via GPS.<\/p>\n<p>Aberto a ciclistas amadores e entusiastas com idade m\u00ednima de 14 anos (menores acompanhados por adultos), o evento destaca a navega\u00e7\u00e3o aut\u00f3noma, seguran\u00e7a e respeito pelas regras de tr\u00e2nsito. Combina desafio f\u00edsico com descoberta cultural, valorizando a hist\u00f3ria local, ci\u00eancia e educa\u00e7\u00e3o da regi\u00e3o.<\/p>\n<p>A atmosfera \u00e9 descontra\u00edda e explorat\u00f3ria, sem apoio ou marca\u00e7\u00f5es no percurso, incentivando os participantes a interagir com a natureza e entre si de forma respons\u00e1vel e ecol\u00f3gica.<\/p>\n","organizer_description":"<p><strong><a class=\"\" href=\"https:\/\/cabreirasolutions.com\/evento\/rota-da-ciencia-e-da-educacao\/?tab=regulamento#page-content\" target=\"_new\" rel=\"noopener\">Regulamento \u2197<\/a><\/strong><\/p>\n<p><strong>Locais de partida\/chegada:<\/strong> Gandra, Paredes<\/p>\n<p><strong>Hor\u00e1rios de partida por categoria\/dist\u00e2ncia:<\/strong> 07:30 \u00e0s 09:30<\/p>\n<p><strong>Limite de participantes:<\/strong> 300<\/p>\n<p><strong>Prazo de inscri\u00e7\u00e3o:<\/strong> 13 de maio de 2026<\/p>\n<p><strong>Percursos da prova:<\/strong><br \/>\n\u2022 Percurso longo: aproximadamente 60 km<br \/>\n\u2022 Percurso curto: aproximadamente 45 km<\/p>\n<p><strong>Levantamento de dorsais (data\/hora e local):<\/strong> 16 de maio, 07:30 \u00e0s 09:00 em Gandra, Paredes<\/p>\n<p><strong>M\u00e9todo de cronometragem:<\/strong> Evento n\u00e3o competitivo, sem cronometragem oficial<\/p>\n<p><strong>Escal\u00f5es\/categorias:<\/strong><br \/>\n\u2022 Idade m\u00ednima 14 anos para percursos curtos (com acompanhamento adulto e autoriza\u00e7\u00e3o escrita)<br \/>\n\u2022 Idade m\u00ednima 18 anos para percurso longo<\/p>\n<p><strong>Estacionamento e shuttles:<\/strong> Transporte para o in\u00edcio e do fim do passeio \u00e9 responsabilidade do participante<\/p>\n","race_benefits":"<p>\ud83d\udee1\ufe0f Seguro: seguro de acidentes pessoais inclu\u00eddo na inscri\u00e7\u00e3o<br \/>\n\ud83c\udfbd Kit do atleta: frontal identificativo para bicicleta<br \/>\n\ud83e\udd64 Participantes devem levar alimentos, l\u00edquidos, ferramentas e material de substitui\u00e7\u00e3o<br \/>\n\ud83c\udfc5 Pr\u00e9mio de finalista: certificado de participa\u00e7\u00e3o no final da temporada<br \/>\n\ud83d\udebf Lavagem de bicicletas e duches dispon\u00edveis ap\u00f3s o evento em Gandra<br \/>\n\ud83d\udcf8 Nomes dos participantes publicados no site do evento<\/p>\n","event_faq_headline":"FAQ","event_faq_items":[{"item_title":"Como fa\u00e7o a inscri\u00e7\u00e3o no evento?","item_description":"A inscri\u00e7\u00e3o \u00e9 feita online no site oficial at\u00e9 13 de maio de 2026. Ap\u00f3s o pagamento, o participante recebe confirma\u00e7\u00e3o e n\u00famero de dorsal por email."},{"item_title":"As crian\u00e7as podem participar?","item_description":"Ciclistas a partir dos 14 anos podem participar nos percursos curtos, desde que acompanhados por um adulto e com autoriza\u00e7\u00e3o escrita. O percurso longo exige idade m\u00ednima de 18 anos."},{"item_title":"Como chegar ao evento?","item_description":"O transporte para o in\u00edcio e do fim do passeio \u00e9 da responsabilidade de cada participante."},{"item_title":"\u00c9 necess\u00e1rio equipamento especial?","item_description":"O uso de capacete de ciclismo homologado \u00e9 obrigat\u00f3rio. Os participantes devem levar alimentos, l\u00edquidos, ferramentas e pe\u00e7as sobressalentes."},{"item_title":"Qual \u00e9 a natureza do percurso e da navega\u00e7\u00e3o?","item_description":"O percurso \u00e9 aut\u00f3nomo, seguido exclusivamente por ficheiros GPS fornecidos pela organiza\u00e7\u00e3o, sem marca\u00e7\u00f5es ou apoio no percurso. Os participantes devem respeitar as regras de tr\u00e2nsito, pois o percurso inclui estradas p\u00fablicas abertas ao tr\u00e2nsito."}],"event_date_start":"20260516","event_date_end":"20260516","event_start_time":"","event_country":"portugal","event_ticket_url":"https:\/\/cabreirasolutions.com\/evento\/rota-da-ciencia-e-da-educacao\/","event_latitude":"41.1963","event_longitude":"-8.4359","event_rating":"","is_hot_event":false,"event_participants_count":"0","organizer_avatar":false,"event_gallery":false,"purchasing_all_variations_through_woocommerce":false,"organizer_website":{"title":"","url":"","target":"","0":""}},"_links":{"self":[{"href":"https:\/\/racefinder.pt\/pt\/wp-json\/wp\/v2\/product\/32601","targetHints":{"allow":["GET"]}}],"collection":[{"href":"https:\/\/racefinder.pt\/pt\/wp-json\/wp\/v2\/product"}],"about":[{"href":"https:\/\/racefinder.pt\/pt\/wp-json\/wp\/v2\/types\/product"}],"replies":[{"embeddable":true,"href":"https:\/\/racefinder.pt\/pt\/wp-json\/wp\/v2\/comments?post=32601"}],"version-history":[{"count":1,"href":"https:\/\/racefinder.pt\/pt\/wp-json\/wp\/v2\/product\/32601\/revisions"}],"predecessor-version":[{"id":32602,"href":"https:\/\/racefinder.pt\/pt\/wp-json\/wp\/v2\/product\/32601\/revisions\/32602"}],"wp:featuredmedia":[{"embeddable":true,"href":"https:\/\/racefinder.pt\/pt\/wp-json\/wp\/v2\/media\/32712"}],"wp:attachment":[{"href":"https:\/\/racefinder.pt\/pt\/wp-json\/wp\/v2\/media?parent=32601"}],"wp:term":[{"taxonomy":"product_brand","embeddable":true,"href":"https:\/\/racefinder.pt\/pt\/wp-json\/wp\/v2\/product_brand?post=32601"},{"taxonomy":"product_cat","embeddable":true,"href":"https:\/\/racefinder.pt\/pt\/wp-json\/wp\/v2\/product_cat?post=32601"},{"taxonomy":"product_tag","embeddable":true,"href":"https:\/\/racefinder.pt\/pt\/wp-json\/wp\/v2\/product_tag?post=32601"}],"curies":[{"name":"wp","href":"https:\/\/api.w.org\/{rel}","templated":true}]}}