{"id":32422,"date":"2026-02-16T23:16:01","date_gmt":"2026-02-16T23:16:01","guid":{"rendered":"https:\/\/racefinder.pt\/?post_type=product&#038;p=32422"},"modified":"2026-02-17T15:22:05","modified_gmt":"2026-02-17T15:22:05","slug":"xvii-meia-maratona-na-areia-analice-silva","status":"publish","type":"product","link":"https:\/\/racefinder.pt\/pt\/event\/xvii-meia-maratona-na-areia-analice-silva\/","title":{"rendered":"XVII MEIA MARATONA NA AREIA ANALICE SILVA"},"content":{"rendered":"","protected":false},"excerpt":{"rendered":"","protected":false},"featured_media":32525,"comment_status":"open","ping_status":"closed","template":"","meta":{"_acf_changed":false,"footnotes":""},"product_brand":[],"product_cat":[129,225,244],"product_tag":[],"class_list":{"0":"post-32422","1":"product","2":"type-product","3":"status-publish","4":"has-post-thumbnail","6":"product_cat-corrida","7":"product_cat-10-km-pt","8":"product_cat-meia-maratona","10":"first","11":"instock","12":"shipping-taxable","13":"purchasable","14":"product-type-variable"},"acf":{"event_location_text":"Costa da Caparica, Lisboa","event_short_description":"<p>A XVII Meia Maratona na Areia Analice Silva realiza-se a 14 de junho de 2026 na Nova Praia, Costa da Caparica. A prova inclui duas dist\u00e2ncias: meia maratona de 21,097 km e corrida ou caminhada de 10 km.<\/p>\n<p>A meia maratona \u00e9 destinada a indiv\u00edduos com mais de 18 anos, em boa sa\u00fade e preparados fisicamente para esfor\u00e7os prolongados. A prova de 10 km \u00e9 aberta a todos que tenham condi\u00e7\u00e3o f\u00edsica para participar, n\u00e3o sendo recomendada a participa\u00e7\u00e3o de crian\u00e7as com menos de 10 anos. O percurso \u00e9 inteiramente na areia da Costa da Caparica, proporcionando uma experi\u00eancia \u00fanica de corrida em praias longas e finas, rodeadas por dunas, bosques e sapais.<\/p>\n<p>O evento conta com v\u00e1rias categorias et\u00e1rias para homens e mulheres, al\u00e9m de uma categoria para atletas com defici\u00eancia. \u00c9 organizado com o apoio da C\u00e2mara Municipal de Almada e patrocinadores, oferecendo um ambiente competitivo e inclusivo.<\/p>\n","organizer_description":"<p><strong><a class=\"\" href=\"https:\/\/www.meianaareia.com\/index.php\/a-prova\/regulamento\" target=\"_new\" rel=\"noopener\">Regulamento \u2197<\/a><\/strong><\/p>\n<p><strong>Locais de partida\/chegada:<\/strong> Todas as provas partem na Nova Praia logo ap\u00f3s o \u00faltimo pared\u00e3o.<\/p>\n<p><strong>Hor\u00e1rios de partida por categoria\/dist\u00e2ncia:<\/strong><br \/>\n\u2022 Meia Maratona: 08:30<br \/>\n\u2022 10 km corrida ou caminhada: 08:45<\/p>\n<p><strong>Tempos limite:<\/strong> Tempo limite para a Meia Maratona \u00e9 de 3 horas.<\/p>\n<p><strong>Levantamento de dorsais (data\/hora e local):<\/strong> 14 de junho de 2026, das 07:00 \u00e0s 08:40 numa tenda montada logo ap\u00f3s o \u00faltimo pared\u00e3o; dorsais entregues apenas ao pr\u00f3prio atleta mediante apresenta\u00e7\u00e3o do cart\u00e3o de cidad\u00e3o.<\/p>\n<p><strong>Limite de participantes:<\/strong><br \/>\n\u2022 Meia Maratona: 400<br \/>\n\u2022 10 km corrida ou caminhada: 200<\/p>\n<p><strong>Prazo de inscri\u00e7\u00e3o:<\/strong> 9 de junho de 2026<\/p>\n<p><strong>Tipos de piso:<\/strong> Inteiramente na areia da Costa da Caparica.<\/p>\n<p><strong>Percursos da prova:<\/strong><br \/>\n\u2022 Meia Maratona: percurso de ida e volta com retorno aos cerca de 10,548 km.<br \/>\n\u2022 10 km corrida ou caminhada: percurso de ida e volta com retorno aos 5 km.<\/p>\n<p><strong>M\u00e9todo de cronometragem:<\/strong> Cronometragem eletr\u00f3nica MyLaps; chip colocado no verso do dorsal e n\u00e3o deve ser retirado.<\/p>\n<p><strong>WC e localiza\u00e7\u00e3o dos abastecimentos:<\/strong><br \/>\n\u2022 Abastecimentos com \u00e1gua, fruta e alimentos s\u00f3lidos aos 5 km, 10 km, 15 km e meta na Meia Maratona.<br \/>\n\u2022 Abastecimentos aos 5 km e meta na prova de 10 km.<\/p>\n<p><strong>Pr\u00e9mios:<\/strong><br \/>\n\u2022 Meia Maratona: trof\u00e9us para os 3 primeiros da geral masculinos e femininos, 3 primeiros de cada escal\u00e3o, 3 primeiras equipas e 3 primeiros atletas com defici\u00eancia.<br \/>\n\u2022 10 km: trof\u00e9us para os 3 primeiros da geral masculinos e femininos.<br \/>\n\u2022 Outros trof\u00e9us e pr\u00e9mios para todos os participantes.<\/p>\n","race_benefits":"<p>\ud83c\udfbd Kit do atleta: dorsal<br \/>\n\ud83c\udfc5 Pr\u00e9mio de finalista: t-shirt opcional dispon\u00edvel para compra<br \/>\n\u23f1\ufe0f Cronometragem + resultados ao vivo por categoria com sistema MyLaps<br \/>\n\ud83d\udedf Apoio de seguran\u00e7a: n\u00fameros de telefone indicados no dorsal para emerg\u00eancias<br \/>\n\ud83d\udee1\ufe0f Seguro: seguro de acidentes pessoais e responsabilidade civil inclu\u00eddo pela Victoria Seguros<br \/>\n\ud83e\udd64 Abastecimentos: \u00e1gua, fruta e alimentos s\u00f3lidos em v\u00e1rios pontos do percurso<br \/>\n\ud83c\udfc6 Trof\u00e9us para os melhores classificados em v\u00e1rias categorias<\/p>\n","event_faq_headline":"FAQ","event_faq_items":[{"item_title":"Como posso inscrever-me no evento?","item_description":"As inscri\u00e7\u00f5es s\u00e3o aceites apenas atrav\u00e9s da plataforma oficial https:\/\/www.omdceventos.com com pagamento via refer\u00eancia multibanco em 72 horas."},{"item_title":"As crian\u00e7as podem participar?","item_description":"A participa\u00e7\u00e3o na prova de 10 km n\u00e3o \u00e9 recomendada para crian\u00e7as com menos de 10 anos. A responsabilidade pela participa\u00e7\u00e3o de crian\u00e7as e jovens \u00e9 dos pais."},{"item_title":"Qual \u00e9 o tipo de piso da prova?","item_description":"A prova \u00e9 realizada inteiramente na areia da Costa da Caparica."},{"item_title":"Quais os hor\u00e1rios de partida?","item_description":"A meia maratona come\u00e7a \u00e0s 08:30 e a prova de 10 km \u00e0s 08:45 no dia 14 de junho de 2026."},{"item_title":"Existe tempo limite para a meia maratona?","item_description":"Sim, o tempo limite para a meia maratona \u00e9 de 3 horas."}],"event_date_start":"20261014","event_date_end":"20261014","event_start_time":"","event_country":"portugal","event_ticket_url":"https:\/\/www.meianaareia.com\/","event_latitude":"38.634","event_longitude":"-9.2317","event_rating":"","is_hot_event":false,"event_participants_count":"0","organizer_avatar":false,"event_gallery":false,"organizer_website":{"title":"","url":"","target":"","0":""}},"_links":{"self":[{"href":"https:\/\/racefinder.pt\/pt\/wp-json\/wp\/v2\/product\/32422","targetHints":{"allow":["GET"]}}],"collection":[{"href":"https:\/\/racefinder.pt\/pt\/wp-json\/wp\/v2\/product"}],"about":[{"href":"https:\/\/racefinder.pt\/pt\/wp-json\/wp\/v2\/types\/product"}],"replies":[{"embeddable":true,"href":"https:\/\/racefinder.pt\/pt\/wp-json\/wp\/v2\/comments?post=32422"}],"version-history":[{"count":1,"href":"https:\/\/racefinder.pt\/pt\/wp-json\/wp\/v2\/product\/32422\/revisions"}],"predecessor-version":[{"id":32423,"href":"https:\/\/racefinder.pt\/pt\/wp-json\/wp\/v2\/product\/32422\/revisions\/32423"}],"wp:featuredmedia":[{"embeddable":true,"href":"https:\/\/racefinder.pt\/pt\/wp-json\/wp\/v2\/media\/32525"}],"wp:attachment":[{"href":"https:\/\/racefinder.pt\/pt\/wp-json\/wp\/v2\/media?parent=32422"}],"wp:term":[{"taxonomy":"product_brand","embeddable":true,"href":"https:\/\/racefinder.pt\/pt\/wp-json\/wp\/v2\/product_brand?post=32422"},{"taxonomy":"product_cat","embeddable":true,"href":"https:\/\/racefinder.pt\/pt\/wp-json\/wp\/v2\/product_cat?post=32422"},{"taxonomy":"product_tag","embeddable":true,"href":"https:\/\/racefinder.pt\/pt\/wp-json\/wp\/v2\/product_tag?post=32422"}],"curies":[{"name":"wp","href":"https:\/\/api.w.org\/{rel}","templated":true}]}}