{"id":32404,"date":"2026-02-16T23:11:35","date_gmt":"2026-02-16T23:11:35","guid":{"rendered":"https:\/\/racefinder.pt\/?post_type=product&#038;p=32404"},"modified":"2026-02-17T15:05:55","modified_gmt":"2026-02-17T15:05:55","slug":"sines-a-correr","status":"publish","type":"product","link":"https:\/\/racefinder.pt\/pt\/event\/sines-a-correr\/","title":{"rendered":"Sines a Correr"},"content":{"rendered":"","protected":false},"excerpt":{"rendered":"","protected":false},"featured_media":30472,"comment_status":"open","ping_status":"closed","template":"","meta":{"_acf_changed":false,"footnotes":""},"product_brand":[],"product_cat":[140,129,225],"product_tag":[],"class_list":{"0":"post-32404","1":"product","2":"type-product","3":"status-publish","4":"has-post-thumbnail","6":"product_cat-caminhada","7":"product_cat-corrida","8":"product_cat-10-km-pt","10":"first","11":"instock","12":"shipping-taxable","13":"product-type-variable"},"acf":{"event_location_text":"Sines, Set\u00fabal","event_short_description":"<p>A 2\u00aa edi\u00e7\u00e3o do Sines a Correr realiza-se a 26 de setembro de 2026, em Sines, Portugal. O evento inclui uma corrida de 10 km e uma caminhada de 5 km, numa manh\u00e3 dedicada \u00e0 pr\u00e1tica desportiva.<\/p>\n<p>Organizado pela HMS Sports e pela C\u00e2mara Municipal de Sines, o evento promove a sa\u00fade e o bem-estar atrav\u00e9s do desporto, num cen\u00e1rio mar\u00edtimo \u00fanico.<\/p>\n","organizer_description":"<p><strong>Locais de partida\/chegada:<\/strong> Sines, Portugal<\/p>\n","race_benefits":"","event_faq_headline":"FAQ","event_faq_items":false,"event_date_start":"20260926","event_date_end":"20260926","event_start_time":"","event_country":"portugal","event_ticket_url":"https:\/\/sinesacorrer.pt\/site\/","event_latitude":"37.9565","event_longitude":"-8.8689","event_rating":"","is_hot_event":false,"event_participants_count":"0","organizer_avatar":false,"event_gallery":false,"organizer_website":{"title":"","url":"","target":"","0":""},"purchasing_all_variations_through_woocommerce":false,"optional_extras":false},"_links":{"self":[{"href":"https:\/\/racefinder.pt\/pt\/wp-json\/wp\/v2\/product\/32404","targetHints":{"allow":["GET"]}}],"collection":[{"href":"https:\/\/racefinder.pt\/pt\/wp-json\/wp\/v2\/product"}],"about":[{"href":"https:\/\/racefinder.pt\/pt\/wp-json\/wp\/v2\/types\/product"}],"replies":[{"embeddable":true,"href":"https:\/\/racefinder.pt\/pt\/wp-json\/wp\/v2\/comments?post=32404"}],"version-history":[{"count":1,"href":"https:\/\/racefinder.pt\/pt\/wp-json\/wp\/v2\/product\/32404\/revisions"}],"predecessor-version":[{"id":32405,"href":"https:\/\/racefinder.pt\/pt\/wp-json\/wp\/v2\/product\/32404\/revisions\/32405"}],"wp:featuredmedia":[{"embeddable":true,"href":"https:\/\/racefinder.pt\/pt\/wp-json\/wp\/v2\/media\/30472"}],"wp:attachment":[{"href":"https:\/\/racefinder.pt\/pt\/wp-json\/wp\/v2\/media?parent=32404"}],"wp:term":[{"taxonomy":"product_brand","embeddable":true,"href":"https:\/\/racefinder.pt\/pt\/wp-json\/wp\/v2\/product_brand?post=32404"},{"taxonomy":"product_cat","embeddable":true,"href":"https:\/\/racefinder.pt\/pt\/wp-json\/wp\/v2\/product_cat?post=32404"},{"taxonomy":"product_tag","embeddable":true,"href":"https:\/\/racefinder.pt\/pt\/wp-json\/wp\/v2\/product_tag?post=32404"}],"curies":[{"name":"wp","href":"https:\/\/api.w.org\/{rel}","templated":true}]}}