{"id":31955,"date":"2026-02-11T23:10:45","date_gmt":"2026-02-11T23:10:45","guid":{"rendered":"https:\/\/racefinder.pt\/?post_type=product&#038;p=31955"},"modified":"2026-02-12T12:41:30","modified_gmt":"2026-02-12T12:41:30","slug":"23o-btt-arco-da-memoria","status":"publish","type":"product","link":"https:\/\/racefinder.pt\/pt\/event\/23o-btt-arco-da-memoria\/","title":{"rendered":"23\u00ba BTT Arco da Mem\u00f3ria"},"content":{"rendered":"","protected":false},"excerpt":{"rendered":"","protected":false},"featured_media":31050,"comment_status":"open","ping_status":"closed","template":"","meta":{"_acf_changed":false,"footnotes":""},"product_brand":[],"product_cat":[193,130],"product_tag":[],"class_list":{"0":"post-31955","1":"product","2":"type-product","3":"status-publish","4":"has-post-thumbnail","6":"product_cat-btt-pt-2","7":"product_cat-ciclismo","9":"first","10":"instock","11":"shipping-taxable","12":"product-type-variable"},"acf":{"event_short_description":"<p>A 23\u00aa edi\u00e7\u00e3o do BTT Arco da Mem\u00f3ria \u00e9 uma prova de bicicleta de montanha que se realizar\u00e1 a 20 de setembro de 2026, em Arrimal, Porto de M\u00f3s. Este evento oferece uma experi\u00eancia desafiadora em trilhos off-road para entusiastas do BTT.<\/p>\n","organizer_description":"<p><strong>Locais de partida\/chegada:<\/strong> Arrimal, Porto de M\u00f3s<\/p>\n<p><strong>Hor\u00e1rio de partida por categoria\/dist\u00e2ncia:<\/strong> 09:00<\/p>\n<p><strong>Tipos de piso:<\/strong> Trilhos off-road para bicicleta de montanha<\/p>\n","race_benefits":"","event_faq_headline":"FAQ","event_faq_items":false,"event_date_start":"20260920","event_date_end":"20260920","event_start_time":"","event_country":"portugal","event_ticket_url":"https:\/\/www.recordepessoal.pt\/evento\/23bttarcodamemoria","event_latitude":"39.4861","event_longitude":"-8.8815","event_rating":"","is_hot_event":false,"event_participants_count":"0","organizer_avatar":false,"event_gallery":false,"event_location_text":"Arrimal, Porto de M\u00f3s","organizer_website":{"title":"","url":"","target":"","0":""},"event_full_address":"","organizer_name":""},"_links":{"self":[{"href":"https:\/\/racefinder.pt\/pt\/wp-json\/wp\/v2\/product\/31955","targetHints":{"allow":["GET"]}}],"collection":[{"href":"https:\/\/racefinder.pt\/pt\/wp-json\/wp\/v2\/product"}],"about":[{"href":"https:\/\/racefinder.pt\/pt\/wp-json\/wp\/v2\/types\/product"}],"replies":[{"embeddable":true,"href":"https:\/\/racefinder.pt\/pt\/wp-json\/wp\/v2\/comments?post=31955"}],"version-history":[{"count":2,"href":"https:\/\/racefinder.pt\/pt\/wp-json\/wp\/v2\/product\/31955\/revisions"}],"predecessor-version":[{"id":32004,"href":"https:\/\/racefinder.pt\/pt\/wp-json\/wp\/v2\/product\/31955\/revisions\/32004"}],"wp:featuredmedia":[{"embeddable":true,"href":"https:\/\/racefinder.pt\/pt\/wp-json\/wp\/v2\/media\/31050"}],"wp:attachment":[{"href":"https:\/\/racefinder.pt\/pt\/wp-json\/wp\/v2\/media?parent=31955"}],"wp:term":[{"taxonomy":"product_brand","embeddable":true,"href":"https:\/\/racefinder.pt\/pt\/wp-json\/wp\/v2\/product_brand?post=31955"},{"taxonomy":"product_cat","embeddable":true,"href":"https:\/\/racefinder.pt\/pt\/wp-json\/wp\/v2\/product_cat?post=31955"},{"taxonomy":"product_tag","embeddable":true,"href":"https:\/\/racefinder.pt\/pt\/wp-json\/wp\/v2\/product_tag?post=31955"}],"curies":[{"name":"wp","href":"https:\/\/api.w.org\/{rel}","templated":true}]}}