{"id":31942,"date":"2026-02-11T23:09:25","date_gmt":"2026-02-11T23:09:25","guid":{"rendered":"https:\/\/racefinder.pt\/?post_type=product&#038;p=31942"},"modified":"2026-02-12T12:52:54","modified_gmt":"2026-02-12T12:52:54","slug":"10o-trail-carreiros-do-pastor-arrimalano","status":"publish","type":"product","link":"https:\/\/racefinder.pt\/pt\/event\/10o-trail-carreiros-do-pastor-arrimalano\/","title":{"rendered":"10\u00ba Trail Carreiros do Pastor Arrimalano"},"content":{"rendered":"","protected":false},"excerpt":{"rendered":"","protected":false},"featured_media":32331,"comment_status":"open","ping_status":"closed","template":"","meta":{"_acf_changed":false,"footnotes":""},"product_brand":[],"product_cat":[140,129,161,139],"product_tag":[],"class_list":{"0":"post-31942","1":"product","2":"type-product","3":"status-publish","4":"has-post-thumbnail","6":"product_cat-caminhada","7":"product_cat-corrida","8":"product_cat-kids-pt","9":"product_cat-trail-run-pt","11":"first","12":"instock","13":"shipping-taxable","14":"product-type-variable"},"acf":{"event_short_description":"<p>O 10\u00ba Trail Carreiros do Pastor Arrimalano \u00e9 uma prova de trail running marcada para 22 de novembro de 2026, em Arrimal, Porto de M\u00f3s. A partida est\u00e1 prevista para as 09h00.<\/p>\n","organizer_description":"","race_benefits":"","event_faq_headline":"FAQ","event_faq_items":false,"event_date_start":"20261122","event_date_end":"20261122","event_start_time":"","event_country":"portugal","event_ticket_url":"https:\/\/www.recordepessoal.pt\/evento\/10trailcarreirosdopastorarrimalano","event_latitude":"39.4861","event_longitude":"-8.8815","event_rating":"","is_hot_event":false,"event_participants_count":"0","organizer_avatar":false,"event_gallery":false,"event_location_text":"Arrimal, Porto de M\u00f3s","event_full_address":"","organizer_name":"","organizer_website":{"title":"","url":"","target":"","0":""}},"_links":{"self":[{"href":"https:\/\/racefinder.pt\/pt\/wp-json\/wp\/v2\/product\/31942","targetHints":{"allow":["GET"]}}],"collection":[{"href":"https:\/\/racefinder.pt\/pt\/wp-json\/wp\/v2\/product"}],"about":[{"href":"https:\/\/racefinder.pt\/pt\/wp-json\/wp\/v2\/types\/product"}],"replies":[{"embeddable":true,"href":"https:\/\/racefinder.pt\/pt\/wp-json\/wp\/v2\/comments?post=31942"}],"version-history":[{"count":2,"href":"https:\/\/racefinder.pt\/pt\/wp-json\/wp\/v2\/product\/31942\/revisions"}],"predecessor-version":[{"id":32002,"href":"https:\/\/racefinder.pt\/pt\/wp-json\/wp\/v2\/product\/31942\/revisions\/32002"}],"wp:featuredmedia":[{"embeddable":true,"href":"https:\/\/racefinder.pt\/pt\/wp-json\/wp\/v2\/media\/32331"}],"wp:attachment":[{"href":"https:\/\/racefinder.pt\/pt\/wp-json\/wp\/v2\/media?parent=31942"}],"wp:term":[{"taxonomy":"product_brand","embeddable":true,"href":"https:\/\/racefinder.pt\/pt\/wp-json\/wp\/v2\/product_brand?post=31942"},{"taxonomy":"product_cat","embeddable":true,"href":"https:\/\/racefinder.pt\/pt\/wp-json\/wp\/v2\/product_cat?post=31942"},{"taxonomy":"product_tag","embeddable":true,"href":"https:\/\/racefinder.pt\/pt\/wp-json\/wp\/v2\/product_tag?post=31942"}],"curies":[{"name":"wp","href":"https:\/\/api.w.org\/{rel}","templated":true}]}}