{"id":31652,"date":"2026-02-09T23:13:28","date_gmt":"2026-02-09T23:13:28","guid":{"rendered":"https:\/\/racefinder.pt\/?post_type=product&#038;p=31652"},"modified":"2026-02-12T11:04:57","modified_gmt":"2026-02-12T11:04:57","slug":"11a-maratona-btt-entre-vinhas-e-olivais","status":"publish","type":"product","link":"https:\/\/racefinder.pt\/pt\/event\/11a-maratona-btt-entre-vinhas-e-olivais\/","title":{"rendered":"11\u00aa Maratona BTT &#8220;Entre Vinhas e Olivais&#8221;"},"content":{"rendered":"","protected":false},"excerpt":{"rendered":"","protected":false},"featured_media":31491,"comment_status":"open","ping_status":"closed","template":"","meta":{"_acf_changed":false,"footnotes":""},"product_brand":[],"product_cat":[193,130,214],"product_tag":[],"class_list":{"0":"post-31652","1":"product","2":"type-product","3":"status-publish","4":"has-post-thumbnail","6":"product_cat-btt-pt-2","7":"product_cat-ciclismo","8":"product_cat-e-bike-pt","10":"first","11":"instock","12":"shipping-taxable","13":"purchasable","14":"product-type-variable"},"acf":{"event_short_description":"<p>A 11\u00aa Maratona BTT &#8220;Entre Vinhas e Olivais&#8221; \u00e9 um evento de maratona de bicicleta de montanha agendado para domingo, 24 de maio de 2026, \u00e0s 09:00, em Baleiz\u00e3o, Beja. Os participantes podem escolher entre diferentes categorias de prova, incluindo Meia Maratona, Maratona e Maratona E-Bikes.<\/p>\n<p>O evento acolhe ciclistas de v\u00e1rias categorias et\u00e1rias, incluindo juniores, elites, masters e femininos, tornando-o acess\u00edvel a uma ampla gama de entusiastas do BTT. Oferece um ambiente competitivo e organizado numa regi\u00e3o c\u00e9nica do distrito de Beja.<\/p>\n","organizer_description":"<p><strong>Locais de partida\/chegada:<\/strong> Baleiz\u00e3o, Beja<\/p>\n<p><strong>Hor\u00e1rios de partida por categoria\/dist\u00e2ncia:<\/strong> 09:00 no dia 24 de maio de 2026<\/p>\n<p><strong>Limite de participantes:<\/strong> 80 inscri\u00e7\u00f5es confirmadas<\/p>\n<p><strong>Escal\u00f5es\/categorias:<\/strong><br \/>\n\u2022 Sem escal\u00e3o (0 &#8211; 15)<br \/>\n\u2022 Juniores M (16 &#8211; 19)<br \/>\n\u2022 Elites M (20 &#8211; 29)<br \/>\n\u2022 Master 30 (30 &#8211; 34)<br \/>\n\u2022 Master 35 (35 &#8211; 39)<br \/>\n\u2022 Master 40 (40 &#8211; 44)<br \/>\n\u2022 Master 45 (45 &#8211; 49)<br \/>\n\u2022 Master 50 (50 &#8211; 54)<br \/>\n\u2022 Master 55 (55 &#8211; 59)<br \/>\n\u2022 Master 60 (60 +)<br \/>\n\u2022 Femininos Elites (16 &#8211; 39)<br \/>\n\u2022 Femininos Master (40 +)<br \/>\n\u2022 E-Bikes Masculinos (16 +)<br \/>\n\u2022 E-Bikes Femininos (16 +)<\/p>\n","race_benefits":"","event_faq_headline":"FAQ","event_faq_items":false,"event_date_start":"20260524","event_date_end":"20260524","event_start_time":"","event_country":"portugal","event_ticket_url":"https:\/\/apedalar.pt\/eventos\/4134\/info","event_latitude":"38.0247","event_longitude":"-7.7181","event_rating":"","is_hot_event":false,"event_participants_count":"0","organizer_avatar":false,"event_gallery":false,"event_location_text":"Baleiz\u00e3o, Beja","organizer_website":{"title":"","url":"","target":"","0":""}},"_links":{"self":[{"href":"https:\/\/racefinder.pt\/pt\/wp-json\/wp\/v2\/product\/31652","targetHints":{"allow":["GET"]}}],"collection":[{"href":"https:\/\/racefinder.pt\/pt\/wp-json\/wp\/v2\/product"}],"about":[{"href":"https:\/\/racefinder.pt\/pt\/wp-json\/wp\/v2\/types\/product"}],"replies":[{"embeddable":true,"href":"https:\/\/racefinder.pt\/pt\/wp-json\/wp\/v2\/comments?post=31652"}],"version-history":[{"count":1,"href":"https:\/\/racefinder.pt\/pt\/wp-json\/wp\/v2\/product\/31652\/revisions"}],"predecessor-version":[{"id":31653,"href":"https:\/\/racefinder.pt\/pt\/wp-json\/wp\/v2\/product\/31652\/revisions\/31653"}],"wp:featuredmedia":[{"embeddable":true,"href":"https:\/\/racefinder.pt\/pt\/wp-json\/wp\/v2\/media\/31491"}],"wp:attachment":[{"href":"https:\/\/racefinder.pt\/pt\/wp-json\/wp\/v2\/media?parent=31652"}],"wp:term":[{"taxonomy":"product_brand","embeddable":true,"href":"https:\/\/racefinder.pt\/pt\/wp-json\/wp\/v2\/product_brand?post=31652"},{"taxonomy":"product_cat","embeddable":true,"href":"https:\/\/racefinder.pt\/pt\/wp-json\/wp\/v2\/product_cat?post=31652"},{"taxonomy":"product_tag","embeddable":true,"href":"https:\/\/racefinder.pt\/pt\/wp-json\/wp\/v2\/product_tag?post=31652"}],"curies":[{"name":"wp","href":"https:\/\/api.w.org\/{rel}","templated":true}]}}