{"id":31624,"date":"2026-02-09T23:06:36","date_gmt":"2026-02-09T23:06:36","guid":{"rendered":"https:\/\/racefinder.pt\/?post_type=product&#038;p=31624"},"modified":"2026-03-03T17:48:34","modified_gmt":"2026-03-03T17:48:34","slug":"ulfilanis-run","status":"publish","type":"product","link":"https:\/\/racefinder.pt\/pt\/event\/ulfilanis-run\/","title":{"rendered":"Ulfilanis Run"},"content":{"rendered":"","protected":false},"excerpt":{"rendered":"","protected":false},"featured_media":31732,"comment_status":"open","ping_status":"closed","template":"","meta":{"_acf_changed":false,"footnotes":""},"product_brand":[],"product_cat":[140,129,225],"product_tag":[],"class_list":{"0":"post-31624","1":"product","2":"type-product","3":"status-publish","4":"has-post-thumbnail","6":"product_cat-caminhada","7":"product_cat-corrida","8":"product_cat-10-km-pt","10":"first","11":"instock","12":"shipping-taxable","13":"purchasable","14":"product-type-variable"},"acf":{"event_short_description":"<p>A 7\u00aa Ulfilanis-Run \u00e9 um evento de corrida e caminhada que se realiza a 12 de abril de 2026, em Fi\u00e3es, Santa Maria da Feira, Portugal. Conta com uma corrida competitiva de 10 km e uma caminhada recreativa de 6 km, ambas com partida e chegada na Quinta do Inspetor-Junta de Freguesia.<\/p>\n<p>A corrida de 10 km apresenta um percurso exigente com subidas e descidas significativas, passando por patrim\u00f3nio urbano e pela beleza natural dos Passadi\u00e7os do U\u00edma, destinado a atletas fortes. A caminhada de 6 km \u00e9 familiar, permitindo que participantes de todas as idades desfrutem do percurso c\u00e9nico.<\/p>\n<p>Este evento combina desporto, hist\u00f3ria e natureza, proporcionando uma experi\u00eancia sensorial \u00fanica e uma atmosfera festiva para corredores e caminhantes.<\/p>\n","organizer_description":"<p><strong><a class=\"\" href=\"https:\/\/s3.lap2go.com\/events\/2026\/ulfilanis-run\/Regulamento-ulfilanis-run-2026-min.pdf\" target=\"_new\" rel=\"noopener\">Regulamento \u2197<\/a><\/strong><\/p>\n<p><strong>Hor\u00e1rios de partida por categoria\/dist\u00e2ncia:<\/strong><br \/>\n\u2022 10:00 &#8211; Corrida 10 km<br \/>\n\u2022 10:15 &#8211; Caminhada 6 km<\/p>\n<p><strong>Tempos limite:<\/strong> Dura\u00e7\u00e3o m\u00e1xima da corrida e caminhada \u00e9 de 1h30m<\/p>\n<p><strong>Prazo de inscri\u00e7\u00e3o:<\/strong> 8 de abril de 2026, 23:59<\/p>\n<p><strong>Locais de partida\/chegada:<\/strong> Quinta do Inspetor-Junta de Freguesia, Fi\u00e3es<\/p>\n<p><strong>Tipos de piso:<\/strong> Asfalto e trilhos naturais incluindo Passadi\u00e7os do Rio U\u00edma<\/p>\n<p><strong>M\u00e9todo de cronometragem:<\/strong> Cronometragem eletr\u00f3nica por chip (somente na corrida)<\/p>\n<p><strong>Pr\u00e9mios:<\/strong><br \/>\n\u2022 Trof\u00e9us e pr\u00e9mios monet\u00e1rios para 1\u00ba, 2\u00ba e 3\u00ba lugares em v\u00e1rias categorias<br \/>\n\u2022 Trof\u00e9u para as 3 melhores equipas (baseado na soma dos lugares dos primeiros 3 atletas)<br \/>\n\u2022 Trof\u00e9u para a equipa mais numerosa<\/p>\n<p><strong>Levantamento de dorsais (data\/hora e local):<\/strong> A designar pela organiza\u00e7\u00e3o<\/p>\n<p><strong>WC e localiza\u00e7\u00e3o dos abastecimentos:<\/strong> \u00c1gua e fruta dispon\u00edveis<\/p>\n","race_benefits":"<p>\ud83c\udfbd Kit do atleta: t-shirt t\u00e9cnica de running, saco seguro para dorsal, dorsal<br \/>\n\ud83c\udfc5 Pr\u00e9mio de finalista: medalha de finisher<br \/>\n\u23f1\ufe0f Cronometragem + chip para participantes da corrida<br \/>\n\ud83e\udd64 Abastecimentos: \u00e1gua e fruta<br \/>\n\ud83d\udebf Duches dispon\u00edveis<br \/>\n\ud83d\udee1\ufe0f Seguro: seguro desportivo para todos os inscritos<\/p>\n","event_faq_headline":"FAQ","event_faq_items":false,"event_date_start":"20260412","event_date_end":"20260412","event_start_time":"","event_country":"portugal","event_ticket_url":"https:\/\/lap2go.com\/pt\/event\/ulfilanis-run-2026","event_latitude":"40.9945","event_longitude":"-8.5247","event_rating":"","is_hot_event":false,"event_participants_count":"0","organizer_avatar":false,"event_gallery":false,"event_location_text":"","purchasing_all_variations_through_woocommerce":false,"optional_extras":false,"organizer_website":{"title":"","url":"","target":"","0":""}},"_links":{"self":[{"href":"https:\/\/racefinder.pt\/pt\/wp-json\/wp\/v2\/product\/31624","targetHints":{"allow":["GET"]}}],"collection":[{"href":"https:\/\/racefinder.pt\/pt\/wp-json\/wp\/v2\/product"}],"about":[{"href":"https:\/\/racefinder.pt\/pt\/wp-json\/wp\/v2\/types\/product"}],"replies":[{"embeddable":true,"href":"https:\/\/racefinder.pt\/pt\/wp-json\/wp\/v2\/comments?post=31624"}],"version-history":[{"count":1,"href":"https:\/\/racefinder.pt\/pt\/wp-json\/wp\/v2\/product\/31624\/revisions"}],"predecessor-version":[{"id":31625,"href":"https:\/\/racefinder.pt\/pt\/wp-json\/wp\/v2\/product\/31624\/revisions\/31625"}],"wp:featuredmedia":[{"embeddable":true,"href":"https:\/\/racefinder.pt\/pt\/wp-json\/wp\/v2\/media\/31732"}],"wp:attachment":[{"href":"https:\/\/racefinder.pt\/pt\/wp-json\/wp\/v2\/media?parent=31624"}],"wp:term":[{"taxonomy":"product_brand","embeddable":true,"href":"https:\/\/racefinder.pt\/pt\/wp-json\/wp\/v2\/product_brand?post=31624"},{"taxonomy":"product_cat","embeddable":true,"href":"https:\/\/racefinder.pt\/pt\/wp-json\/wp\/v2\/product_cat?post=31624"},{"taxonomy":"product_tag","embeddable":true,"href":"https:\/\/racefinder.pt\/pt\/wp-json\/wp\/v2\/product_tag?post=31624"}],"curies":[{"name":"wp","href":"https:\/\/api.w.org\/{rel}","templated":true}]}}