{"id":31319,"date":"2026-02-06T23:21:30","date_gmt":"2026-02-06T23:21:30","guid":{"rendered":"https:\/\/racefinder.pt\/?post_type=product&#038;p=31319"},"modified":"2026-02-09T11:14:18","modified_gmt":"2026-02-09T11:14:18","slug":"xx-passeio-btt-pelos-trilhos-de-mombeja","status":"publish","type":"product","link":"https:\/\/racefinder.pt\/pt\/event\/xx-passeio-btt-pelos-trilhos-de-mombeja\/","title":{"rendered":"XX Passeio BTT &#8220;Pelos Trilhos de Mombeja&#8221;"},"content":{"rendered":"","protected":false},"excerpt":{"rendered":"","protected":false},"featured_media":31516,"comment_status":"open","ping_status":"closed","template":"","meta":{"_acf_changed":false,"footnotes":""},"product_brand":[],"product_cat":[193,130],"product_tag":[],"class_list":{"0":"post-31319","1":"product","2":"type-product","3":"status-publish","4":"has-post-thumbnail","6":"product_cat-btt-pt-2","7":"product_cat-ciclismo","9":"first","10":"instock","11":"shipping-taxable","12":"purchasable","13":"product-type-variable"},"acf":{"event_short_description":"<p>O XX Passeio BTT &#8220;Pelos Trilhos de Mombeja&#8221; \u00e9 um evento de mountain bike marcado para domingo, 6 de setembro de 2026, em Mombeja, Beja. A prova come\u00e7a \u00e0s 09:00 e oferece percursos de Meia Maratona, Maratona e Maratona E-Bikes.<\/p>\n<p>Est\u00e1 aberto a v\u00e1rias categorias et\u00e1rias, incluindo participantes masculinos, femininos e categorias de E-Bikes. O evento tem limite de 250 participantes, proporcionando um ambiente competitivo e inclusivo para os entusiastas do mountain bike.<\/p>\n","organizer_description":"<p><strong>Prazo de inscri\u00e7\u00e3o:<\/strong> Ter\u00e7a-feira, 1 de setembro de 2026 \u00e0s 23:59<\/p>\n<p><strong>Limite de participantes:<\/strong> 250<\/p>\n<p><strong>Locais de partida\/chegada:<\/strong> Mombeja, Beja<\/p>\n","race_benefits":"","event_date_start":"20260906","event_date_end":"20260906","event_start_time":"","event_country":"portugal","event_ticket_url":"https:\/\/apedalar.pt\/eventos\/4126\/info","event_latitude":"38.0237","event_longitude":"-8.036","event_rating":"","is_hot_event":false,"event_participants_count":"0","organizer_avatar":false,"event_gallery":false,"event_faq_headline":"","event_faq_items":false,"event_location_text":"Mombeja","organizer_website":{"title":"","url":"","target":"","0":""},"event_full_address":"","organizer_name":""},"_links":{"self":[{"href":"https:\/\/racefinder.pt\/pt\/wp-json\/wp\/v2\/product\/31319","targetHints":{"allow":["GET"]}}],"collection":[{"href":"https:\/\/racefinder.pt\/pt\/wp-json\/wp\/v2\/product"}],"about":[{"href":"https:\/\/racefinder.pt\/pt\/wp-json\/wp\/v2\/types\/product"}],"replies":[{"embeddable":true,"href":"https:\/\/racefinder.pt\/pt\/wp-json\/wp\/v2\/comments?post=31319"}],"version-history":[{"count":1,"href":"https:\/\/racefinder.pt\/pt\/wp-json\/wp\/v2\/product\/31319\/revisions"}],"predecessor-version":[{"id":31320,"href":"https:\/\/racefinder.pt\/pt\/wp-json\/wp\/v2\/product\/31319\/revisions\/31320"}],"wp:featuredmedia":[{"embeddable":true,"href":"https:\/\/racefinder.pt\/pt\/wp-json\/wp\/v2\/media\/31516"}],"wp:attachment":[{"href":"https:\/\/racefinder.pt\/pt\/wp-json\/wp\/v2\/media?parent=31319"}],"wp:term":[{"taxonomy":"product_brand","embeddable":true,"href":"https:\/\/racefinder.pt\/pt\/wp-json\/wp\/v2\/product_brand?post=31319"},{"taxonomy":"product_cat","embeddable":true,"href":"https:\/\/racefinder.pt\/pt\/wp-json\/wp\/v2\/product_cat?post=31319"},{"taxonomy":"product_tag","embeddable":true,"href":"https:\/\/racefinder.pt\/pt\/wp-json\/wp\/v2\/product_tag?post=31319"}],"curies":[{"name":"wp","href":"https:\/\/api.w.org\/{rel}","templated":true}]}}