{"id":30926,"date":"2026-02-06T06:10:32","date_gmt":"2026-02-06T06:10:32","guid":{"rendered":"https:\/\/racefinder.pt\/?post_type=product&#038;p=30926"},"modified":"2026-02-06T11:23:38","modified_gmt":"2026-02-06T11:23:38","slug":"granfondo-5-quinas","status":"publish","type":"product","link":"https:\/\/racefinder.pt\/pt\/event\/granfondo-5-quinas\/","title":{"rendered":"Granfondo 5 Quinas"},"content":{"rendered":"","protected":false},"excerpt":{"rendered":"","protected":false},"featured_media":31062,"comment_status":"open","ping_status":"closed","template":"","meta":{"_acf_changed":false,"footnotes":""},"product_brand":[],"product_cat":[130,212],"product_tag":[],"class_list":{"0":"post-30926","1":"product","2":"type-product","3":"status-publish","4":"has-post-thumbnail","6":"product_cat-ciclismo","7":"product_cat-ciclismo-de-estrada","9":"first","10":"instock","11":"shipping-taxable","12":"purchasable","13":"product-type-variable"},"acf":{"event_short_description":"<p>A Granfondo 5 Quinas \u00e9 um evento de ciclismo agendado para domingo, 5 de julho de 2026, com in\u00edcio \u00e0s 09:00 no Largo da Fonte, Sabugal, Guarda. Oferece duas principais rotas: Mediofondo e Granfondo.<\/p>\n<p>A prova est\u00e1 aberta a atletas federados e outros, com uma taxa de inscri\u00e7\u00e3o de 25\u20ac ou 20\u20ac para federados. Inclui op\u00e7\u00e3o de almo\u00e7o para os participantes que a selecionarem.<\/p>\n","organizer_description":"<p><strong>Locais de partida\/chegada:<\/strong> Largo da Fonte, Sabugal, Guarda<\/p>\n<p><strong>Percursos da prova:<\/strong><br \/>\n\u2022 Mediofondo<br \/>\n\u2022 Granfondo<\/p>\n","race_benefits":"<p>\ud83c\udfc5 Pr\u00e9mio de finalista: inclui op\u00e7\u00e3o de almo\u00e7o caso selecionado<\/p>\n","event_date_start":"20260705","event_date_end":"20260705","event_start_time":"","event_country":"portugal","event_ticket_url":"https:\/\/apedalar.pt\/eventos\/4197\/info","event_latitude":"40.3502","event_longitude":"-7.0893","event_rating":"","is_hot_event":false,"event_participants_count":"0","organizer_avatar":false,"event_gallery":false,"organizer_website":{"title":"","url":"","target":"","0":""},"event_faq_headline":"","event_faq_items":false,"event_location_text":"Sabugal"},"_links":{"self":[{"href":"https:\/\/racefinder.pt\/pt\/wp-json\/wp\/v2\/product\/30926","targetHints":{"allow":["GET"]}}],"collection":[{"href":"https:\/\/racefinder.pt\/pt\/wp-json\/wp\/v2\/product"}],"about":[{"href":"https:\/\/racefinder.pt\/pt\/wp-json\/wp\/v2\/types\/product"}],"replies":[{"embeddable":true,"href":"https:\/\/racefinder.pt\/pt\/wp-json\/wp\/v2\/comments?post=30926"}],"version-history":[{"count":2,"href":"https:\/\/racefinder.pt\/pt\/wp-json\/wp\/v2\/product\/30926\/revisions"}],"predecessor-version":[{"id":31054,"href":"https:\/\/racefinder.pt\/pt\/wp-json\/wp\/v2\/product\/30926\/revisions\/31054"}],"wp:featuredmedia":[{"embeddable":true,"href":"https:\/\/racefinder.pt\/pt\/wp-json\/wp\/v2\/media\/31062"}],"wp:attachment":[{"href":"https:\/\/racefinder.pt\/pt\/wp-json\/wp\/v2\/media?parent=30926"}],"wp:term":[{"taxonomy":"product_brand","embeddable":true,"href":"https:\/\/racefinder.pt\/pt\/wp-json\/wp\/v2\/product_brand?post=30926"},{"taxonomy":"product_cat","embeddable":true,"href":"https:\/\/racefinder.pt\/pt\/wp-json\/wp\/v2\/product_cat?post=30926"},{"taxonomy":"product_tag","embeddable":true,"href":"https:\/\/racefinder.pt\/pt\/wp-json\/wp\/v2\/product_tag?post=30926"}],"curies":[{"name":"wp","href":"https:\/\/api.w.org\/{rel}","templated":true}]}}