{"id":30905,"date":"2026-02-06T06:06:55","date_gmt":"2026-02-06T06:06:55","guid":{"rendered":"https:\/\/racefinder.pt\/?post_type=product&#038;p=30905"},"modified":"2026-02-06T12:46:41","modified_gmt":"2026-02-06T12:46:41","slug":"xii-maratona-de-olhas","status":"publish","type":"product","link":"https:\/\/racefinder.pt\/pt\/event\/xii-maratona-de-olhas\/","title":{"rendered":"XII Maratona de Olhas"},"content":{"rendered":"","protected":false},"excerpt":{"rendered":"","protected":false},"featured_media":31066,"comment_status":"open","ping_status":"closed","template":"","meta":{"_acf_changed":false,"footnotes":""},"product_brand":[],"product_cat":[193,130],"product_tag":[],"class_list":{"0":"post-30905","1":"product","2":"type-product","3":"status-publish","4":"has-post-thumbnail","6":"product_cat-btt-pt-2","7":"product_cat-ciclismo","9":"first","10":"instock","11":"shipping-taxable","12":"purchasable","13":"product-type-variable"},"acf":{"event_short_description":"<p>A XII Maratona de Olhas \u00e9 um evento de maratona de ciclismo agendado para domingo, 7 de junho de 2026, em Olhas, Beja. O evento inclui dist\u00e2ncias de maratona e meia maratona, bem como uma categoria para E-Bikes.<\/p>\n<p>A inscri\u00e7\u00e3o est\u00e1 aberta com uma taxa de 15,00 \u20ac, e o evento acolhe participantes em v\u00e1rias categorias et\u00e1rias, incluindo juniores, elites e masters. A prova oferece um ambiente competitivo com m\u00faltiplas categorias para homens e mulheres, incluindo E-Bikes.<\/p>\n","organizer_description":"<p><strong>Prazo de inscri\u00e7\u00e3o:<\/strong> Segunda-feira, 1 de junho de 2026 \u00e0s 23:59<\/p>\n<p><strong>Locais de partida\/chegada:<\/strong> Olhas, Beja<\/p>\n<p><strong>Escal\u00f5es\/categorias:<\/strong><br \/>\n\u2022 Sem escal\u00e3o (0 &#8211; 15)<br \/>\n\u2022 Juniores M (16 &#8211; 19)<br \/>\n\u2022 Elites M (20 &#8211; 29)<br \/>\n\u2022 Master 30 (30 &#8211; 34)<br \/>\n\u2022 Master 35 (35 &#8211; 39)<br \/>\n\u2022 Master 40 (40 &#8211; 44)<br \/>\n\u2022 Master 45 (45 &#8211; 49)<br \/>\n\u2022 Master 50 (50 &#8211; 54)<br \/>\n\u2022 Master 55 (55 &#8211; 59)<br \/>\n\u2022 Master 60 (60 +)<br \/>\n\u2022 Femininos Elites (16 &#8211; 39)<br \/>\n\u2022 Femininos Master (40 +)<br \/>\n\u2022 E-Bikes Masculinos (16 +)<br \/>\n\u2022 E-Bikes Femininos (16 +)<\/p>\n","race_benefits":"","event_date_start":"20260607","event_date_end":"20260607","event_start_time":"","event_country":"portugal","event_ticket_url":"https:\/\/apedalar.pt\/eventos\/4124\/info","event_latitude":"38.0308","event_longitude":"-8.2345","event_rating":"","is_hot_event":false,"event_participants_count":"0","organizer_avatar":false,"event_gallery":false,"organizer_website":{"title":"","url":"","target":"","0":""},"event_faq_headline":"","event_faq_items":false,"event_location_text":"Olhas, Beja"},"_links":{"self":[{"href":"https:\/\/racefinder.pt\/pt\/wp-json\/wp\/v2\/product\/30905","targetHints":{"allow":["GET"]}}],"collection":[{"href":"https:\/\/racefinder.pt\/pt\/wp-json\/wp\/v2\/product"}],"about":[{"href":"https:\/\/racefinder.pt\/pt\/wp-json\/wp\/v2\/types\/product"}],"replies":[{"embeddable":true,"href":"https:\/\/racefinder.pt\/pt\/wp-json\/wp\/v2\/comments?post=30905"}],"version-history":[{"count":2,"href":"https:\/\/racefinder.pt\/pt\/wp-json\/wp\/v2\/product\/30905\/revisions"}],"predecessor-version":[{"id":31070,"href":"https:\/\/racefinder.pt\/pt\/wp-json\/wp\/v2\/product\/30905\/revisions\/31070"}],"wp:featuredmedia":[{"embeddable":true,"href":"https:\/\/racefinder.pt\/pt\/wp-json\/wp\/v2\/media\/31066"}],"wp:attachment":[{"href":"https:\/\/racefinder.pt\/pt\/wp-json\/wp\/v2\/media?parent=30905"}],"wp:term":[{"taxonomy":"product_brand","embeddable":true,"href":"https:\/\/racefinder.pt\/pt\/wp-json\/wp\/v2\/product_brand?post=30905"},{"taxonomy":"product_cat","embeddable":true,"href":"https:\/\/racefinder.pt\/pt\/wp-json\/wp\/v2\/product_cat?post=30905"},{"taxonomy":"product_tag","embeddable":true,"href":"https:\/\/racefinder.pt\/pt\/wp-json\/wp\/v2\/product_tag?post=30905"}],"curies":[{"name":"wp","href":"https:\/\/api.w.org\/{rel}","templated":true}]}}