{"id":30896,"date":"2026-02-06T06:05:32","date_gmt":"2026-02-06T06:05:32","guid":{"rendered":"https:\/\/racefinder.pt\/?post_type=product&#038;p=30896"},"modified":"2026-02-09T07:21:24","modified_gmt":"2026-02-09T07:21:24","slug":"ii-maratona-terras-de-santa-clara-beja","status":"publish","type":"product","link":"https:\/\/racefinder.pt\/pt\/event\/ii-maratona-terras-de-santa-clara-beja\/","title":{"rendered":"II Maratona Terras de Santa Clara &#8211; Beja"},"content":{"rendered":"","protected":false},"excerpt":{"rendered":"","protected":false},"featured_media":31057,"comment_status":"open","ping_status":"closed","template":"","meta":{"_acf_changed":false,"footnotes":""},"product_brand":[],"product_cat":[193,130],"product_tag":[],"class_list":{"0":"post-30896","1":"product","2":"type-product","3":"status-publish","4":"has-post-thumbnail","6":"product_cat-btt-pt-2","7":"product_cat-ciclismo","9":"first","10":"instock","11":"shipping-taxable","12":"purchasable","13":"product-type-variable"},"acf":{"event_short_description":"<p>A 2\u00aa Maratona BTT Terras de Santa Clara \u00e9 um evento de maratona de bicicleta de montanha que se realiza a 31 de maio de 2026 no Campo de Jogos Jos\u00e9 Cardador, em Santa Clara do Louredo, Beja. A prova oferece duas dist\u00e2ncias: 45 km e 60 km.<\/p>\n<p>Aberto a todos os ciclistas mediante inscri\u00e7\u00e3o no valor de 18 euros, o evento limita a participa\u00e7\u00e3o a 250 atletas. \u00c9 obrigat\u00f3rio o uso de capacete e o atleta deve escolher a dist\u00e2ncia no momento da inscri\u00e7\u00e3o, n\u00e3o sendo permitidas altera\u00e7\u00f5es no dia da prova.<\/p>\n<p>O percurso apresenta paisagens naturais com flora e fauna de interesse, apelando \u00e0 preserva\u00e7\u00e3o ambiental. A organiza\u00e7\u00e3o oferece carros de apoio, assist\u00eancia mec\u00e2nica, e lanche\/almo\u00e7o no final, proporcionando uma experi\u00eancia bem estruturada e envolvente para os participantes.<\/p>\n","organizer_description":"<p><strong><a class=\"\" href=\"https:\/\/assets.apedalar.pt\/media\/8710\/697cc7820a541_REGULAMENTO.pdf\" target=\"_new\" rel=\"noopener\">Regulamento \u2197<\/a><\/strong><\/p>\n<p><strong>Prazo de inscri\u00e7\u00e3o:<\/strong> 26 de maio de 2026 \u00e0s 23:59<\/p>\n<p><strong>Limite de participantes:<\/strong> 250 atletas<\/p>\n<p><strong>Locais de partida\/chegada:<\/strong> Campo de Jogos Jos\u00e9 Cardador, Santa Clara do Louredo, Beja<\/p>\n<p><strong>Hor\u00e1rio de partida por categoria\/dist\u00e2ncia:<\/strong> 09:00<\/p>\n<p><strong>Levantamento de dorsais (data\/hora e local):<\/strong> 30 de maio de 2026 das 18:00 \u00e0s 20:00 e 31 de maio de 2026 das 7:30 \u00e0s 8:30 no Campo de Jogos Jos\u00e9 Cardador<\/p>\n<p><strong>Pr\u00e9mios:<\/strong> Pr\u00e9mios para os 3 primeiros classificados masculinos e femininos gerais da maratona e meia maratona, e para os 3 primeiros classificados por escal\u00e3o<\/p>\n<p><strong>WC e localiza\u00e7\u00e3o dos abastecimentos:<\/strong> Zonas de assist\u00eancia nos percursos<\/p>\n","race_benefits":"<p>\ud83c\udfbd Kit do atleta: dorsal, lembran\u00e7as<br \/>\n\ud83c\udfc5 Pr\u00e9mio de finalista: pr\u00e9mios para os 3 primeiros classificados masculinos e femininos gerais e por escal\u00e3o<br \/>\n\ud83d\udedf Apoio de seguran\u00e7a: carros de apoio e assist\u00eancia mec\u00e2nica nos percursos<br \/>\n\ud83d\udee1\ufe0f Seguro: inclu\u00eddo na inscri\u00e7\u00e3o<br \/>\n\ud83e\udd64 Abastecimentos: zonas de assist\u00eancia nos percursos<br \/>\n\ud83d\udebf Duches: dispon\u00edveis nas instala\u00e7\u00f5es do Louredense Futebol Clube<br \/>\n\ud83e\uddd6 Lanche\/p\u00f3s-prova: lanche\/almo\u00e7o (bifana e uma bebida) inclu\u00eddo<\/p>\n","event_date_start":"20260531","event_date_end":"20260531","event_start_time":"","event_country":"portugal","event_ticket_url":"https:\/\/apedalar.pt\/eventos\/4107\/info","event_rating":"","is_hot_event":false,"event_participants_count":"0","organizer_avatar":false,"event_gallery":false,"event_faq_headline":"","event_faq_items":false,"event_location_text":"Santa Clara do Louredo","event_latitude":"37.9720","event_longitude":"-7.8735","organizer_website":{"title":"","url":"","target":"","0":""}},"_links":{"self":[{"href":"https:\/\/racefinder.pt\/pt\/wp-json\/wp\/v2\/product\/30896","targetHints":{"allow":["GET"]}}],"collection":[{"href":"https:\/\/racefinder.pt\/pt\/wp-json\/wp\/v2\/product"}],"about":[{"href":"https:\/\/racefinder.pt\/pt\/wp-json\/wp\/v2\/types\/product"}],"replies":[{"embeddable":true,"href":"https:\/\/racefinder.pt\/pt\/wp-json\/wp\/v2\/comments?post=30896"}],"version-history":[{"count":1,"href":"https:\/\/racefinder.pt\/pt\/wp-json\/wp\/v2\/product\/30896\/revisions"}],"predecessor-version":[{"id":30897,"href":"https:\/\/racefinder.pt\/pt\/wp-json\/wp\/v2\/product\/30896\/revisions\/30897"}],"wp:featuredmedia":[{"embeddable":true,"href":"https:\/\/racefinder.pt\/pt\/wp-json\/wp\/v2\/media\/31057"}],"wp:attachment":[{"href":"https:\/\/racefinder.pt\/pt\/wp-json\/wp\/v2\/media?parent=30896"}],"wp:term":[{"taxonomy":"product_brand","embeddable":true,"href":"https:\/\/racefinder.pt\/pt\/wp-json\/wp\/v2\/product_brand?post=30896"},{"taxonomy":"product_cat","embeddable":true,"href":"https:\/\/racefinder.pt\/pt\/wp-json\/wp\/v2\/product_cat?post=30896"},{"taxonomy":"product_tag","embeddable":true,"href":"https:\/\/racefinder.pt\/pt\/wp-json\/wp\/v2\/product_tag?post=30896"}],"curies":[{"name":"wp","href":"https:\/\/api.w.org\/{rel}","templated":true}]}}