{"id":30887,"date":"2026-02-06T06:03:48","date_gmt":"2026-02-06T06:03:48","guid":{"rendered":"https:\/\/racefinder.pt\/?post_type=product&#038;p=30887"},"modified":"2026-02-09T07:23:00","modified_gmt":"2026-02-09T07:23:00","slug":"iii-raid-btt-adic-comenda","status":"publish","type":"product","link":"https:\/\/racefinder.pt\/pt\/event\/iii-raid-btt-adic-comenda\/","title":{"rendered":"III RAID BTT ADIC COMENDA"},"content":{"rendered":"","protected":false},"excerpt":{"rendered":"","protected":false},"featured_media":31048,"comment_status":"open","ping_status":"closed","template":"","meta":{"_acf_changed":false,"footnotes":""},"product_brand":[],"product_cat":[193,130],"product_tag":[],"class_list":{"0":"post-30887","1":"product","2":"type-product","3":"status-publish","4":"has-post-thumbnail","6":"product_cat-btt-pt-2","7":"product_cat-ciclismo","9":"first","10":"instock","11":"shipping-taxable","12":"purchasable","13":"product-type-variable"},"acf":{"event_short_description":"<p>O III RAID BTT ADIC COMENDA \u00e9 um evento de BTT n\u00e3o competitivo que se realiza a 31 de maio de 2026, em Comenda, distrito de Portalegre. Oferece dois percursos: um raid de 50 km guiado por GPS com dificuldade m\u00e9dia e um passeio guiado de 25 km com dificuldade baixa.<\/p>\n<p>Organizado pela Associa\u00e7\u00e3o Desportiva Ifal Comenda, o evento tem como objetivo dar a conhecer a freguesia e o concelho, promovendo o lazer e a descoberta. Est\u00e1 aberto a todos os participantes.<\/p>\n<p>Os atletas ir\u00e3o experienciar terrenos variados com apoio da organiza\u00e7\u00e3o ao longo do percurso, incluindo assist\u00eancia mec\u00e2nica em caso de necessidade. O evento inclui ainda um almo\u00e7o conv\u00edvio ap\u00f3s a prova.<\/p>\n","organizer_description":"<p><strong><a class=\"\" href=\"https:\/\/assets.apedalar.pt\/media\/8729\/6980bb97ebe80_Regulamento.pdf\" target=\"_new\" rel=\"noopener\">Regulamento \u2197<\/a><\/strong><\/p>\n<p><strong>Locais de partida\/chegada:<\/strong> Associa\u00e7\u00e3o Desportiva Ifal Comenda, Rua Dona Delfina Pequito Rebelo s\/n, atr\u00e1s da junta de freguesia de Comenda, Gavi\u00e3o, distrito de Portalegre<\/p>\n<p><strong>Hor\u00e1rios de partida por categoria\/dist\u00e2ncia:<\/strong><br \/>\n\u2022 09:00 briefing<br \/>\n\u2022 09:15 partida do Raid BTT 50 km GPS<br \/>\n\u2022 09:20 partida do passeio guiado 25 km<\/p>\n<p><strong>Prazo de inscri\u00e7\u00e3o:<\/strong> 26 de maio de 2026 \u00e0s 23:59<\/p>\n<p><strong>Formato do percurso:<\/strong> Dois percursos: passeio guiado de 25 km com dificuldade baixa e raid de 50 km guiado por GPS com dificuldade m\u00e9dia<\/p>\n<p><strong>WC e localiza\u00e7\u00e3o dos abastecimentos:<\/strong> Elementos da organiza\u00e7\u00e3o ao longo do percurso para apoio<\/p>\n<p><strong>Pr\u00e9mios:<\/strong> Os atletas t\u00eam direito a dorsal, seguro, refor\u00e7o, almo\u00e7o opcional, banhos, lembran\u00e7as e equipamento para lavagem de bicicleta<\/p>\n","race_benefits":"<p>\ud83c\udfbd Kit do atleta: dorsal, seguro, refor\u00e7o, almo\u00e7o opcional, banhos, lembran\u00e7as e equipamento para lavagem de bicicleta<br \/>\n\ud83e\udd64 Abastecimentos: refor\u00e7o ao longo do percurso<br \/>\n\ud83d\udedf Apoio de seguran\u00e7a: elementos da organiza\u00e7\u00e3o dispon\u00edveis para apoio durante o percurso<br \/>\n\ud83e\uddf3 Ve\u00edculo de apoio mec\u00e2nico para recolha do atleta e bicicleta em caso de avaria<\/p>\n","event_date_start":"20260531","event_date_end":"20260531","event_start_time":"","event_country":"portugal","event_ticket_url":"https:\/\/apedalar.pt\/eventos\/4148\/info","event_rating":"","is_hot_event":false,"event_participants_count":"0","organizer_avatar":false,"event_gallery":false,"event_faq_headline":"","event_faq_items":false,"event_location_text":"Comenda","event_latitude":"39.4130","event_longitude":"-7.7693","organizer_website":{"title":"","url":"","target":"","0":""}},"_links":{"self":[{"href":"https:\/\/racefinder.pt\/pt\/wp-json\/wp\/v2\/product\/30887","targetHints":{"allow":["GET"]}}],"collection":[{"href":"https:\/\/racefinder.pt\/pt\/wp-json\/wp\/v2\/product"}],"about":[{"href":"https:\/\/racefinder.pt\/pt\/wp-json\/wp\/v2\/types\/product"}],"replies":[{"embeddable":true,"href":"https:\/\/racefinder.pt\/pt\/wp-json\/wp\/v2\/comments?post=30887"}],"version-history":[{"count":1,"href":"https:\/\/racefinder.pt\/pt\/wp-json\/wp\/v2\/product\/30887\/revisions"}],"predecessor-version":[{"id":30888,"href":"https:\/\/racefinder.pt\/pt\/wp-json\/wp\/v2\/product\/30887\/revisions\/30888"}],"wp:featuredmedia":[{"embeddable":true,"href":"https:\/\/racefinder.pt\/pt\/wp-json\/wp\/v2\/media\/31048"}],"wp:attachment":[{"href":"https:\/\/racefinder.pt\/pt\/wp-json\/wp\/v2\/media?parent=30887"}],"wp:term":[{"taxonomy":"product_brand","embeddable":true,"href":"https:\/\/racefinder.pt\/pt\/wp-json\/wp\/v2\/product_brand?post=30887"},{"taxonomy":"product_cat","embeddable":true,"href":"https:\/\/racefinder.pt\/pt\/wp-json\/wp\/v2\/product_cat?post=30887"},{"taxonomy":"product_tag","embeddable":true,"href":"https:\/\/racefinder.pt\/pt\/wp-json\/wp\/v2\/product_tag?post=30887"}],"curies":[{"name":"wp","href":"https:\/\/api.w.org\/{rel}","templated":true}]}}