{"id":30610,"date":"2026-02-03T23:12:41","date_gmt":"2026-02-03T23:12:41","guid":{"rendered":"https:\/\/racefinder.pt\/?post_type=product&#038;p=30610"},"modified":"2026-03-04T17:29:18","modified_gmt":"2026-03-04T17:29:18","slug":"passeio-da-espiga","status":"publish","type":"product","link":"https:\/\/racefinder.pt\/pt\/event\/passeio-da-espiga\/","title":{"rendered":"Passeio da Espiga"},"content":{"rendered":"","protected":false},"excerpt":{"rendered":"","protected":false},"featured_media":35786,"comment_status":"open","ping_status":"closed","template":"","meta":{"_acf_changed":false,"footnotes":""},"product_brand":[],"product_cat":[193,140,130,129],"product_tag":[],"class_list":{"0":"post-30610","1":"product","2":"type-product","3":"status-publish","4":"has-post-thumbnail","6":"product_cat-btt-pt-2","7":"product_cat-caminhada","8":"product_cat-ciclismo","9":"product_cat-corrida","11":"first","12":"instock","13":"shipping-taxable","14":"purchasable","15":"product-type-variable"},"acf":{"event_short_description":"<p>O Passeio Da Espiga \u00e9 um evento desportivo n\u00e3o competitivo que inclui BTT, caminhada e trail, a realizar-se a 10 de maio de 2026 na vila e freguesia de Mafra. O evento oferece duas dist\u00e2ncias para bicicleta\u2014aproximadamente 20 km (f\u00e1cil) e 40 km (dif\u00edcil)\u2014e um percurso pedestre de cerca de 13 km.<\/p>\n<p>Aberto a todos os participantes, amadores e profissionais, incluindo atletas masculinos e femininos, e categorias para bicicletas convencionais e el\u00e9tricas. O evento promove a pr\u00e1tica desportiva num ambiente de conv\u00edvio e lazer, destacando as caracter\u00edsticas \u00fanicas de Mafra.<\/p>\n<p>Os participantes ter\u00e3o um percurso bem sinalizado, com zonas de assist\u00eancia mec\u00e2nica e abastecimento, al\u00e9m de medalha de finisher e T-shirt alusiva para todos.<\/p>\n","organizer_description":"<p><strong><a class=\"\" href=\"https:\/\/assets.acorrer.pt\/media\/8684\/697a20d70a7f2_regulamento.pdf\" target=\"_new\" rel=\"noopener\">Regulamento \u2197<\/a><\/strong><\/p>\n<p><strong>Levantamento de dorsais (data\/hora e local):<\/strong> No secretariado localizado no parque intermodal Auto da Vela, das 7h30 \u00e0s 8h45 no dia do evento<\/p>\n<p><strong>Locais de partida\/chegada:<\/strong> Vila e Freguesia de Mafra<\/p>\n<p><strong>Hor\u00e1rios de partida por categoria\/dist\u00e2ncia:<\/strong> 09:00 no dia 10 de maio de 2026<\/p>\n<p><strong>WC e localiza\u00e7\u00e3o dos abastecimentos:<\/strong> Zona de assist\u00eancia mec\u00e2nica no in\u00edcio e pontos de abastecimento ao longo do percurso<\/p>\n<p><strong>Pr\u00e9mios:<\/strong> Medalha de finisher e T-shirt alusiva para todos os participantes<\/p>\n","race_benefits":"<p>\ud83c\udfbd Kit do atleta: dorsal para bicicleta, seguro, acesso a banhos, local para lavagem de bicicletas<br \/>\n\ud83c\udfc5 Pr\u00e9mio de finalista: medalha e T-shirt alusiva ao evento<br \/>\n\ud83e\udd64 Abastecimentos: l\u00edquidos e s\u00f3lidos<br \/>\n\ud83d\udedf Apoio de seguran\u00e7a: meios de emerg\u00eancia ativados em caso de incidentes graves<\/p>\n","event_date_start":"20260510","event_date_end":"20260510","event_start_time":"","event_country":"portugal","event_ticket_url":"https:\/\/acorrer.pt\/eventos\/4194\/info","event_latitude":"38.9369","event_longitude":"-9.3282","event_rating":"","is_hot_event":false,"event_participants_count":"0","organizer_avatar":false,"event_gallery":false,"event_location_text":"Mafra","purchasing_all_variations_through_woocommerce":false,"event_faq_headline":"","event_faq_items":false,"organizer_website":{"title":"","url":"","target":"","0":""}},"_links":{"self":[{"href":"https:\/\/racefinder.pt\/pt\/wp-json\/wp\/v2\/product\/30610","targetHints":{"allow":["GET"]}}],"collection":[{"href":"https:\/\/racefinder.pt\/pt\/wp-json\/wp\/v2\/product"}],"about":[{"href":"https:\/\/racefinder.pt\/pt\/wp-json\/wp\/v2\/types\/product"}],"replies":[{"embeddable":true,"href":"https:\/\/racefinder.pt\/pt\/wp-json\/wp\/v2\/comments?post=30610"}],"version-history":[{"count":1,"href":"https:\/\/racefinder.pt\/pt\/wp-json\/wp\/v2\/product\/30610\/revisions"}],"predecessor-version":[{"id":30611,"href":"https:\/\/racefinder.pt\/pt\/wp-json\/wp\/v2\/product\/30610\/revisions\/30611"}],"wp:featuredmedia":[{"embeddable":true,"href":"https:\/\/racefinder.pt\/pt\/wp-json\/wp\/v2\/media\/35786"}],"wp:attachment":[{"href":"https:\/\/racefinder.pt\/pt\/wp-json\/wp\/v2\/media?parent=30610"}],"wp:term":[{"taxonomy":"product_brand","embeddable":true,"href":"https:\/\/racefinder.pt\/pt\/wp-json\/wp\/v2\/product_brand?post=30610"},{"taxonomy":"product_cat","embeddable":true,"href":"https:\/\/racefinder.pt\/pt\/wp-json\/wp\/v2\/product_cat?post=30610"},{"taxonomy":"product_tag","embeddable":true,"href":"https:\/\/racefinder.pt\/pt\/wp-json\/wp\/v2\/product_tag?post=30610"}],"curies":[{"name":"wp","href":"https:\/\/api.w.org\/{rel}","templated":true}]}}