{"id":30603,"date":"2026-02-03T23:11:09","date_gmt":"2026-02-03T23:11:09","guid":{"rendered":"https:\/\/racefinder.pt\/?post_type=product&#038;p=30603"},"modified":"2026-02-04T11:51:41","modified_gmt":"2026-02-04T11:51:41","slug":"1a-caminhada-da-mulher","status":"publish","type":"product","link":"https:\/\/racefinder.pt\/pt\/event\/1a-caminhada-da-mulher\/","title":{"rendered":"1\u00aa CAMINHADA DA MULHER"},"content":{"rendered":"","protected":false},"excerpt":{"rendered":"","protected":false},"featured_media":30718,"comment_status":"open","ping_status":"closed","template":"","meta":{"_acf_changed":false,"footnotes":""},"product_brand":[],"product_cat":[140,129],"product_tag":[],"class_list":{"0":"post-30603","1":"product","2":"type-product","3":"status-publish","4":"has-post-thumbnail","6":"product_cat-caminhada","7":"product_cat-corrida","9":"first","10":"instock","11":"shipping-taxable","12":"purchasable","13":"product-type-variable"},"acf":{"event_short_description":"<p>A 1.\u00aa Caminhada do Dia da Mulher, organizada pelo Centro Cultural e Desportivo de Penafirme da Mata, realiza-se a 8 de mar\u00e7o de 2026, com in\u00edcio \u00e0s 09h30 em Penafirme da Mata, freguesia de Olhalvo. A caminhada tem uma dist\u00e2ncia aproximada de 10 km, por estradas e caminhos, com grau de dificuldade m\u00e9dio.<\/p>\n<p>A caminhada \u00e9 aberta a participantes de todas as idades e sexos, sendo que os menores devem estar acompanhados por um adulto respons\u00e1vel. O evento promove uma atmosfera inclusiva e comunit\u00e1ria, celebrando o Dia da Mulher com um percurso pela paisagem local.<\/p>\n<p>Os participantes podem optar por incluir almo\u00e7o na inscri\u00e7\u00e3o, e o evento oferece uma T-shirt oficial e abastecimento durante o percurso e na chegada.<\/p>\n","organizer_description":"<p><strong><a class=\"\" href=\"https:\/\/assets.acorrer.pt\/media\/8732\/6980c7a01f1fc_regulamento.pdf\" target=\"_new\" rel=\"noopener\">Regulamento \u2197<\/a><\/strong><\/p>\n<p><strong>Escal\u00f5es\/categorias:<\/strong><br \/>\n\u2022 Aberto a todas as idades e sexos<\/p>\n<p><strong>Locais de partida\/chegada:<\/strong> Em frente \u00e0 sede do Centro Cultural e Desportivo de Penafirme da Mata<\/p>\n<p><strong>Hor\u00e1rios de partida por categoria\/dist\u00e2ncia:<\/strong> 09h30<\/p>\n<p><strong>Limite de participantes:<\/strong> 200<\/p>\n<p><strong>Prazo de inscri\u00e7\u00e3o:<\/strong> 3 de mar\u00e7o de 2026 \u00e0s 23h59 (hora local)<\/p>\n<p><strong>Tipos de piso:<\/strong> Estradas e caminhos da freguesia de Olhalvo<\/p>\n<p><strong>Formato do percurso:<\/strong> Percurso \u00fanico com aproximadamente 10 km<\/p>\n<p><strong>Rotas da prova:<\/strong> Estradas e caminhos da freguesia de Olhalvo com grau de dificuldade m\u00e9dio<\/p>\n<p><strong>WC e localiza\u00e7\u00e3o dos abastecimentos:<\/strong> Abastecimentos a meio do percurso e na zona de chegada<\/p>\n<p><strong>Pr\u00e9mios:<\/strong> T-shirt oficial do evento para todos os inscritos<\/p>\n","race_benefits":"<p>\ud83c\udfbd Kit do atleta: T-shirt oficial do evento<br \/>\n\ud83e\udd64 Abastecimentos: pontos de abastecimento a meio do percurso e na chegada<br \/>\n\ud83c\udfc5 Pr\u00e9mio de finalista: T-shirt oficial inclu\u00edda na inscri\u00e7\u00e3o<br \/>\n\ud83c\udf7d\ufe0f Op\u00e7\u00e3o de almo\u00e7o dispon\u00edvel na inscri\u00e7\u00e3o<\/p>\n","event_date_start":"20260308","event_date_end":"20260308","event_start_time":"","event_country":"portugal","event_ticket_url":"https:\/\/acorrer.pt\/eventos\/4189\/info","event_latitude":"39.0566","event_longitude":"-9.0076","event_rating":"","is_hot_event":false,"event_participants_count":"0","organizer_avatar":false,"event_gallery":false,"event_location_text":"Penafirme da Mata, Olhalvo","organizer_website":{"title":"","url":"","target":"","0":""}},"_links":{"self":[{"href":"https:\/\/racefinder.pt\/pt\/wp-json\/wp\/v2\/product\/30603","targetHints":{"allow":["GET"]}}],"collection":[{"href":"https:\/\/racefinder.pt\/pt\/wp-json\/wp\/v2\/product"}],"about":[{"href":"https:\/\/racefinder.pt\/pt\/wp-json\/wp\/v2\/types\/product"}],"replies":[{"embeddable":true,"href":"https:\/\/racefinder.pt\/pt\/wp-json\/wp\/v2\/comments?post=30603"}],"version-history":[{"count":1,"href":"https:\/\/racefinder.pt\/pt\/wp-json\/wp\/v2\/product\/30603\/revisions"}],"predecessor-version":[{"id":30604,"href":"https:\/\/racefinder.pt\/pt\/wp-json\/wp\/v2\/product\/30603\/revisions\/30604"}],"wp:featuredmedia":[{"embeddable":true,"href":"https:\/\/racefinder.pt\/pt\/wp-json\/wp\/v2\/media\/30718"}],"wp:attachment":[{"href":"https:\/\/racefinder.pt\/pt\/wp-json\/wp\/v2\/media?parent=30603"}],"wp:term":[{"taxonomy":"product_brand","embeddable":true,"href":"https:\/\/racefinder.pt\/pt\/wp-json\/wp\/v2\/product_brand?post=30603"},{"taxonomy":"product_cat","embeddable":true,"href":"https:\/\/racefinder.pt\/pt\/wp-json\/wp\/v2\/product_cat?post=30603"},{"taxonomy":"product_tag","embeddable":true,"href":"https:\/\/racefinder.pt\/pt\/wp-json\/wp\/v2\/product_tag?post=30603"}],"curies":[{"name":"wp","href":"https:\/\/api.w.org\/{rel}","templated":true}]}}