{"id":30247,"date":"2026-02-02T23:11:59","date_gmt":"2026-02-02T23:11:59","guid":{"rendered":"https:\/\/racefinder.pt\/?post_type=product&#038;p=30247"},"modified":"2026-02-03T14:43:56","modified_gmt":"2026-02-03T14:43:56","slug":"corrida-malapeira","status":"publish","type":"product","link":"https:\/\/racefinder.pt\/pt\/event\/corrida-malapeira\/","title":{"rendered":"Corrida Malapeira"},"content":{"rendered":"","protected":false},"excerpt":{"rendered":"","protected":false},"featured_media":30468,"comment_status":"open","ping_status":"closed","template":"","meta":{"_acf_changed":false,"footnotes":""},"product_brand":[],"product_cat":[140,129,225],"product_tag":[],"class_list":{"0":"post-30247","1":"product","2":"type-product","3":"status-publish","4":"has-post-thumbnail","6":"product_cat-caminhada","7":"product_cat-corrida","8":"product_cat-10-km-pt","10":"first","11":"instock","12":"shipping-taxable","13":"purchasable","14":"product-type-variable"},"acf":{"event_short_description":"<p>O 2\u00ba Grande Pr\u00e9mio de Atletismo &#8220;CORRIDA MALAPEIRA&#8221; realiza-se a 16 de maio de 2026 na Vila de S\u00e3o Jo\u00e3o de Ver, Santa Maria da Feira, Portugal. O evento \u00e9 composto por duas provas: uma corrida de 10 km e uma caminhada de 5 km.<\/p>\n<p>Inclui v\u00e1rias categorias et\u00e1rias, nomeadamente seniores e veteranos, sem men\u00e7\u00e3o a necessidade de licen\u00e7a. Proporciona um ambiente competitivo e inclusivo para atletas e caminhantes.<\/p>\n","organizer_description":"<p><strong><a class=\"\" href=\"https:\/\/lap2go.com\/pt\/event\/corrida-malapeira-2026\/regulamento.html\" target=\"_new\" rel=\"noopener\">Regulamento \u2197<\/a><\/strong><\/p>\n<p><strong>Locais de partida\/chegada:<\/strong> Vila de S\u00e3o Jo\u00e3o de Ver, Santa Maria da Feira<\/p>\n<p><strong>Prazo de inscri\u00e7\u00e3o:<\/strong> 9 de maio de 2026, 23:59<\/p>\n<p><strong>Escal\u00f5es\/categorias:<\/strong><br \/>\n\u2022 S\u00e9nior Feminino<br \/>\n\u2022 S\u00e9nior Masculino<br \/>\n\u2022 Veteranos M40, M45, M50, M55, M60, M65, M70<br \/>\n\u2022 Veteranos F40, F45, F50, F55, F60, F65, F70<br \/>\n\u2022 Escal\u00e3o \u00danico Masculino (para caminhada)<br \/>\n\u2022 Escal\u00e3o \u00danico Feminino (para caminhada)<\/p>\n","race_benefits":"","event_date_start":"20260516","event_date_end":"20260516","event_start_time":"","event_country":"portugal","event_ticket_url":"https:\/\/lap2go.com\/pt\/event\/corrida-malapeira-2026","event_latitude":"40.9254","event_longitude":"-8.5426","event_rating":"","is_hot_event":false,"event_participants_count":"0","organizer_avatar":false,"event_gallery":false,"event_location_text":"Santa Maria da Feira","organizer_website":{"title":"","url":"","target":"","0":""},"purchasing_all_variations_through_woocommerce":false,"optional_extras":false},"_links":{"self":[{"href":"https:\/\/racefinder.pt\/pt\/wp-json\/wp\/v2\/product\/30247","targetHints":{"allow":["GET"]}}],"collection":[{"href":"https:\/\/racefinder.pt\/pt\/wp-json\/wp\/v2\/product"}],"about":[{"href":"https:\/\/racefinder.pt\/pt\/wp-json\/wp\/v2\/types\/product"}],"replies":[{"embeddable":true,"href":"https:\/\/racefinder.pt\/pt\/wp-json\/wp\/v2\/comments?post=30247"}],"version-history":[{"count":1,"href":"https:\/\/racefinder.pt\/pt\/wp-json\/wp\/v2\/product\/30247\/revisions"}],"predecessor-version":[{"id":30248,"href":"https:\/\/racefinder.pt\/pt\/wp-json\/wp\/v2\/product\/30247\/revisions\/30248"}],"wp:featuredmedia":[{"embeddable":true,"href":"https:\/\/racefinder.pt\/pt\/wp-json\/wp\/v2\/media\/30468"}],"wp:attachment":[{"href":"https:\/\/racefinder.pt\/pt\/wp-json\/wp\/v2\/media?parent=30247"}],"wp:term":[{"taxonomy":"product_brand","embeddable":true,"href":"https:\/\/racefinder.pt\/pt\/wp-json\/wp\/v2\/product_brand?post=30247"},{"taxonomy":"product_cat","embeddable":true,"href":"https:\/\/racefinder.pt\/pt\/wp-json\/wp\/v2\/product_cat?post=30247"},{"taxonomy":"product_tag","embeddable":true,"href":"https:\/\/racefinder.pt\/pt\/wp-json\/wp\/v2\/product_tag?post=30247"}],"curies":[{"name":"wp","href":"https:\/\/api.w.org\/{rel}","templated":true}]}}