{"id":29748,"date":"2026-01-30T23:02:59","date_gmt":"2026-01-30T23:02:59","guid":{"rendered":"https:\/\/racefinder.pt\/?post_type=product&#038;p=29748"},"modified":"2026-02-02T10:00:29","modified_gmt":"2026-02-02T10:00:29","slug":"3-passeio-btt-solidario-feira-de-sao-mateus","status":"publish","type":"product","link":"https:\/\/racefinder.pt\/pt\/event\/3-passeio-btt-solidario-feira-de-sao-mateus\/","title":{"rendered":"3\u00b0 Passeio BTT Solid\u00e1rio &#8211; Feira de S\u00e3o Mateus"},"content":{"rendered":"","protected":false},"excerpt":{"rendered":"","protected":false},"featured_media":29950,"comment_status":"open","ping_status":"closed","template":"","meta":{"_acf_changed":false,"footnotes":""},"product_brand":[],"product_cat":[193,130],"product_tag":[],"class_list":{"0":"post-29748","1":"product","2":"type-product","3":"status-publish","4":"has-post-thumbnail","6":"product_cat-btt-pt-2","7":"product_cat-ciclismo","9":"first","10":"instock","11":"shipping-taxable","12":"purchasable","13":"product-type-variable"},"acf":{"event_short_description":"","organizer_description":"<p><strong><a class=\"\" href=\"https:\/\/assets.apedalar.pt\/media\/8688\/697a27100fece_Regulamento.pdf\" target=\"_new\" rel=\"noopener\">Regulamento \u2197<\/a><\/strong><\/p>\n<p><strong>Locais de partida\/chegada:<\/strong> Feira de S\u00e3o Mateus (Cava de Viriato)<\/p>\n<p><strong>Hor\u00e1rios de partida por categoria\/dist\u00e2ncia:<\/strong> Partida \u00e0s 09:00 no dia 30 de agosto de 2026<\/p>\n<p><strong>Levantamento de dorsais (data\/hora e local):<\/strong><br \/>\n\u2022 29 de agosto, 14:00\u201318:00 na Casa da Ribeira<br \/>\n\u2022 30 de agosto, 08:00\u201308:30 na Casa da Ribeira<\/p>\n<p><strong>Formato do percurso:<\/strong> Percurso \u00fanico com aproximadamente 35 km, dificuldade baixa<\/p>\n<p><strong>Percursos da prova:<\/strong> Trilhos, ecopistas, caminhos rurais, p\u00fablicos e estradas municipais no concelho de Viseu<\/p>\n<p><strong>WC e localiza\u00e7\u00e3o dos abastecimentos:<\/strong> V\u00e1rios pontos de abastecimento com comida e bebida ao longo do percurso<\/p>\n<p><strong>Prazo de inscri\u00e7\u00e3o:<\/strong> 17 de agosto de 2026<\/p>\n<p><strong>Pr\u00e9mios:<\/strong> Lembran\u00e7as como forma de agradecimento, sem car\u00e1ter competitivo<\/p>\n","race_benefits":"<p>\ud83e\udd64 Abastecimentos: v\u00e1rios pontos de abastecimento com comida e bebida ao longo do percurso<br \/>\n\ud83d\udebf Banhos quentes dispon\u00edveis<br \/>\n\ud83d\udee1\ufe0f Seguro: seguro de acidentes pessoais inclu\u00eddo<br \/>\n\ud83c\udfbd Kit do atleta: dorsal<br \/>\n\ud83c\udfc5 Pr\u00e9mio de finalista: lembran\u00e7as comemorativas<br \/>\n\ud83d\udedf Apoio de seguran\u00e7a: apoio dos Bombeiros Volunt\u00e1rios, Pol\u00edcia Municipal, PSP, GNR e ambul\u00e2ncia m\u00e9dica<br \/>\n\ud83d\udcf8 Autoriza\u00e7\u00e3o para fotografia e filmagens com consentimento dos participantes<\/p>\n","event_date_start":"20260830","event_date_end":"20260830","event_start_time":"","event_country":"portugal","event_ticket_url":"https:\/\/apedalar.pt\/eventos\/4183\/info","event_latitude":"40.6574","event_longitude":"-7.9138","event_rating":"","is_hot_event":false,"event_participants_count":"0","organizer_avatar":false,"event_gallery":false,"organizer_website":{"title":"","url":"","target":"","0":""},"event_location_text":"Viseu"},"_links":{"self":[{"href":"https:\/\/racefinder.pt\/pt\/wp-json\/wp\/v2\/product\/29748","targetHints":{"allow":["GET"]}}],"collection":[{"href":"https:\/\/racefinder.pt\/pt\/wp-json\/wp\/v2\/product"}],"about":[{"href":"https:\/\/racefinder.pt\/pt\/wp-json\/wp\/v2\/types\/product"}],"replies":[{"embeddable":true,"href":"https:\/\/racefinder.pt\/pt\/wp-json\/wp\/v2\/comments?post=29748"}],"version-history":[{"count":1,"href":"https:\/\/racefinder.pt\/pt\/wp-json\/wp\/v2\/product\/29748\/revisions"}],"predecessor-version":[{"id":29749,"href":"https:\/\/racefinder.pt\/pt\/wp-json\/wp\/v2\/product\/29748\/revisions\/29749"}],"wp:featuredmedia":[{"embeddable":true,"href":"https:\/\/racefinder.pt\/pt\/wp-json\/wp\/v2\/media\/29950"}],"wp:attachment":[{"href":"https:\/\/racefinder.pt\/pt\/wp-json\/wp\/v2\/media?parent=29748"}],"wp:term":[{"taxonomy":"product_brand","embeddable":true,"href":"https:\/\/racefinder.pt\/pt\/wp-json\/wp\/v2\/product_brand?post=29748"},{"taxonomy":"product_cat","embeddable":true,"href":"https:\/\/racefinder.pt\/pt\/wp-json\/wp\/v2\/product_cat?post=29748"},{"taxonomy":"product_tag","embeddable":true,"href":"https:\/\/racefinder.pt\/pt\/wp-json\/wp\/v2\/product_tag?post=29748"}],"curies":[{"name":"wp","href":"https:\/\/api.w.org\/{rel}","templated":true}]}}