{"id":29742,"date":"2026-01-30T23:01:04","date_gmt":"2026-01-30T23:01:04","guid":{"rendered":"https:\/\/racefinder.pt\/?post_type=product&#038;p=29742"},"modified":"2026-02-03T16:09:07","modified_gmt":"2026-02-03T16:09:07","slug":"12o-passeio-btt-por-trilhos-saloios","status":"publish","type":"product","link":"https:\/\/racefinder.pt\/pt\/event\/12o-passeio-btt-por-trilhos-saloios\/","title":{"rendered":"12\u00ba Passeio BTT por Trilhos Saloios"},"content":{"rendered":"","protected":false},"excerpt":{"rendered":"","protected":false},"featured_media":30517,"comment_status":"open","ping_status":"closed","template":"","meta":{"_acf_changed":false,"footnotes":""},"product_brand":[],"product_cat":[193,130],"product_tag":[],"class_list":{"0":"post-29742","1":"product","2":"type-product","3":"status-publish","4":"has-post-thumbnail","6":"product_cat-btt-pt-2","7":"product_cat-ciclismo","9":"first","10":"instock","11":"shipping-taxable","12":"purchasable","13":"product-type-variable"},"acf":{"event_short_description":"<p>O 12\u00ba Passeio BTT &#8220;Trilhos Saloios&#8221; \u00e9 um evento de bicicleta de montanha n\u00e3o competitivo que se realiza a 7 de junho de 2026, em Manjoeira, Loures, Lisboa. O evento apresenta um percurso \u00fanico de aproximadamente 30 km por caminhos rurais e trilhos da regi\u00e3o e \u00e1reas adjacentes.<\/p>\n<p>Aberto a todos os participantes com 16 anos ou mais, sem limita\u00e7\u00f5es f\u00edsicas impeditivas \u00e0 pr\u00e1tica desportiva. Menores de 18 anos devem apresentar autoriza\u00e7\u00e3o escrita dos pais ou encarregados de educa\u00e7\u00e3o. O evento \u00e9 organizado pela Sociedade Recreativa da Manjoeira e pelo grupo Manjoeira Bikers, com o objetivo de promover o envolvimento local e a gastronomia.<\/p>\n<p>A atmosfera \u00e9 amadora e recreativa, focada na participa\u00e7\u00e3o comunit\u00e1ria em vez de competi\u00e7\u00e3o. Os participantes devem usar capacete e seguir as regras de seguran\u00e7a e ambientais durante o percurso.<\/p>\n","organizer_description":"<p><strong><a class=\"\" href=\"https:\/\/assets.apedalar.pt\/media\/8600\/696e55b5a46ec_Regulamento.pdf\" target=\"_new\" rel=\"noopener\">Regulamento \u2197<\/a><\/strong><\/p>\n<p><strong>Locais de partida\/chegada:<\/strong> Sociedade Recreativa da Manjoeira, Manjoeira, Loures<\/p>\n<p><strong>Prazo de inscri\u00e7\u00e3o:<\/strong> 4 de junho de 2025 \u00e0s 23:59 ou at\u00e9 serem confirmadas 250 inscri\u00e7\u00f5es<\/p>\n<p><strong>Limite de participantes:<\/strong> 250<\/p>\n<p><strong>Tipos de piso:<\/strong> Caminhos rurais e trilhos<\/p>\n<p><strong>Formato do percurso:<\/strong> Percurso \u00fanico com aproximadamente 30 km<\/p>\n<p><strong>M\u00e9todo de cronometragem:<\/strong> Sem controlo de tempos para os participantes<\/p>\n<p><strong>WC e localiza\u00e7\u00e3o dos abastecimentos:<\/strong> Banhos dispon\u00edveis na Sociedade Recreativa da Manjoeira<\/p>\n<p><strong>Pr\u00e9mios:<\/strong> Trof\u00e9u para a equipa com maior n\u00famero de participantes inscritos com o mesmo nome de equipa<\/p>\n<p><strong>Levantamento de dorsais (data\/hora e local):<\/strong> 6 de junho de 2026, 14:00\u201320:00 e 7 de junho de 2026, 7:30\u20138:30 na Sociedade Recreativa da Manjoeira<\/p>\n","race_benefits":"<p>\ud83c\udfbd Kit do atleta: inclui dorsal e brindes do evento<br \/>\n\ud83e\udd64 Abastecimentos: disponibiliza\u00e7\u00e3o durante a prova<br \/>\n\ud83d\udee1\ufe0f Seguro: seguro de acidentes pessoais inclu\u00eddo<br \/>\n\ud83d\udebf Duches dispon\u00edveis na Sociedade Recreativa da Manjoeira<br \/>\n\ud83c\udfc6 Trof\u00e9u para a equipa com maior n\u00famero de participantes<\/p>\n","event_date_start":"20260607","event_date_end":"20260607","event_start_time":"","event_country":"portugal","event_ticket_url":"https:\/\/apedalar.pt\/eventos\/4157\/info","event_latitude":"38.864","event_longitude":"-9.1615","event_rating":"","is_hot_event":false,"event_participants_count":"0","organizer_avatar":false,"event_gallery":false,"event_location_text":"Manjoeira, Loures, Lisboa","organizer_website":{"title":"","url":"","target":"","0":""}},"_links":{"self":[{"href":"https:\/\/racefinder.pt\/pt\/wp-json\/wp\/v2\/product\/29742","targetHints":{"allow":["GET"]}}],"collection":[{"href":"https:\/\/racefinder.pt\/pt\/wp-json\/wp\/v2\/product"}],"about":[{"href":"https:\/\/racefinder.pt\/pt\/wp-json\/wp\/v2\/types\/product"}],"replies":[{"embeddable":true,"href":"https:\/\/racefinder.pt\/pt\/wp-json\/wp\/v2\/comments?post=29742"}],"version-history":[{"count":1,"href":"https:\/\/racefinder.pt\/pt\/wp-json\/wp\/v2\/product\/29742\/revisions"}],"predecessor-version":[{"id":29743,"href":"https:\/\/racefinder.pt\/pt\/wp-json\/wp\/v2\/product\/29742\/revisions\/29743"}],"wp:featuredmedia":[{"embeddable":true,"href":"https:\/\/racefinder.pt\/pt\/wp-json\/wp\/v2\/media\/30517"}],"wp:attachment":[{"href":"https:\/\/racefinder.pt\/pt\/wp-json\/wp\/v2\/media?parent=29742"}],"wp:term":[{"taxonomy":"product_brand","embeddable":true,"href":"https:\/\/racefinder.pt\/pt\/wp-json\/wp\/v2\/product_brand?post=29742"},{"taxonomy":"product_cat","embeddable":true,"href":"https:\/\/racefinder.pt\/pt\/wp-json\/wp\/v2\/product_cat?post=29742"},{"taxonomy":"product_tag","embeddable":true,"href":"https:\/\/racefinder.pt\/pt\/wp-json\/wp\/v2\/product_tag?post=29742"}],"curies":[{"name":"wp","href":"https:\/\/api.w.org\/{rel}","templated":true}]}}