{"id":29616,"date":"2026-01-29T23:02:07","date_gmt":"2026-01-29T23:02:07","guid":{"rendered":"https:\/\/racefinder.pt\/?post_type=product&#038;p=29616"},"modified":"2026-01-30T14:12:15","modified_gmt":"2026-01-30T14:12:15","slug":"2h-resistencia-duraiza","status":"publish","type":"product","link":"https:\/\/racefinder.pt\/pt\/event\/2h-resistencia-duraiza\/","title":{"rendered":"2H Resist\u00eancia Duraiza"},"content":{"rendered":"","protected":false},"excerpt":{"rendered":"","protected":false},"featured_media":29567,"comment_status":"open","ping_status":"closed","template":"","meta":{"_acf_changed":false,"footnotes":""},"product_brand":[],"product_cat":[193,130],"product_tag":[],"class_list":{"0":"post-29616","1":"product","2":"type-product","3":"status-publish","4":"has-post-thumbnail","6":"product_cat-btt-pt-2","7":"product_cat-ciclismo","9":"first","10":"instock","11":"shipping-taxable","12":"purchasable","13":"product-type-variable"},"acf":{"event_short_description":"<p>A 2h Resist\u00eancia Duraiza \u00e9 uma prova de resist\u00eancia de BTT (Cross-Country Resist\u00eancia \u2013 XCR) que se realiza a 22 de mar\u00e7o de 2026, no Almograve, Beja. A prova tem a dura\u00e7\u00e3o de 2 horas consecutivas num circuito fechado e sinalizado.<\/p>\n<p>Aberta a atletas federados e n\u00e3o federados com idade m\u00ednima de 16 anos (com autoriza\u00e7\u00e3o para menores), inclui categorias individuais e por duplas para homens e mulheres em v\u00e1rios escal\u00f5es et\u00e1rios. O percurso \u00e9 maioritariamente em trilhos e caminhos florestais, valorizando a pr\u00e1tica do ciclismo todo-o-terreno.<\/p>\n<p>O evento promove o desporto, o conv\u00edvio e a pr\u00e1tica do BTT, com trof\u00e9us para os primeiros classificados de cada categoria.<\/p>\n","organizer_description":"<p><strong><a class=\"\" href=\"https:\/\/assets.apedalar.pt\/media\/8632\/69725166c39cd_Regulamento.pdf\" target=\"_new\" rel=\"noopener\">Regulamento \u2197<\/a><\/strong><\/p>\n<p><strong>Locais de partida\/chegada:<\/strong> Almograve, Beja<\/p>\n<p><strong>Hor\u00e1rios de partida por categoria\/dist\u00e2ncia:<\/strong> 09:30 no dia 22 de mar\u00e7o de 2026<\/p>\n<p><strong>Levantamento de dorsais (data\/hora e local):<\/strong> No dia da prova das 08:00 \u00e0s 09:00<\/p>\n<p><strong>Prazo de inscri\u00e7\u00e3o:<\/strong> 17 de mar\u00e7o de 2026 \u00e0s 23:59<\/p>\n<p><strong>Tipos de piso:<\/strong> Maioritariamente trilhos e caminhos florestais<\/p>\n<p><strong>Formato do percurso:<\/strong> Circuito fechado, sentido obrigat\u00f3rio, dura\u00e7\u00e3o de 2 horas<\/p>\n<p><strong>Percursos da prova:<\/strong> Circuito fechado e sinalizado, maioritariamente em trilhos e caminhos florestais<\/p>\n<p><strong>M\u00e9todo de cronometragem:<\/strong> Classifica\u00e7\u00e3o pelo maior n\u00famero de voltas conclu\u00eddas em 2 horas<\/p>\n<p><strong>WC e localiza\u00e7\u00e3o dos abastecimentos:<\/strong> Zona de abastecimento\/assist\u00eancia t\u00e9cnica em local definido pela organiza\u00e7\u00e3o<\/p>\n<p><strong>Pr\u00e9mios:<\/strong> Trof\u00e9us ou pr\u00e9mios para os primeiros classificados de cada categoria<\/p>\n","race_benefits":"<p>\ud83e\udd64 Abastecimentos: durante a prova<br \/>\n\ud83c\udfbd Kit do atleta: dorsal<br \/>\n\ud83c\udfc5 Pr\u00e9mio de finalista: pequena refei\u00e7\u00e3o composta por uma bifana e uma bebida<\/p>\n","event_date_start":"20260322","event_date_end":"20260322","event_start_time":"","event_country":"portugal","event_ticket_url":"https:\/\/apedalar.pt\/eventos\/4170\/info","event_latitude":"37.6529","event_longitude":"-8.7927","event_rating":"","is_hot_event":false,"event_participants_count":"0","organizer_avatar":false,"event_gallery":false,"event_location_text":"Almograve","organizer_website":{"title":"","url":"","target":"","0":""}},"_links":{"self":[{"href":"https:\/\/racefinder.pt\/pt\/wp-json\/wp\/v2\/product\/29616","targetHints":{"allow":["GET"]}}],"collection":[{"href":"https:\/\/racefinder.pt\/pt\/wp-json\/wp\/v2\/product"}],"about":[{"href":"https:\/\/racefinder.pt\/pt\/wp-json\/wp\/v2\/types\/product"}],"replies":[{"embeddable":true,"href":"https:\/\/racefinder.pt\/pt\/wp-json\/wp\/v2\/comments?post=29616"}],"version-history":[{"count":1,"href":"https:\/\/racefinder.pt\/pt\/wp-json\/wp\/v2\/product\/29616\/revisions"}],"predecessor-version":[{"id":29617,"href":"https:\/\/racefinder.pt\/pt\/wp-json\/wp\/v2\/product\/29616\/revisions\/29617"}],"wp:featuredmedia":[{"embeddable":true,"href":"https:\/\/racefinder.pt\/pt\/wp-json\/wp\/v2\/media\/29567"}],"wp:attachment":[{"href":"https:\/\/racefinder.pt\/pt\/wp-json\/wp\/v2\/media?parent=29616"}],"wp:term":[{"taxonomy":"product_brand","embeddable":true,"href":"https:\/\/racefinder.pt\/pt\/wp-json\/wp\/v2\/product_brand?post=29616"},{"taxonomy":"product_cat","embeddable":true,"href":"https:\/\/racefinder.pt\/pt\/wp-json\/wp\/v2\/product_cat?post=29616"},{"taxonomy":"product_tag","embeddable":true,"href":"https:\/\/racefinder.pt\/pt\/wp-json\/wp\/v2\/product_tag?post=29616"}],"curies":[{"name":"wp","href":"https:\/\/api.w.org\/{rel}","templated":true}]}}