{"id":29263,"date":"2026-01-27T23:03:28","date_gmt":"2026-01-27T23:03:28","guid":{"rendered":"https:\/\/racefinder.pt\/?post_type=product&#038;p=29263"},"modified":"2026-01-28T10:51:32","modified_gmt":"2026-01-28T10:51:32","slug":"passeio-btt-associacao-os-teimosos-de-barbeita","status":"publish","type":"product","link":"https:\/\/racefinder.pt\/pt\/event\/passeio-btt-associacao-os-teimosos-de-barbeita\/","title":{"rendered":"Passeio BTT &#8211; Associa\u00e7\u00e3o &#8220;Os Teimosos de Barbeita&#8221;"},"content":{"rendered":"","protected":false},"excerpt":{"rendered":"","protected":false},"featured_media":29335,"comment_status":"open","ping_status":"closed","template":"","meta":{"_acf_changed":false,"footnotes":""},"product_brand":[],"product_cat":[193,130],"product_tag":[],"class_list":{"0":"post-29263","1":"product","2":"type-product","3":"status-publish","4":"has-post-thumbnail","6":"product_cat-btt-pt-2","7":"product_cat-ciclismo","9":"first","10":"instock","11":"shipping-taxable","12":"purchasable","13":"product-type-variable"},"acf":{"event_short_description":"<p>O Passeio de BTT organizado pela Associa\u00e7\u00e3o Os Teimosos de Barbeita realiza-se a 1 de mar\u00e7o de 2026, em Barbeita, Viseu. A partida est\u00e1 marcada para as 09h00 no Recinto das Festas de Barbeita.<\/p>\n<p>O evento apresenta um percurso de 30 km e est\u00e1 aberto a todos os participantes que efetuem inscri\u00e7\u00e3o pr\u00e9via. A inscri\u00e7\u00e3o inclui seguro, refor\u00e7o alimentar e acesso a banhos. \u00c9 obrigat\u00f3rio o uso de capacete e o cumprimento das normas de seguran\u00e7a e do C\u00f3digo da Estrada.<\/p>\n","organizer_description":"<p><strong><a class=\"\" href=\"https:\/\/assets.apedalar.pt\/media\/8663\/6978ce21de0ce_Regulamento.pdf\" target=\"_new\" rel=\"noopener\">Regulamento \u2197<\/a><\/strong><\/p>\n<p><strong>Locais de partida\/chegada:<\/strong> Recinto das Festas de Barbeita<\/p>\n<p><strong>Hor\u00e1rios de partida por categoria\/dist\u00e2ncia:<\/strong> 09:00<\/p>\n<p><strong>Levantamento de dorsais (data\/hora e local):<\/strong><br \/>\n\u2022 28 de fevereiro de 2026, a partir das 16:00<br \/>\n\u2022 1 de mar\u00e7o de 2026, a partir das 08:00<\/p>\n<p><strong>Prazo de inscri\u00e7\u00e3o:<\/strong> 24 de fevereiro de 2026 \u00e0s 23:59<\/p>\n<p><strong>Tipos de piso:<\/strong> Percurso de BTT<\/p>\n<p><strong>Formato do percurso:<\/strong> Passeio de BTT com 30 km<\/p>\n<p><strong>WC e localiza\u00e7\u00e3o dos abastecimentos:<\/strong> Acesso a banhos inclu\u00eddo<\/p>\n","race_benefits":"<p>\ud83d\udee1\ufe0f Seguro: inclu\u00eddo na inscri\u00e7\u00e3o durante o per\u00edodo do evento<br \/>\n\ud83e\udd64 Abastecimentos: refor\u00e7o alimentar fornecido<br \/>\n\ud83d\udebf Duches, vesti\u00e1rios e zona de recupera\u00e7\u00e3o: acesso inclu\u00eddo<\/p>\n","event_date_start":"20260301","event_date_end":"20260301","event_start_time":"","event_country":"portugal","event_ticket_url":"https:\/\/apedalar.pt\/eventos\/4187\/info","event_latitude":"40.6491","event_longitude":"-7.8553","event_rating":"","is_hot_event":false,"event_participants_count":"0","organizer_avatar":false,"event_gallery":false,"event_location_text":"Barbeita","organizer_website":{"title":"","url":"","target":"","0":""}},"_links":{"self":[{"href":"https:\/\/racefinder.pt\/pt\/wp-json\/wp\/v2\/product\/29263","targetHints":{"allow":["GET"]}}],"collection":[{"href":"https:\/\/racefinder.pt\/pt\/wp-json\/wp\/v2\/product"}],"about":[{"href":"https:\/\/racefinder.pt\/pt\/wp-json\/wp\/v2\/types\/product"}],"replies":[{"embeddable":true,"href":"https:\/\/racefinder.pt\/pt\/wp-json\/wp\/v2\/comments?post=29263"}],"version-history":[{"count":1,"href":"https:\/\/racefinder.pt\/pt\/wp-json\/wp\/v2\/product\/29263\/revisions"}],"predecessor-version":[{"id":29264,"href":"https:\/\/racefinder.pt\/pt\/wp-json\/wp\/v2\/product\/29263\/revisions\/29264"}],"wp:featuredmedia":[{"embeddable":true,"href":"https:\/\/racefinder.pt\/pt\/wp-json\/wp\/v2\/media\/29335"}],"wp:attachment":[{"href":"https:\/\/racefinder.pt\/pt\/wp-json\/wp\/v2\/media?parent=29263"}],"wp:term":[{"taxonomy":"product_brand","embeddable":true,"href":"https:\/\/racefinder.pt\/pt\/wp-json\/wp\/v2\/product_brand?post=29263"},{"taxonomy":"product_cat","embeddable":true,"href":"https:\/\/racefinder.pt\/pt\/wp-json\/wp\/v2\/product_cat?post=29263"},{"taxonomy":"product_tag","embeddable":true,"href":"https:\/\/racefinder.pt\/pt\/wp-json\/wp\/v2\/product_tag?post=29263"}],"curies":[{"name":"wp","href":"https:\/\/api.w.org\/{rel}","templated":true}]}}