{"id":28255,"date":"2026-01-22T23:06:52","date_gmt":"2026-01-22T23:06:52","guid":{"rendered":"https:\/\/www.racefinder.pt\/?post_type=product&#038;p=28255"},"modified":"2026-03-17T15:24:33","modified_gmt":"2026-03-17T15:24:33","slug":"9o-duatlo-de-viana-do-castelo","status":"publish","type":"product","link":"https:\/\/racefinder.pt\/pt\/event\/9o-duatlo-de-viana-do-castelo\/","title":{"rendered":"9\u00ba DUATLO DE VIANA DO CASTELO"},"content":{"rendered":"","protected":false},"excerpt":{"rendered":"","protected":false},"featured_media":28826,"comment_status":"open","ping_status":"closed","template":"","meta":{"_acf_changed":false,"footnotes":""},"product_brand":[],"product_cat":[141,239],"product_tag":[],"class_list":{"0":"post-28255","1":"product","2":"type-product","3":"status-publish","4":"has-post-thumbnail","6":"product_cat-duatlo","7":"product_cat-duatlo-2","9":"first","10":"instock","11":"shipping-taxable","12":"purchasable","13":"product-type-variable"},"acf":{"event_short_description":"<p>O 9\u00ba Duatlo de Viana do Castelo \u00e9 um evento de duatlo sprint marcado para 29 de mar\u00e7o de 2026, em Viana do Castelo, Portugal. Inclui categorias individuais e por duplas, masculinas, femininas e mistas.<\/p>\n<p>Esta prova integra o DESAFIO TRIATLO NORTE, atraindo participantes de v\u00e1rias idades, desde jovens a veteranos, incluindo paratletas. Oferece categorias competitivas por escal\u00f5es et\u00e1rios dos 2 aos 99 anos.<\/p>\n","organizer_description":"<p><strong>Locais de partida\/chegada:<\/strong> Latitude: 41.690712 Longitude: -8.827941<\/p>\n<p><strong>Hor\u00e1rios de partida por categoria\/dist\u00e2ncia:<\/strong><br \/>\n\u2022 Solos: 29 Mar 2026, 10:00<br \/>\n\u2022 Duplas Masc: 29 Mar 2026, 10:00<br \/>\n\u2022 Duplas Fem: 29 Mar 2026, 10:00<br \/>\n\u2022 Duplas Mistas: 29 Mar 2026, 10:00<\/p>\n<p><strong>Prazo de inscri\u00e7\u00e3o:<\/strong> 22 de mar\u00e7o de 2026 \u00e0s 23:59<\/p>\n<p><strong>Escal\u00f5es\/categorias:<\/strong><br \/>\n\u2022 Paratleta (2-15 anos)<br \/>\n\u2022 16-17 Masc<br \/>\n\u2022 16-17 Fem<br \/>\n\u2022 18-19 Masc<br \/>\n\u2022 18-19 Fem<br \/>\n\u2022 20-24 Masc<br \/>\n\u2022 20-24 Fem<br \/>\n\u2022 25-29 Masc<br \/>\n\u2022 25-29 Fem<br \/>\n\u2022 30-34 Masc<br \/>\n\u2022 30-34 Fem<br \/>\n\u2022 35-39 Masc<br \/>\n\u2022 35-39 Fem<br \/>\n\u2022 40-44 Masc<br \/>\n\u2022 40-44 Fem<br \/>\n\u2022 45-49 Masc<br \/>\n\u2022 45-49 Fem<br \/>\n\u2022 50-54 Masc<br \/>\n\u2022 50-54 Fem<br \/>\n\u2022 55-59 Masc<br \/>\n\u2022 55-59 Fem<br \/>\n\u2022 60-64 Masc<br \/>\n\u2022 60-64 Fem<br \/>\n\u2022 65-69 Masc<br \/>\n\u2022 65-69 Fem<br \/>\n\u2022 70-99 Masc<br \/>\n\u2022 70-99 Fem<br \/>\n\u2022 Duplas Masc (16-90 anos)<br \/>\n\u2022 Duplas Fem (16-90 anos)<br \/>\n\u2022 Duplas Mistas (16-90 anos)<\/p>\n","race_benefits":"","event_date_start":"20260329","event_date_end":"20260329","event_start_time":"","event_country":"portugal","event_ticket_url":"https:\/\/www.sinctime.com\/evento\/437","event_latitude":"41.6948","event_longitude":"-8.831","event_rating":"","is_hot_event":false,"event_participants_count":"0","organizer_avatar":false,"event_gallery":false,"event_location_text":"Viana do Castelo","purchasing_all_variations_through_woocommerce":false,"organizer_website":{"title":"","url":"","target":"","0":""}},"_links":{"self":[{"href":"https:\/\/racefinder.pt\/pt\/wp-json\/wp\/v2\/product\/28255","targetHints":{"allow":["GET"]}}],"collection":[{"href":"https:\/\/racefinder.pt\/pt\/wp-json\/wp\/v2\/product"}],"about":[{"href":"https:\/\/racefinder.pt\/pt\/wp-json\/wp\/v2\/types\/product"}],"replies":[{"embeddable":true,"href":"https:\/\/racefinder.pt\/pt\/wp-json\/wp\/v2\/comments?post=28255"}],"version-history":[{"count":1,"href":"https:\/\/racefinder.pt\/pt\/wp-json\/wp\/v2\/product\/28255\/revisions"}],"predecessor-version":[{"id":37989,"href":"https:\/\/racefinder.pt\/pt\/wp-json\/wp\/v2\/product\/28255\/revisions\/37989"}],"wp:featuredmedia":[{"embeddable":true,"href":"https:\/\/racefinder.pt\/pt\/wp-json\/wp\/v2\/media\/28826"}],"wp:attachment":[{"href":"https:\/\/racefinder.pt\/pt\/wp-json\/wp\/v2\/media?parent=28255"}],"wp:term":[{"taxonomy":"product_brand","embeddable":true,"href":"https:\/\/racefinder.pt\/pt\/wp-json\/wp\/v2\/product_brand?post=28255"},{"taxonomy":"product_cat","embeddable":true,"href":"https:\/\/racefinder.pt\/pt\/wp-json\/wp\/v2\/product_cat?post=28255"},{"taxonomy":"product_tag","embeddable":true,"href":"https:\/\/racefinder.pt\/pt\/wp-json\/wp\/v2\/product_tag?post=28255"}],"curies":[{"name":"wp","href":"https:\/\/api.w.org\/{rel}","templated":true}]}}