{"id":28230,"date":"2026-01-22T23:02:47","date_gmt":"2026-01-22T23:02:47","guid":{"rendered":"https:\/\/www.racefinder.pt\/?post_type=product&#038;p=28230"},"modified":"2026-01-26T13:22:51","modified_gmt":"2026-01-26T13:22:51","slug":"galos-coura-mtb","status":"publish","type":"product","link":"https:\/\/racefinder.pt\/pt\/event\/galos-coura-mtb\/","title":{"rendered":"Galo\u00b4s Coura MTB"},"content":{"rendered":"","protected":false},"excerpt":{"rendered":"","protected":false},"featured_media":28814,"comment_status":"open","ping_status":"closed","template":"","meta":{"_acf_changed":false,"footnotes":""},"product_brand":[],"product_cat":[193,130],"product_tag":[],"class_list":{"0":"post-28230","1":"product","2":"type-product","3":"status-publish","4":"has-post-thumbnail","6":"product_cat-btt-pt-2","7":"product_cat-ciclismo","9":"first","10":"instock","11":"shipping-taxable","12":"product-type-variable"},"acf":{"event_short_description":"<p>A Galo&#8217;s Coura MTB \u00e9 uma prova de mountain bike marcada para 23 de maio de 2026. O evento oferece competi\u00e7\u00f5es de mountain bike com guid\u00e3o fixo.<\/p>\n<p>As inscri\u00e7\u00f5es abrem em 18 de janeiro de 2026 e encerram no dia do evento, 23 de maio de 2026. As coordenadas do local da prova s\u00e3o latitude 0 e longitude 0.<\/p>\n","organizer_description":"","race_benefits":"","event_date_start":"20260523","event_date_end":"20260523","event_start_time":"","event_country":"portugal","event_ticket_url":"https:\/\/www.sinctime.com\/evento\/446","event_latitude":"41.5314","event_longitude":"-8.6192","event_rating":"","is_hot_event":false,"event_participants_count":"0","organizer_avatar":false,"event_gallery":false,"organizer_website":{"title":"","url":"","target":"","0":""},"event_location_text":"Barcelos"},"_links":{"self":[{"href":"https:\/\/racefinder.pt\/pt\/wp-json\/wp\/v2\/product\/28230","targetHints":{"allow":["GET"]}}],"collection":[{"href":"https:\/\/racefinder.pt\/pt\/wp-json\/wp\/v2\/product"}],"about":[{"href":"https:\/\/racefinder.pt\/pt\/wp-json\/wp\/v2\/types\/product"}],"replies":[{"embeddable":true,"href":"https:\/\/racefinder.pt\/pt\/wp-json\/wp\/v2\/comments?post=28230"}],"version-history":[{"count":0,"href":"https:\/\/racefinder.pt\/pt\/wp-json\/wp\/v2\/product\/28230\/revisions"}],"wp:featuredmedia":[{"embeddable":true,"href":"https:\/\/racefinder.pt\/pt\/wp-json\/wp\/v2\/media\/28814"}],"wp:attachment":[{"href":"https:\/\/racefinder.pt\/pt\/wp-json\/wp\/v2\/media?parent=28230"}],"wp:term":[{"taxonomy":"product_brand","embeddable":true,"href":"https:\/\/racefinder.pt\/pt\/wp-json\/wp\/v2\/product_brand?post=28230"},{"taxonomy":"product_cat","embeddable":true,"href":"https:\/\/racefinder.pt\/pt\/wp-json\/wp\/v2\/product_cat?post=28230"},{"taxonomy":"product_tag","embeddable":true,"href":"https:\/\/racefinder.pt\/pt\/wp-json\/wp\/v2\/product_tag?post=28230"}],"curies":[{"name":"wp","href":"https:\/\/api.w.org\/{rel}","templated":true}]}}