{"id":28212,"date":"2026-01-22T23:00:32","date_gmt":"2026-01-22T23:00:32","guid":{"rendered":"https:\/\/www.racefinder.pt\/?post_type=product&#038;p=28212"},"modified":"2026-01-26T12:48:15","modified_gmt":"2026-01-26T12:48:15","slug":"ledechem-btt-trilho-dos-moinhos","status":"publish","type":"product","link":"https:\/\/racefinder.pt\/pt\/event\/ledechem-btt-trilho-dos-moinhos\/","title":{"rendered":"Ledechem BTT Trilho dos Moinhos"},"content":{"rendered":"","protected":false},"excerpt":{"rendered":"","protected":false},"featured_media":28804,"comment_status":"open","ping_status":"closed","template":"","meta":{"_acf_changed":false,"footnotes":""},"product_brand":[],"product_cat":[193,130],"product_tag":[],"class_list":{"0":"post-28212","1":"product","2":"type-product","3":"status-publish","4":"has-post-thumbnail","6":"product_cat-btt-pt-2","7":"product_cat-ciclismo","9":"first","10":"instock","11":"shipping-taxable","12":"product-type-variable"},"acf":{"event_short_description":"<p>A 19\u00aa edi\u00e7\u00e3o do Ledechem BTT Trilho dos Moinhos realiza-se a 22 de fevereiro de 2026. Este evento de BTT \u00e9 um passeio descontra\u00eddo, focado na amizade, explora\u00e7\u00e3o e no prazer de estar na natureza.<\/p>\n<p>Realizado em Barcelos, oferece aos participantes a oportunidade de come\u00e7ar o ano a pedalar por paisagens naturais generosas, num ambiente alegre e sem press\u00e3o competitiva.<\/p>\n","organizer_description":"<p><strong>Locais de partida\/chegada:<\/strong> Barcelos<\/p>\n<p><strong>Percursos da prova:<\/strong> Trilhos por paisagens naturais em Barcelos<\/p>\n","race_benefits":"","event_date_start":"20260222","event_date_end":"20260222","event_start_time":"","event_country":"portugal","event_ticket_url":"https:\/\/www.sinctime.com\/evento\/440","event_latitude":"41.5314","event_longitude":"-8.6192","event_rating":"","is_hot_event":false,"event_participants_count":"0","organizer_avatar":false,"event_gallery":false,"event_location_text":"Barcelos","organizer_website":{"title":"","url":"","target":"","0":""}},"_links":{"self":[{"href":"https:\/\/racefinder.pt\/pt\/wp-json\/wp\/v2\/product\/28212","targetHints":{"allow":["GET"]}}],"collection":[{"href":"https:\/\/racefinder.pt\/pt\/wp-json\/wp\/v2\/product"}],"about":[{"href":"https:\/\/racefinder.pt\/pt\/wp-json\/wp\/v2\/types\/product"}],"replies":[{"embeddable":true,"href":"https:\/\/racefinder.pt\/pt\/wp-json\/wp\/v2\/comments?post=28212"}],"version-history":[{"count":0,"href":"https:\/\/racefinder.pt\/pt\/wp-json\/wp\/v2\/product\/28212\/revisions"}],"wp:featuredmedia":[{"embeddable":true,"href":"https:\/\/racefinder.pt\/pt\/wp-json\/wp\/v2\/media\/28804"}],"wp:attachment":[{"href":"https:\/\/racefinder.pt\/pt\/wp-json\/wp\/v2\/media?parent=28212"}],"wp:term":[{"taxonomy":"product_brand","embeddable":true,"href":"https:\/\/racefinder.pt\/pt\/wp-json\/wp\/v2\/product_brand?post=28212"},{"taxonomy":"product_cat","embeddable":true,"href":"https:\/\/racefinder.pt\/pt\/wp-json\/wp\/v2\/product_cat?post=28212"},{"taxonomy":"product_tag","embeddable":true,"href":"https:\/\/racefinder.pt\/pt\/wp-json\/wp\/v2\/product_tag?post=28212"}],"curies":[{"name":"wp","href":"https:\/\/api.w.org\/{rel}","templated":true}]}}